{"id":9547,"date":"2022-03-10T06:43:26","date_gmt":"2022-03-10T06:43:26","guid":{"rendered":"https:\/\/web.tallerandaluzdecocina.com\/espanol\/?post_type=product&#038;p=9547"},"modified":"2025-12-22T22:05:41","modified_gmt":"2025-12-22T22:05:41","slug":"bono-regalo-aprende-a-cocinar","status":"publish","type":"product","link":"https:\/\/tallerandaluzdecocina.com\/espanol\/producto\/bono-regalo-aprende-a-cocinar\/","title":{"rendered":"Bono regalo curso Aprende a Cocinar en 7 Sesiones"},"content":{"rendered":"<p><strong>Ubicaci\u00f3n y Datos:<\/strong><\/p>\n<p>Taller Andaluz de Cocina (TAC) dispone de 4 cocinas completamente equipadas y repartidas en 3 localizaciones diferentes, todas ellas ubicadas en el barrio de Triana y a poca distancia una de otra. 48 horas antes del taller os enviaremos un correo electr\u00f3nico con la localizaci\u00f3n de la cocina donde haremos el taller.<\/p>\n<p>COCINAS MERCADO DE TRIANA: Mercado de Triana. Puestos 75-79. Plaza del Altozano s\/n. 41010. Sevilla.<\/p>\n<p>COCINA CHAPINA: Plaza de Chapina s\/n. (Acceso por Gracia de Triana). 41010. Sevilla.<\/p>\n<p>COCINA CASTILLA: C\/ Castilla 101. Bajo Derecha. 41010. Sevilla.<\/p>\n<p>Tel: 672 16 26 21<br \/>\nMail: info@tallerandaluzdecocina.com<\/p>\n<p><strong>\u00bfC\u00f3mo funciona el Curso Aprende a Cocinar en 7 Sesiones?<\/strong><\/p>\n<p>Una vez hayas formalizado la reserva, podr\u00e1s hacer cualquier modificaci\u00f3n o cancelarla con al menos 7 d\u00edas de antelaci\u00f3n al inicio de la primera clase del curso. Con posterioridad se perder\u00eda la validez del bono regalo.<\/p>\n<p>Recuerda que debes avisarnos con antelaci\u00f3n si alguna de las personas que realiza el taller tiene alguna alergia o restricci\u00f3n alimentaria.<\/p>\n<p>Los talleres pueden ser cancelados si no se llega a un n\u00famero m\u00ednimo de participantes. Te avisar\u00edamos con m\u00e1s de 7 d\u00edas de antelaci\u00f3n.<\/p>\n<p>Cuando acudas al taller de cocina en la fecha y hora del taller seleccionado, encontrar\u00e1s a nuestro personal esper\u00e1ndote con todo preparado para comenzar. No has de llevar nada (salvo en algunos talleres en concreto que te pediremos expresamente que traigas un tupper para que te puedas llevar a casa algunas de las preparaciones), y tendr\u00e1s un puesto de cocina esper\u00e1ndote con un delantal, tabla de corte, cuchillo\/s y\/o cualquier utensilio necesario para cocinar las recetas del taller seleccionado. Adem\u00e1s, todos los ingredientes para la clase estar\u00e1n dispuestos en la encimera, y nuestro personal comenzar\u00e1 la clase explicando qu\u00e9 se va a cocinar, la din\u00e1mica de la clase y cualquier otra informaci\u00f3n necesaria.<\/p>\n<p>&nbsp;<\/p>\n<p><strong>Talleres pr\u00e1cticos, participativos y adaptados a todos los niveles<\/strong><\/p>\n<p>Los Talleres presenciales en Taller Andaluz de Cocina (TAC) son pr\u00e1cticos, participativos y adaptados a todos los niveles.<\/p>\n<p>&nbsp;<\/p>\n<p><strong>Env\u00edo de Material did\u00e1ctico en formato PDF<\/strong><\/p>\n<p>Proporcionaremos material did\u00e1ctico de cada sesi\u00f3n en formato PDF\u00a0 a todos los alumnos, que les servir\u00e1 de gu\u00eda para cualquier tipo de consulta una vez finalizado el curso.<\/p>\n<p>&nbsp;<\/p>\n<p><strong>\u00bfTienes dudas?<\/strong><\/p>\n<p>Si tienes alguna duda puedes contactar directamente con nosotros por tel\u00e9fono en el 672 16 26 21 o email en info@tallerandaluzdecocina.com.<\/p>\n","protected":false},"excerpt":{"rendered":"<p><span style=\"font-weight: 400;\">\u00bfHas pensado en ser original y regalar un Curso de Cocina Presencial? Regala un Bono Regalo de nuestro curso Aprende a Cocinar en 7 sesiones.\u00a0<\/span><\/p>\n<p>&nbsp;<\/p>\n<p><span style=\"font-weight: 400;\">Este es un curso pr\u00e1ctico-te\u00f3rico en el que a lo largo de sus siete semanas de duraci\u00f3n ense\u00f1aremos todas las t\u00e9cnicas, trucos y recetas de lo que hemos cre\u00eddo imprescindible en cada cocina: carnes, pescados, verduras, legumbres, arroces, pastas y masas.<\/span><\/p>\n<p>&nbsp;<\/p>\n<p><span style=\"font-weight: 400;\">El Taller proporcionar\u00e1 todos los ingredientes y utensilios necesarios para el funcionamiento del curso. Tambi\u00e9n proporcionaremos material did\u00e1ctico de cada sesi\u00f3n a todos los alumnos, que les servir\u00e1 de gu\u00eda para cualquier tipo de consulta una vez finalizado el curso.\u00a0<\/span><\/p>\n<p>&nbsp;<\/p>\n<p><span style=\"font-weight: 400;\">El curso se divide en 7 sesiones*:<\/span><\/p>\n<p><span style=\"font-weight: 400;\">SESI\u00d3N 1: CARNES. Cortes, puntos de cocci\u00f3n, recetas recomendadas.<\/span><\/p>\n<p><span style=\"font-weight: 400;\">SESI\u00d3N 2: PESCADOS. Tipos, limpieza y preparaci\u00f3n con recetas b\u00e1sicas.<\/span><\/p>\n<p><span style=\"font-weight: 400;\">SESI\u00d3N 3: VERDURA. Verdura de temporada, corte, preparaci\u00f3n de verduras encurtidas. Recetas.<\/span><\/p>\n<p><span style=\"font-weight: 400;\">SESI\u00d3N 4: LEGUMBRES Y GUISOS. Cocciones de garbanzos y jud\u00edas. Potajes y ollas tradicionales. Nuevos usos.<\/span><\/p>\n<p><span style=\"font-weight: 400;\">SESI\u00d3N 5: ARROCES. Tipos de arroz y sus usos. Fondos. Arroz caldoso, en paella y al horno.<\/span><\/p>\n<p><span style=\"font-weight: 400;\">SESI\u00d3N 6: PASTAS. Tipos de pasta fresca. Pasta al huevo y con s\u00e9mola de trigo duro. Pasta rellena. Salsas.<\/span><\/p>\n<p><span style=\"font-weight: 400;\">SESI\u00d3N 7: MASAS Tipos de harinas y sus usos. Diferentes masas fermentadas y no fermentadas. Tipos de fermentaciones. Masa madre. Masa de pan b\u00e1sica. Masa quebrada. Bizcocho cl\u00e1sico.<\/span><\/p>\n<p><span style=\"font-weight: 400;\">*El orden y el contenido de las sesiones es susceptible de ser modificado ligeramente.<\/span><\/p>\n<p>&nbsp;<\/p>\n<p><span style=\"font-weight: 400;\">El bono ser\u00e1 v\u00e1lido durante <\/span><b>dos a\u00f1os<\/b><span style=\"font-weight: 400;\"> para cualquiera de las ediciones que hagamos durante ese periodo.\u00a0<\/span><\/p>\n<p>&nbsp;<\/p>\n<p><strong>NO HACEMOS ENV\u00cdOS A DOMICILIO. <\/strong>El Bono en Formato F\u00edsico, con y sin mandil, deber\u00e1 recogerse en la escuela de cocina debiendo acordarse previamente la fecha y hora de recogida con nuestro personal.<\/p>\n<p>&nbsp;<\/p>\n<p>&nbsp;<\/p>\n","protected":false},"featured_media":9548,"template":"","meta":{"_monsterinsights_skip_tracking":false,"_monsterinsights_sitenote_active":false,"_monsterinsights_sitenote_note":"","_monsterinsights_sitenote_category":0},"product_brand":[],"product_cat":[109,37,15],"product_tag":[],"class_list":{"0":"post-9547","1":"product","2":"type-product","3":"status-publish","4":"has-post-thumbnail","6":"product_cat-bono","7":"product_cat-talleres-presenciales","8":"product_cat-sin-categorizar","9":"pa_tipo-bono-aprende-a-cocinar-formato-digital","10":"pa_tipo-bono-aprende-a-cocinar-formato-fisico","11":"pa_tipo-bono-aprende-a-cocinar-formato-fisico-con-mandil","14":"first","15":"instock","16":"shipping-taxable","17":"purchasable","18":"product-type-variable"},"yoast_head":"<!-- This site is optimized with the Yoast SEO plugin v26.8 - https:\/\/yoast.com\/product\/yoast-seo-wordpress\/ -->\n<title>Bono regalo curso Aprende a Cocinar en 7 Sesiones - Taller Andaluz de Cocina<\/title>\n<meta name=\"robots\" content=\"index, follow, max-snippet:-1, max-image-preview:large, max-video-preview:-1\" \/>\n<link rel=\"canonical\" href=\"https:\/\/tallerandaluzdecocina.com\/espanol\/producto\/bono-regalo-aprende-a-cocinar\/\" \/>\n<meta property=\"og:locale\" content=\"es_ES\" \/>\n<meta property=\"og:type\" content=\"article\" \/>\n<meta property=\"og:title\" content=\"Bono regalo curso Aprende a Cocinar en 7 Sesiones - Taller Andaluz de Cocina\" \/>\n<meta property=\"og:description\" content=\"\u00bfHas pensado en ser original y regalar un Curso de Cocina Presencial? Regala un Bono Regalo de nuestro curso Aprende a Cocinar en 7 sesiones.\u00a0  &nbsp;  Este es un curso pr\u00e1ctico-te\u00f3rico en el que a lo largo de sus siete semanas de duraci\u00f3n ense\u00f1aremos todas las t\u00e9cnicas, trucos y recetas de lo que hemos cre\u00eddo imprescindible en cada cocina: carnes, pescados, verduras, legumbres, arroces, pastas y masas.  &nbsp;  El Taller proporcionar\u00e1 todos los ingredientes y utensilios necesarios para el funcionamiento del curso. Tambi\u00e9n proporcionaremos material did\u00e1ctico de cada sesi\u00f3n a todos los alumnos, que les servir\u00e1 de gu\u00eda para cualquier tipo de consulta una vez finalizado el curso.\u00a0  &nbsp;  El curso se divide en 7 sesiones*:  SESI\u00d3N 1: CARNES. Cortes, puntos de cocci\u00f3n, recetas recomendadas.  SESI\u00d3N 2: PESCADOS. Tipos, limpieza y preparaci\u00f3n con recetas b\u00e1sicas.  SESI\u00d3N 3: VERDURA. Verdura de temporada, corte, preparaci\u00f3n de verduras encurtidas. Recetas.  SESI\u00d3N 4: LEGUMBRES Y GUISOS. Cocciones de garbanzos y jud\u00edas. Potajes y ollas tradicionales. Nuevos usos.  SESI\u00d3N 5: ARROCES. Tipos de arroz y sus usos. Fondos. Arroz caldoso, en paella y al horno.  SESI\u00d3N 6: PASTAS. Tipos de pasta fresca. Pasta al huevo y con s\u00e9mola de trigo duro. Pasta rellena. Salsas.  SESI\u00d3N 7: MASAS Tipos de harinas y sus usos. Diferentes masas fermentadas y no fermentadas. Tipos de fermentaciones. Masa madre. Masa de pan b\u00e1sica. Masa quebrada. Bizcocho cl\u00e1sico.  *El orden y el contenido de las sesiones es susceptible de ser modificado ligeramente.  &nbsp;  El bono ser\u00e1 v\u00e1lido durante dos a\u00f1os para cualquiera de las ediciones que hagamos durante ese periodo.\u00a0  &nbsp;  NO HACEMOS ENV\u00cdOS A DOMICILIO. El Bono en Formato F\u00edsico, con y sin mandil, deber\u00e1 recogerse en la escuela de cocina debiendo acordarse previamente la fecha y hora de recogida con nuestro personal.  &nbsp;  &nbsp;\" \/>\n<meta property=\"og:url\" content=\"https:\/\/tallerandaluzdecocina.com\/espanol\/producto\/bono-regalo-aprende-a-cocinar\/\" \/>\n<meta property=\"og:site_name\" content=\"Taller Andaluz de Cocina\" \/>\n<meta property=\"article:modified_time\" content=\"2025-12-22T22:05:41+00:00\" \/>\n<meta property=\"og:image\" content=\"https:\/\/tallerandaluzdecocina.com\/espanol\/wp-content\/uploads\/2022\/03\/IMG_0043.jpg\" \/>\n\t<meta property=\"og:image:width\" content=\"1170\" \/>\n\t<meta property=\"og:image:height\" content=\"1124\" \/>\n\t<meta property=\"og:image:type\" content=\"image\/jpeg\" \/>\n<meta name=\"twitter:card\" content=\"summary_large_image\" \/>\n<meta name=\"twitter:label1\" content=\"Tiempo de lectura\" \/>\n\t<meta name=\"twitter:data1\" content=\"2 minutos\" \/>\n<script type=\"application\/ld+json\" class=\"yoast-schema-graph\">{\"@context\":\"https:\/\/schema.org\",\"@graph\":[{\"@type\":\"WebPage\",\"@id\":\"https:\/\/tallerandaluzdecocina.com\/espanol\/producto\/bono-regalo-aprende-a-cocinar\/\",\"url\":\"https:\/\/tallerandaluzdecocina.com\/espanol\/producto\/bono-regalo-aprende-a-cocinar\/\",\"name\":\"Bono regalo curso Aprende a Cocinar en 7 Sesiones - Taller Andaluz de Cocina\",\"isPartOf\":{\"@id\":\"https:\/\/tallerandaluzdecocina.com\/espanol\/#website\"},\"primaryImageOfPage\":{\"@id\":\"https:\/\/tallerandaluzdecocina.com\/espanol\/producto\/bono-regalo-aprende-a-cocinar\/#primaryimage\"},\"image\":{\"@id\":\"https:\/\/tallerandaluzdecocina.com\/espanol\/producto\/bono-regalo-aprende-a-cocinar\/#primaryimage\"},\"thumbnailUrl\":\"https:\/\/tallerandaluzdecocina.com\/espanol\/wp-content\/uploads\/2022\/03\/IMG_0043.jpg\",\"datePublished\":\"2022-03-10T06:43:26+00:00\",\"dateModified\":\"2025-12-22T22:05:41+00:00\",\"breadcrumb\":{\"@id\":\"https:\/\/tallerandaluzdecocina.com\/espanol\/producto\/bono-regalo-aprende-a-cocinar\/#breadcrumb\"},\"inLanguage\":\"es\",\"potentialAction\":[{\"@type\":\"ReadAction\",\"target\":[\"https:\/\/tallerandaluzdecocina.com\/espanol\/producto\/bono-regalo-aprende-a-cocinar\/\"]}]},{\"@type\":\"ImageObject\",\"inLanguage\":\"es\",\"@id\":\"https:\/\/tallerandaluzdecocina.com\/espanol\/producto\/bono-regalo-aprende-a-cocinar\/#primaryimage\",\"url\":\"https:\/\/tallerandaluzdecocina.com\/espanol\/wp-content\/uploads\/2022\/03\/IMG_0043.jpg\",\"contentUrl\":\"https:\/\/tallerandaluzdecocina.com\/espanol\/wp-content\/uploads\/2022\/03\/IMG_0043.jpg\",\"width\":1170,\"height\":1124},{\"@type\":\"BreadcrumbList\",\"@id\":\"https:\/\/tallerandaluzdecocina.com\/espanol\/producto\/bono-regalo-aprende-a-cocinar\/#breadcrumb\",\"itemListElement\":[{\"@type\":\"ListItem\",\"position\":1,\"name\":\"Home\",\"item\":\"https:\/\/tallerandaluzdecocina.com\/espanol\/\"},{\"@type\":\"ListItem\",\"position\":2,\"name\":\"Tienda\",\"item\":\"https:\/\/tallerandaluzdecocina.com\/espanol\/tienda\/\"},{\"@type\":\"ListItem\",\"position\":3,\"name\":\"Bono regalo curso Aprende a Cocinar en 7 Sesiones\"}]},{\"@type\":\"WebSite\",\"@id\":\"https:\/\/tallerandaluzdecocina.com\/espanol\/#website\",\"url\":\"https:\/\/tallerandaluzdecocina.com\/espanol\/\",\"name\":\"Taller Andaluz de Cocina\",\"description\":\"Talleres de cocina de muy diversas nacionalidades\",\"potentialAction\":[{\"@type\":\"SearchAction\",\"target\":{\"@type\":\"EntryPoint\",\"urlTemplate\":\"https:\/\/tallerandaluzdecocina.com\/espanol\/?s={search_term_string}\"},\"query-input\":{\"@type\":\"PropertyValueSpecification\",\"valueRequired\":true,\"valueName\":\"search_term_string\"}}],\"inLanguage\":\"es\"}]}<\/script>\n<!-- \/ Yoast SEO plugin. -->","yoast_head_json":{"title":"Bono regalo curso Aprende a Cocinar en 7 Sesiones - Taller Andaluz de Cocina","robots":{"index":"index","follow":"follow","max-snippet":"max-snippet:-1","max-image-preview":"max-image-preview:large","max-video-preview":"max-video-preview:-1"},"canonical":"https:\/\/tallerandaluzdecocina.com\/espanol\/producto\/bono-regalo-aprende-a-cocinar\/","og_locale":"es_ES","og_type":"article","og_title":"Bono regalo curso Aprende a Cocinar en 7 Sesiones - Taller Andaluz de Cocina","og_description":"\u00bfHas pensado en ser original y regalar un Curso de Cocina Presencial? Regala un Bono Regalo de nuestro curso Aprende a Cocinar en 7 sesiones.\u00a0  &nbsp;  Este es un curso pr\u00e1ctico-te\u00f3rico en el que a lo largo de sus siete semanas de duraci\u00f3n ense\u00f1aremos todas las t\u00e9cnicas, trucos y recetas de lo que hemos cre\u00eddo imprescindible en cada cocina: carnes, pescados, verduras, legumbres, arroces, pastas y masas.  &nbsp;  El Taller proporcionar\u00e1 todos los ingredientes y utensilios necesarios para el funcionamiento del curso. Tambi\u00e9n proporcionaremos material did\u00e1ctico de cada sesi\u00f3n a todos los alumnos, que les servir\u00e1 de gu\u00eda para cualquier tipo de consulta una vez finalizado el curso.\u00a0  &nbsp;  El curso se divide en 7 sesiones*:  SESI\u00d3N 1: CARNES. Cortes, puntos de cocci\u00f3n, recetas recomendadas.  SESI\u00d3N 2: PESCADOS. Tipos, limpieza y preparaci\u00f3n con recetas b\u00e1sicas.  SESI\u00d3N 3: VERDURA. Verdura de temporada, corte, preparaci\u00f3n de verduras encurtidas. Recetas.  SESI\u00d3N 4: LEGUMBRES Y GUISOS. Cocciones de garbanzos y jud\u00edas. Potajes y ollas tradicionales. Nuevos usos.  SESI\u00d3N 5: ARROCES. Tipos de arroz y sus usos. Fondos. Arroz caldoso, en paella y al horno.  SESI\u00d3N 6: PASTAS. Tipos de pasta fresca. Pasta al huevo y con s\u00e9mola de trigo duro. Pasta rellena. Salsas.  SESI\u00d3N 7: MASAS Tipos de harinas y sus usos. Diferentes masas fermentadas y no fermentadas. Tipos de fermentaciones. Masa madre. Masa de pan b\u00e1sica. Masa quebrada. Bizcocho cl\u00e1sico.  *El orden y el contenido de las sesiones es susceptible de ser modificado ligeramente.  &nbsp;  El bono ser\u00e1 v\u00e1lido durante dos a\u00f1os para cualquiera de las ediciones que hagamos durante ese periodo.\u00a0  &nbsp;  NO HACEMOS ENV\u00cdOS A DOMICILIO. El Bono en Formato F\u00edsico, con y sin mandil, deber\u00e1 recogerse en la escuela de cocina debiendo acordarse previamente la fecha y hora de recogida con nuestro personal.  &nbsp;  &nbsp;","og_url":"https:\/\/tallerandaluzdecocina.com\/espanol\/producto\/bono-regalo-aprende-a-cocinar\/","og_site_name":"Taller Andaluz de Cocina","article_modified_time":"2025-12-22T22:05:41+00:00","og_image":[{"width":1170,"height":1124,"url":"https:\/\/tallerandaluzdecocina.com\/espanol\/wp-content\/uploads\/2022\/03\/IMG_0043.jpg","type":"image\/jpeg"}],"twitter_card":"summary_large_image","twitter_misc":{"Tiempo de lectura":"2 minutos"},"schema":{"@context":"https:\/\/schema.org","@graph":[{"@type":"WebPage","@id":"https:\/\/tallerandaluzdecocina.com\/espanol\/producto\/bono-regalo-aprende-a-cocinar\/","url":"https:\/\/tallerandaluzdecocina.com\/espanol\/producto\/bono-regalo-aprende-a-cocinar\/","name":"Bono regalo curso Aprende a Cocinar en 7 Sesiones - Taller Andaluz de Cocina","isPartOf":{"@id":"https:\/\/tallerandaluzdecocina.com\/espanol\/#website"},"primaryImageOfPage":{"@id":"https:\/\/tallerandaluzdecocina.com\/espanol\/producto\/bono-regalo-aprende-a-cocinar\/#primaryimage"},"image":{"@id":"https:\/\/tallerandaluzdecocina.com\/espanol\/producto\/bono-regalo-aprende-a-cocinar\/#primaryimage"},"thumbnailUrl":"https:\/\/tallerandaluzdecocina.com\/espanol\/wp-content\/uploads\/2022\/03\/IMG_0043.jpg","datePublished":"2022-03-10T06:43:26+00:00","dateModified":"2025-12-22T22:05:41+00:00","breadcrumb":{"@id":"https:\/\/tallerandaluzdecocina.com\/espanol\/producto\/bono-regalo-aprende-a-cocinar\/#breadcrumb"},"inLanguage":"es","potentialAction":[{"@type":"ReadAction","target":["https:\/\/tallerandaluzdecocina.com\/espanol\/producto\/bono-regalo-aprende-a-cocinar\/"]}]},{"@type":"ImageObject","inLanguage":"es","@id":"https:\/\/tallerandaluzdecocina.com\/espanol\/producto\/bono-regalo-aprende-a-cocinar\/#primaryimage","url":"https:\/\/tallerandaluzdecocina.com\/espanol\/wp-content\/uploads\/2022\/03\/IMG_0043.jpg","contentUrl":"https:\/\/tallerandaluzdecocina.com\/espanol\/wp-content\/uploads\/2022\/03\/IMG_0043.jpg","width":1170,"height":1124},{"@type":"BreadcrumbList","@id":"https:\/\/tallerandaluzdecocina.com\/espanol\/producto\/bono-regalo-aprende-a-cocinar\/#breadcrumb","itemListElement":[{"@type":"ListItem","position":1,"name":"Home","item":"https:\/\/tallerandaluzdecocina.com\/espanol\/"},{"@type":"ListItem","position":2,"name":"Tienda","item":"https:\/\/tallerandaluzdecocina.com\/espanol\/tienda\/"},{"@type":"ListItem","position":3,"name":"Bono regalo curso Aprende a Cocinar en 7 Sesiones"}]},{"@type":"WebSite","@id":"https:\/\/tallerandaluzdecocina.com\/espanol\/#website","url":"https:\/\/tallerandaluzdecocina.com\/espanol\/","name":"Taller Andaluz de Cocina","description":"Talleres de cocina de muy diversas nacionalidades","potentialAction":[{"@type":"SearchAction","target":{"@type":"EntryPoint","urlTemplate":"https:\/\/tallerandaluzdecocina.com\/espanol\/?s={search_term_string}"},"query-input":{"@type":"PropertyValueSpecification","valueRequired":true,"valueName":"search_term_string"}}],"inLanguage":"es"}]}},"jetpack_sharing_enabled":true,"_links":{"self":[{"href":"https:\/\/tallerandaluzdecocina.com\/espanol\/wp-json\/wp\/v2\/product\/9547","targetHints":{"allow":["GET"]}}],"collection":[{"href":"https:\/\/tallerandaluzdecocina.com\/espanol\/wp-json\/wp\/v2\/product"}],"about":[{"href":"https:\/\/tallerandaluzdecocina.com\/espanol\/wp-json\/wp\/v2\/types\/product"}],"wp:featuredmedia":[{"embeddable":true,"href":"https:\/\/tallerandaluzdecocina.com\/espanol\/wp-json\/wp\/v2\/media\/9548"}],"wp:attachment":[{"href":"https:\/\/tallerandaluzdecocina.com\/espanol\/wp-json\/wp\/v2\/media?parent=9547"}],"wp:term":[{"taxonomy":"product_brand","embeddable":true,"href":"https:\/\/tallerandaluzdecocina.com\/espanol\/wp-json\/wp\/v2\/product_brand?post=9547"},{"taxonomy":"product_cat","embeddable":true,"href":"https:\/\/tallerandaluzdecocina.com\/espanol\/wp-json\/wp\/v2\/product_cat?post=9547"},{"taxonomy":"product_tag","embeddable":true,"href":"https:\/\/tallerandaluzdecocina.com\/espanol\/wp-json\/wp\/v2\/product_tag?post=9547"}],"curies":[{"name":"wp","href":"https:\/\/api.w.org\/{rel}","templated":true}]}}