{"id":10006,"date":"2025-01-21T10:40:36","date_gmt":"2025-01-21T10:40:36","guid":{"rendered":"https:\/\/web.tallerandaluzdecocina.com\/espanol\/producto\/excepteur-sint-occaecat-copy-copy-8\/"},"modified":"2025-12-18T19:02:49","modified_gmt":"2025-12-18T19:02:49","slug":"taller-de-cocina-marroqui","status":"publish","type":"product","link":"https:\/\/tallerandaluzdecocina.com\/espanol\/producto\/taller-de-cocina-marroqui\/","title":{"rendered":"Taller de cocina Marroqu\u00ed"},"content":{"rendered":"<h3>\u00bfTe interesa pero no hay plaza o no puedes venir?<\/h3>\n<p>D\u00e9janos tu e-mail y te avisaremos en caso de que haya nuevas sesiones.<\/p>\n<p style=\"text-align: left;\"><div class=\"tnp tnp-subscription \">\n<form method=\"post\" action=\"https:\/\/tallerandaluzdecocina.com\/espanol\/wp-admin\/admin-ajax.php?action=tnp&amp;na=s\">\n<input type=\"hidden\" name=\"nlang\" value=\"\">\n<div class=\"tnp-field tnp-field-email\"><label for=\"tnp-1\">Email<\/label>\n<input class=\"tnp-email\" type=\"email\" name=\"ne\" id=\"tnp-1\" value=\"\" placeholder=\"\" required><\/div>\n<div class=\"tnp-field tnp-field-button\" style=\"text-align: left\"><input class=\"tnp-submit\" type=\"submit\" value=\"Subscribe\" style=\"\">\n<\/div>\n<\/form>\n<\/div>\n<p>&nbsp;<\/p>\n<p>&nbsp;<\/p>\n<p><strong>Ubicaci\u00f3n y Datos:<\/strong><\/p>\n<p>Taller Andaluz de Cocina (TAC) dispone de 4 cocinas completamente equipadas y repartidas en 3 localizaciones diferentes, todas ellas ubicadas en el barrio de Triana y a poca distancia una de otra. 48 horas antes del taller os enviaremos un correo electr\u00f3nico con la localizaci\u00f3n de la cocina donde haremos el taller.<\/p>\n<p>COCINAS MERCADO DE TRIANA: Mercado de Triana. Puestos 75-79. Plaza del Altozano s\/n. 41010. Sevilla.<\/p>\n<p>COCINA CHAPINA: Plaza de Chapina s\/n. (Acceso por Gracia de Triana). 41010. Sevilla.<\/p>\n<p>COCINA CASTILLA: C\/ Castilla 101. Bajo Derecha. 41010. Sevilla.<\/p>\n<p>Tel: 672 16 26 21<br \/>\nMail: info@tallerandaluzdecocina.com<\/p>\n<h3><\/h3>\n<h3><strong>\u00bfC\u00f3mo funcionan los Talleres Presenciales?<\/strong><\/h3>\n<p style=\"text-align: justify;\">Una vez hayas formalizado la reserva, podr\u00e1s hacer cualquier modificaci\u00f3n o cancelarla con al menos 48h de antelaci\u00f3n al inicio del taller. Con posterioridad se perder\u00eda el importe de la misma.<\/p>\n<p style=\"text-align: left;\" align=\"left\"><u>Recuerda que debes avisarnos con antelaci\u00f3n si alguna de las personas que realiza el taller tiene alguna alergia o restricci\u00f3n alimentaria<\/u>.<\/p>\n<p style=\"text-align: justify;\">Los talleres pueden ser cancelados si no se llega a un n\u00famero m\u00ednimo de participantes. Te avisar\u00edamos con m\u00e1s de 48 horas de antelaci\u00f3n.<\/p>\n<p style=\"text-align: justify;\">Cuando acudas al taller de cocina en la fecha y hora del taller seleccionado, encontrar\u00e1s a nuestro personal esper\u00e1ndote con todo preparado para comenzar. No has de llevar nada (salvo en algunos talleres en concreto que te pediremos expresamente que traigas un tupper para que te puedas llevar a casa algunas de las preparaciones), y tendr\u00e1s un puesto de cocina esper\u00e1ndote con un delantal, tabla de corte, cuchillo\/s y\/o cualquier utensilio necesario para cocinar las recetas del taller seleccionado. Adem\u00e1s, todos los ingredientes para la clase estar\u00e1n dispuestos en la encimera, y nuestro personal comenzar\u00e1 la clase explicando qu\u00e9 se va a cocinar, la din\u00e1mica de la clase y cualquier otra informaci\u00f3n necesaria.<\/p>\n<p>&nbsp;<\/p>\n<h3><strong>Talleres pr\u00e1cticos, participativos y adaptados a todos los niveles<\/strong><\/h3>\n<p style=\"text-align: justify;\" align=\"justify\">Los Talleres presenciales en Taller Andaluz de Cocina (TAC) son pr\u00e1cticos, participativos y adaptados a todos los niveles. Est\u00e1n dirigidos a un <b>p\u00fablico adulto<\/b>, (\u00a1excepto los talleres para ni\u00f1os o para familias, claro!), son impartidos por <b>cocineros profesionales<\/b>, y est\u00e1n dise\u00f1ados para que todos los participantes colaboren en la elaboraci\u00f3n de todas las recetas. Normalmente hacemos una preparaci\u00f3n com\u00fan de cada una de las recetas, en la que todos los asistentes participan, guiados por nuestros cocineros profesionales para asegurarnos que el resultado es el mejor. En algunos talleres concretos, las preparaciones son individuales.<\/p>\n<p>&nbsp;<\/p>\n<h3><strong>Almuerzo \/ Cena incluida<\/strong><\/h3>\n<p style=\"text-align: justify;\" align=\"justify\">La mayor parte de nuestros talleres concluyen <strong>comiendo lo que se ha cocinado<\/strong>, e incluyen en el precio hasta <strong>dos bebidas por persona<\/strong> (cerveza, vino, refresco, etc.), que se sirven durante el tiempo de la comida o la cena.<\/p>\n<h3>Env\u00edo de Recetas en formato PDF<\/h3>\n<p style=\"text-align: left;\" align=\"justify\">Al finalizar la clase, mandamos las recetas por email en formato pdf, para que no las pierdas y puedas practicar en casa.<\/p>\n<h3>\u00bfTienes dudas?<\/h3>\n<p style=\"text-align: justify;\" align=\"justify\">Si tienes alguna duda puedes contactar directamente con nosotros por tel\u00e9fono en el <strong>672 16 26 21<\/strong> o email en <strong>info@tallerandaluzdecocina.com<\/strong>.<\/p>\n","protected":false},"excerpt":{"rendered":"<p>\u00a1Bienvenidos al fascinante mundo de la cocina marroqu\u00ed! Marruecos, un pa\u00eds de contrastes, es un crisol cultural y gastron\u00f3mico donde la cocina es una deliciosa mezcla de influencias \u00e1rabes, africanas y mediterr\u00e1neas. Aqu\u00ed, las especias juegan un papel fundamental, aportando una magia inigualable a cada plato.<\/p>\n<p>En este taller, descubrir\u00e1s el arte del uso de las especias mientras cocinas con nosotros tres platos emblem\u00e1ticos de esta rica y antigua cultura:<\/p>\n<ul>\n<li>Zaalouk<\/li>\n<li>Cous cous de cordero y verduras<\/li>\n<li>Pastela de pollo<\/li>\n<\/ul>\n<p>&nbsp;<\/p>\n<p>Duraci\u00f3n:<\/p>\n<ul>\n<li>3 horas aproximadamente (incluyendo el tiempo de comida).<\/li>\n<\/ul>\n<p><span style=\"color: #808080;\">AL\u00c9RGENOS PRESENTES EN ESTE TALLER (<u>Recuerda que debes avisarnos con antelaci\u00f3n si alguna de las personas que realiza el taller tiene alguna alergia o restricci\u00f3n alimentaria)<\/u>: Gluten, Huevo, Frutos de c\u00e1scara, L\u00e1cteos, Sulfitos.\u00a0<\/span><\/p>\n<table style=\"border: 0px;\" border=\"0\" cellspacing=\"0\">\n<tbody>\n<tr>\n<td style=\"text-align: left; vertical-align: middle; border: 0px; width: 194px;\"><a class=\"boton-art\" href=\"https:\/\/tallerandaluzdecocina.com\/espanol\/talleres-presenciales-texto\/#regalo\" target=\"_blank\" rel=\"noopener\">Como usar un Bono Regalo<\/a><\/td>\n<td style=\"text-align: left; vertical-align: middle; border: 0px; width: 4px;\"><\/td>\n<td style=\"text-align: right; vertical-align: middle; border: 0px; width: 166px;\"><a class=\"boton-art\" href=\"https:\/\/tallerandaluzdecocina.com\/espanol\/bono-regalo\/\" target=\"_blank\" rel=\"noopener\">Quiero regalar un taller<\/a><\/td>\n<\/tr>\n<\/tbody>\n<\/table>\n<p>&nbsp;<\/p>\n","protected":false},"featured_media":11438,"template":"","meta":{"_monsterinsights_skip_tracking":false,"_monsterinsights_sitenote_active":false,"_monsterinsights_sitenote_note":"","_monsterinsights_sitenote_category":0},"product_brand":[],"product_cat":[92,37],"product_tag":[],"class_list":{"0":"post-10006","1":"product","2":"type-product","3":"status-publish","4":"has-post-thumbnail","6":"product_cat-cocina-internacional","7":"product_cat-talleres-presenciales","8":"bookacti-activity","11":"first","12":"instock","13":"virtual","14":"purchasable","15":"product-type-simple"},"yoast_head":"<!-- This site is optimized with the Yoast SEO plugin v26.8 - https:\/\/yoast.com\/product\/yoast-seo-wordpress\/ -->\n<title>Taller de cocina Marroqu\u00ed - Taller Andaluz de Cocina<\/title>\n<meta name=\"robots\" content=\"index, follow, max-snippet:-1, max-image-preview:large, max-video-preview:-1\" \/>\n<link rel=\"canonical\" href=\"https:\/\/tallerandaluzdecocina.com\/espanol\/producto\/taller-de-cocina-marroqui\/\" \/>\n<meta property=\"og:locale\" content=\"es_ES\" \/>\n<meta property=\"og:type\" content=\"article\" \/>\n<meta property=\"og:title\" content=\"Taller de cocina Marroqu\u00ed - Taller Andaluz de Cocina\" \/>\n<meta property=\"og:description\" content=\"\u00a1Bienvenidos al fascinante mundo de la cocina marroqu\u00ed! Marruecos, un pa\u00eds de contrastes, es un crisol cultural y gastron\u00f3mico donde la cocina es una deliciosa mezcla de influencias \u00e1rabes, africanas y mediterr\u00e1neas. Aqu\u00ed, las especias juegan un papel fundamental, aportando una magia inigualable a cada plato.  En este taller, descubrir\u00e1s el arte del uso de las especias mientras cocinas con nosotros tres platos emblem\u00e1ticos de esta rica y antigua cultura:   Zaalouk  Cous cous de cordero y verduras  Pastela de pollo  &nbsp;  Duraci\u00f3n:   3 horas aproximadamente (incluyendo el tiempo de comida).  AL\u00c9RGENOS PRESENTES EN ESTE TALLER (Recuerda que debes avisarnos con antelaci\u00f3n si alguna de las personas que realiza el taller tiene alguna alergia o restricci\u00f3n alimentaria): Gluten, Huevo, Frutos de c\u00e1scara, L\u00e1cteos, Sulfitos.\u00a0    Como usar un Bono Regalo  Quiero regalar un taller    &nbsp;\" \/>\n<meta property=\"og:url\" content=\"https:\/\/tallerandaluzdecocina.com\/espanol\/producto\/taller-de-cocina-marroqui\/\" \/>\n<meta property=\"og:site_name\" content=\"Taller Andaluz de Cocina\" \/>\n<meta property=\"article:modified_time\" content=\"2025-12-18T19:02:49+00:00\" \/>\n<meta property=\"og:image\" content=\"https:\/\/tallerandaluzdecocina.com\/espanol\/wp-content\/uploads\/2025\/01\/POST-INSTAGRAM-5.jpg\" \/>\n\t<meta property=\"og:image:width\" content=\"1080\" \/>\n\t<meta property=\"og:image:height\" content=\"1080\" \/>\n\t<meta property=\"og:image:type\" content=\"image\/jpeg\" \/>\n<meta name=\"twitter:card\" content=\"summary_large_image\" \/>\n<meta name=\"twitter:label1\" content=\"Tiempo de lectura\" \/>\n\t<meta name=\"twitter:data1\" content=\"3 minutos\" \/>\n<script type=\"application\/ld+json\" class=\"yoast-schema-graph\">{\"@context\":\"https:\/\/schema.org\",\"@graph\":[{\"@type\":\"WebPage\",\"@id\":\"https:\/\/tallerandaluzdecocina.com\/espanol\/producto\/taller-de-cocina-marroqui\/\",\"url\":\"https:\/\/tallerandaluzdecocina.com\/espanol\/producto\/taller-de-cocina-marroqui\/\",\"name\":\"Taller de cocina Marroqu\u00ed - Taller Andaluz de Cocina\",\"isPartOf\":{\"@id\":\"https:\/\/tallerandaluzdecocina.com\/espanol\/#website\"},\"primaryImageOfPage\":{\"@id\":\"https:\/\/tallerandaluzdecocina.com\/espanol\/producto\/taller-de-cocina-marroqui\/#primaryimage\"},\"image\":{\"@id\":\"https:\/\/tallerandaluzdecocina.com\/espanol\/producto\/taller-de-cocina-marroqui\/#primaryimage\"},\"thumbnailUrl\":\"https:\/\/tallerandaluzdecocina.com\/espanol\/wp-content\/uploads\/2025\/01\/POST-INSTAGRAM-5.jpg\",\"datePublished\":\"2025-01-21T10:40:36+00:00\",\"dateModified\":\"2025-12-18T19:02:49+00:00\",\"breadcrumb\":{\"@id\":\"https:\/\/tallerandaluzdecocina.com\/espanol\/producto\/taller-de-cocina-marroqui\/#breadcrumb\"},\"inLanguage\":\"es\",\"potentialAction\":[{\"@type\":\"ReadAction\",\"target\":[\"https:\/\/tallerandaluzdecocina.com\/espanol\/producto\/taller-de-cocina-marroqui\/\"]}]},{\"@type\":\"ImageObject\",\"inLanguage\":\"es\",\"@id\":\"https:\/\/tallerandaluzdecocina.com\/espanol\/producto\/taller-de-cocina-marroqui\/#primaryimage\",\"url\":\"https:\/\/tallerandaluzdecocina.com\/espanol\/wp-content\/uploads\/2025\/01\/POST-INSTAGRAM-5.jpg\",\"contentUrl\":\"https:\/\/tallerandaluzdecocina.com\/espanol\/wp-content\/uploads\/2025\/01\/POST-INSTAGRAM-5.jpg\",\"width\":1080,\"height\":1080},{\"@type\":\"BreadcrumbList\",\"@id\":\"https:\/\/tallerandaluzdecocina.com\/espanol\/producto\/taller-de-cocina-marroqui\/#breadcrumb\",\"itemListElement\":[{\"@type\":\"ListItem\",\"position\":1,\"name\":\"Home\",\"item\":\"https:\/\/tallerandaluzdecocina.com\/espanol\/\"},{\"@type\":\"ListItem\",\"position\":2,\"name\":\"Tienda\",\"item\":\"https:\/\/tallerandaluzdecocina.com\/espanol\/tienda\/\"},{\"@type\":\"ListItem\",\"position\":3,\"name\":\"Taller de cocina Marroqu\u00ed\"}]},{\"@type\":\"WebSite\",\"@id\":\"https:\/\/tallerandaluzdecocina.com\/espanol\/#website\",\"url\":\"https:\/\/tallerandaluzdecocina.com\/espanol\/\",\"name\":\"Taller Andaluz de Cocina\",\"description\":\"Talleres de cocina de muy diversas nacionalidades\",\"potentialAction\":[{\"@type\":\"SearchAction\",\"target\":{\"@type\":\"EntryPoint\",\"urlTemplate\":\"https:\/\/tallerandaluzdecocina.com\/espanol\/?s={search_term_string}\"},\"query-input\":{\"@type\":\"PropertyValueSpecification\",\"valueRequired\":true,\"valueName\":\"search_term_string\"}}],\"inLanguage\":\"es\"}]}<\/script>\n<!-- \/ Yoast SEO plugin. -->","yoast_head_json":{"title":"Taller de cocina Marroqu\u00ed - Taller Andaluz de Cocina","robots":{"index":"index","follow":"follow","max-snippet":"max-snippet:-1","max-image-preview":"max-image-preview:large","max-video-preview":"max-video-preview:-1"},"canonical":"https:\/\/tallerandaluzdecocina.com\/espanol\/producto\/taller-de-cocina-marroqui\/","og_locale":"es_ES","og_type":"article","og_title":"Taller de cocina Marroqu\u00ed - Taller Andaluz de Cocina","og_description":"\u00a1Bienvenidos al fascinante mundo de la cocina marroqu\u00ed! Marruecos, un pa\u00eds de contrastes, es un crisol cultural y gastron\u00f3mico donde la cocina es una deliciosa mezcla de influencias \u00e1rabes, africanas y mediterr\u00e1neas. Aqu\u00ed, las especias juegan un papel fundamental, aportando una magia inigualable a cada plato.  En este taller, descubrir\u00e1s el arte del uso de las especias mientras cocinas con nosotros tres platos emblem\u00e1ticos de esta rica y antigua cultura:   Zaalouk  Cous cous de cordero y verduras  Pastela de pollo  &nbsp;  Duraci\u00f3n:   3 horas aproximadamente (incluyendo el tiempo de comida).  AL\u00c9RGENOS PRESENTES EN ESTE TALLER (Recuerda que debes avisarnos con antelaci\u00f3n si alguna de las personas que realiza el taller tiene alguna alergia o restricci\u00f3n alimentaria): Gluten, Huevo, Frutos de c\u00e1scara, L\u00e1cteos, Sulfitos.\u00a0    Como usar un Bono Regalo  Quiero regalar un taller    &nbsp;","og_url":"https:\/\/tallerandaluzdecocina.com\/espanol\/producto\/taller-de-cocina-marroqui\/","og_site_name":"Taller Andaluz de Cocina","article_modified_time":"2025-12-18T19:02:49+00:00","og_image":[{"width":1080,"height":1080,"url":"https:\/\/tallerandaluzdecocina.com\/espanol\/wp-content\/uploads\/2025\/01\/POST-INSTAGRAM-5.jpg","type":"image\/jpeg"}],"twitter_card":"summary_large_image","twitter_misc":{"Tiempo de lectura":"3 minutos"},"schema":{"@context":"https:\/\/schema.org","@graph":[{"@type":"WebPage","@id":"https:\/\/tallerandaluzdecocina.com\/espanol\/producto\/taller-de-cocina-marroqui\/","url":"https:\/\/tallerandaluzdecocina.com\/espanol\/producto\/taller-de-cocina-marroqui\/","name":"Taller de cocina Marroqu\u00ed - Taller Andaluz de Cocina","isPartOf":{"@id":"https:\/\/tallerandaluzdecocina.com\/espanol\/#website"},"primaryImageOfPage":{"@id":"https:\/\/tallerandaluzdecocina.com\/espanol\/producto\/taller-de-cocina-marroqui\/#primaryimage"},"image":{"@id":"https:\/\/tallerandaluzdecocina.com\/espanol\/producto\/taller-de-cocina-marroqui\/#primaryimage"},"thumbnailUrl":"https:\/\/tallerandaluzdecocina.com\/espanol\/wp-content\/uploads\/2025\/01\/POST-INSTAGRAM-5.jpg","datePublished":"2025-01-21T10:40:36+00:00","dateModified":"2025-12-18T19:02:49+00:00","breadcrumb":{"@id":"https:\/\/tallerandaluzdecocina.com\/espanol\/producto\/taller-de-cocina-marroqui\/#breadcrumb"},"inLanguage":"es","potentialAction":[{"@type":"ReadAction","target":["https:\/\/tallerandaluzdecocina.com\/espanol\/producto\/taller-de-cocina-marroqui\/"]}]},{"@type":"ImageObject","inLanguage":"es","@id":"https:\/\/tallerandaluzdecocina.com\/espanol\/producto\/taller-de-cocina-marroqui\/#primaryimage","url":"https:\/\/tallerandaluzdecocina.com\/espanol\/wp-content\/uploads\/2025\/01\/POST-INSTAGRAM-5.jpg","contentUrl":"https:\/\/tallerandaluzdecocina.com\/espanol\/wp-content\/uploads\/2025\/01\/POST-INSTAGRAM-5.jpg","width":1080,"height":1080},{"@type":"BreadcrumbList","@id":"https:\/\/tallerandaluzdecocina.com\/espanol\/producto\/taller-de-cocina-marroqui\/#breadcrumb","itemListElement":[{"@type":"ListItem","position":1,"name":"Home","item":"https:\/\/tallerandaluzdecocina.com\/espanol\/"},{"@type":"ListItem","position":2,"name":"Tienda","item":"https:\/\/tallerandaluzdecocina.com\/espanol\/tienda\/"},{"@type":"ListItem","position":3,"name":"Taller de cocina Marroqu\u00ed"}]},{"@type":"WebSite","@id":"https:\/\/tallerandaluzdecocina.com\/espanol\/#website","url":"https:\/\/tallerandaluzdecocina.com\/espanol\/","name":"Taller Andaluz de Cocina","description":"Talleres de cocina de muy diversas nacionalidades","potentialAction":[{"@type":"SearchAction","target":{"@type":"EntryPoint","urlTemplate":"https:\/\/tallerandaluzdecocina.com\/espanol\/?s={search_term_string}"},"query-input":{"@type":"PropertyValueSpecification","valueRequired":true,"valueName":"search_term_string"}}],"inLanguage":"es"}]}},"jetpack_sharing_enabled":true,"_links":{"self":[{"href":"https:\/\/tallerandaluzdecocina.com\/espanol\/wp-json\/wp\/v2\/product\/10006","targetHints":{"allow":["GET"]}}],"collection":[{"href":"https:\/\/tallerandaluzdecocina.com\/espanol\/wp-json\/wp\/v2\/product"}],"about":[{"href":"https:\/\/tallerandaluzdecocina.com\/espanol\/wp-json\/wp\/v2\/types\/product"}],"wp:featuredmedia":[{"embeddable":true,"href":"https:\/\/tallerandaluzdecocina.com\/espanol\/wp-json\/wp\/v2\/media\/11438"}],"wp:attachment":[{"href":"https:\/\/tallerandaluzdecocina.com\/espanol\/wp-json\/wp\/v2\/media?parent=10006"}],"wp:term":[{"taxonomy":"product_brand","embeddable":true,"href":"https:\/\/tallerandaluzdecocina.com\/espanol\/wp-json\/wp\/v2\/product_brand?post=10006"},{"taxonomy":"product_cat","embeddable":true,"href":"https:\/\/tallerandaluzdecocina.com\/espanol\/wp-json\/wp\/v2\/product_cat?post=10006"},{"taxonomy":"product_tag","embeddable":true,"href":"https:\/\/tallerandaluzdecocina.com\/espanol\/wp-json\/wp\/v2\/product_tag?post=10006"}],"curies":[{"name":"wp","href":"https:\/\/api.w.org\/{rel}","templated":true}]}}