{"id":9397,"date":"2022-02-23T15:45:02","date_gmt":"2022-02-23T15:45:02","guid":{"rendered":"https:\/\/web.tallerandaluzdecocina.com\/espanol\/nuestra-empresa-copy\/"},"modified":"2022-03-01T12:20:01","modified_gmt":"2022-03-01T12:20:01","slug":"condiciones-generales","status":"publish","type":"page","link":"https:\/\/tallerandaluzdecocina.com\/espanol\/condiciones-generales\/","title":{"rendered":"Condiciones Generales"},"content":{"rendered":"<p>[vc_row el_class=\u00bbcustom-content-main\u00bb css=\u00bb.vc_custom_1570430628723{padding-bottom: 30px !important;}\u00bb][vc_column][vc_row_inner][vc_column_inner el_class=\u00bbabout-us\u00bb css=\u00bb.vc_custom_1570436566276{margin-bottom: 30px !important;margin-left: 20px !important;}\u00bb]<div class=\"shortcode-title left \"><h3 class=\"normal-title\" >Condiciones Generales<\/h3><\/div>[vc_column_text css=\u00bb.vc_custom_1645631556567{padding-bottom: 10px !important;}\u00bb]<\/p>\n<h3 align=\"justify\"><b>Sobre tallerandaluzdecocina.com<\/b><\/h3>\n<p>El prestador de servicios de este sitio web es la entidad Taller Andaluz de Cocina SL, con C.I.F. B-90136359 y sede social en C\/ San Gregorio, 5, Sevilla, con direcci\u00f3n de correo electr\u00f3nico de contacto en info@tallerandaluzdecocina.com<\/p>\n<p>El presente aviso e informaci\u00f3n legal regula el uso del servicio del sitio web de Internet tallerandaluzdecocina.com (en adelante, el \u201cSitio Web\u201d). El titular del Sitio Web es: Taller Andaluz de Cocina, S.L. (en adelante TAC).<\/p>\n<p>Antes de acceder y hacer uso de este Sito Web lea las siguientes condiciones de uso, las cuales son aceptadas por quien acceda y visualice el Sitio Web. Si no acepta los siguientes t\u00e9rminos y condiciones, no acceda ni utilice este sito web ni su contenido. Estas condiciones generales se rigen por la ley espa\u00f1ola.<\/p>\n<p>&nbsp;<\/p>\n<h3 align=\"justify\"><b>Sobre tallerandaluzdecocina.com<\/b><\/h3>\n<p>Se adquiere la condici\u00f3n de usuario mediante el acceso al Sitio Web. El usuario es consciente de que el acceso y utilizaci\u00f3n de los servicios y contenidos del Sitio Web se realiza bajo su \u00fanica y exclusiva responsabilidad.<\/p>\n<p>Dentro de la expresi\u00f3n \u201cSitio Web\u201d se comprenden -con car\u00e1cter delimitativo pero no limitativo- los textos, gr\u00e1ficos, im\u00e1genes, animaciones, creaciones musicales, v\u00eddeos, sonidos, dibujos, fotograf\u00edas, aplicaciones inform\u00e1ticas, bases de datos, c\u00f3digo, otras obras incluidas en el mismo, y, en general, todas las creaciones expresadas por cualquier medio o soporte, tangible o intangible, actualmente conocido o que se invente en el futuro, con independencia de que sean susceptibles o no de propiedad intelectual de acuerdo al Texto Refundido de la Ley de Propiedad Intelectual o norma que en un futuro la sucediera.<\/p>\n<p>El coste del acceso telef\u00f3nico u otro tipo de gasto por la conexi\u00f3n al Sitio Web correr\u00e1 a cargo exclusivamente del usuario. El usuario \u00fanicamente deber\u00e1 reunir las siguientes condiciones t\u00e9cnicas para beneficiarse del uso del Sitio Web: navegador web y conexi\u00f3n a Internet.<\/p>\n<p>El usuario deber\u00e1 establecer las medidas de seguridad de car\u00e1cter t\u00e9cnico adecuadas para evitar acciones no deseadas en su sistema de informaci\u00f3n, archivos y equipos inform\u00e1ticos empleados para acceder a Internet, siendo consciente de que Internet no es totalmente seguro.<\/p>\n<p>&nbsp;<\/p>\n<h3 align=\"justify\">Uso de cookies y del fichero de actividad<\/h3>\n<p>El prestador por su propia cuenta o la de un tercero contratado para la prestaci\u00f3n de servicios de medici\u00f3n, pueden utilizar cookies cuando un usuario navega por el sitio web. Las cookies son ficheros enviados al navegador por medio de un servidor web con la finalidad de registrar las actividades del usuario durante su tiempo de navegaci\u00f3n. Las cookies utilizadas por el sitio web se asocian \u00fanicamente con un usuario an\u00f3nimo y su ordenador, y no proporcionan por s\u00ed mismas los datos personales del usuario.<\/p>\n<p>Mediante el uso de las cookies resulta posible que el servidor donde se encuentra la web, reconozca el navegador web utilizado por el usuario con la finalidad de que la navegaci\u00f3n sea m\u00e1s sencilla, permitiendo, por ejemplo, el acceso a los usuarios que se hayan registrado previamente, acceder a las \u00e1reas, servicios, promociones o concursos reservados exclusivamente a ellos sin tener que registrarse en cada visita. Se utilizan tambi\u00e9n para medir la audiencia y par\u00e1metros del tr\u00e1fico, controlar el progreso y n\u00famero de entradas.<\/p>\n<p>El usuario tiene la posibilidad de configurar su navegador para ser avisado de la recepci\u00f3n de cookies y para impedir su instalaci\u00f3n en su equipo. Por favor, consulte las instrucciones y manuales de su navegador para ampliar esta informaci\u00f3n.<\/p>\n<p>Para utilizar el sitio web, no resulta necesario que el usuario permita la instalaci\u00f3n de las cookies enviadas por el sitio web, o el tercero que act\u00fae en su nombre, sin perjuicio de que sea necesario que el usuario inicie una sesi\u00f3n como tal en cada uno de los servicios cuya prestaci\u00f3n requiera el previo registro o \u201clogin\u201d. Las cookies utilizadas en este sitio web tienen, en todo caso, car\u00e1cter temporal con la \u00fanica finalidad de hacer m\u00e1s eficaz su transmisi\u00f3n ulterior. En ning\u00fan caso se utilizar\u00e1n las cookies para recoger informaci\u00f3n de car\u00e1cter personal.<\/p>\n<p>&nbsp;<\/p>\n<h3 align=\"justify\">Seguridad<\/h3>\n<p>El sitio web utiliza t\u00e9cnicas de seguridad de la informaci\u00f3n generalmente aceptadas en la industria, tales como firewalls, procedimientos de control de acceso y mecanismos criptogr\u00e1ficos, todo ello con el objeto de evitar el acceso no autorizado a los datos. Para lograr estos fines, el usuario\/cliente acepta que el prestador obtenga datos para efectos de la correspondiente autenticaci\u00f3n de los controles de acceso.<\/p>\n<p>Todo proceso de contrataci\u00f3n o que conlleve la introducci\u00f3n de datos personales de car\u00e1cter alto ser\u00e1n siempre transmitidos mediante protocolo de comunicaci\u00f3n segura de tal forma que ning\u00fan tercero tenga acceso a la informaci\u00f3n transmitida electr\u00f3nicamente.<\/p>\n<p>&nbsp;<\/p>\n<h3 align=\"justify\">Derechos y obligaciones del usuario<\/h3>\n<p>El usuario podr\u00e1 (i) acceder de forma gratuita y sin necesidad de autorizaci\u00f3n previa a los contenidos y servicios del Sitio Web (ii) utilizar los servicios y contenidos disponibles para su uso exclusivamente particular y; (iii) hacer un uso correcto y l\u00edcito del sitio, de conformidad con la legislaci\u00f3n vigente, la moral, las buenas costumbres y el orden p\u00fablico.<\/p>\n<p>En ning\u00fan caso el usuario podr\u00e1 utilizar los servicios y contenidos ofrecidos a trav\u00e9s del Sitio Web de forma contraria a las condiciones generales de uso, y en perjuicio o con menoscabo de los derechos del resto de usuarios. El usuario no podr\u00e1 realizar acciones que impidan o dificulten el acceso al sitio por los usuarios.<\/p>\n<p>El usuario del Sitio Web responder\u00e1 personalmente de los da\u00f1os y perjuicios de cualquier naturaleza causados a TAC, directa o indirectamente, por el incumplimiento de cualquiera de las obligaciones derivadas de estas condiciones generales u otras normas por las que se rija la utilizaci\u00f3n del Sitio Web.<\/p>\n<p>&nbsp;<\/p>\n<h3 align=\"justify\"><b>Sobre tallerandaluzdecocina.com<\/b><\/h3>\n<p>TAC se reserva el derecho de modificar los contenidos y\/o servicios del sitio web, as\u00ed como las condiciones de acceso al Sitio Web, t\u00e9cnicas o no, de forma unilateral y sin preaviso a los usuarios.<\/p>\n<p>TAC queda exenta de cualquier tipo de responsabilidad por da\u00f1os y perjuicios de toda naturaleza por imposibilidad o dificultades de conexi\u00f3n a la red de comunicaciones a trav\u00e9s de la que resulta accesible este Sitio Web, as\u00ed como por la interrupci\u00f3n, suspensi\u00f3n o cancelaci\u00f3n del acceso al Sitio Web, o por la calidad y velocidad de acceso al Sitio Web.<\/p>\n<p>&nbsp;<\/p>\n<h3 align=\"justify\">Propiedad Intelectual e Industrial<\/h3>\n<p>El usuario conoce que los contenidos y servicios ofrecidos a trav\u00e9s del Sitio Web -incluyendo textos, gr\u00e1ficos, im\u00e1genes, animaciones, creaciones musicales, v\u00eddeos, sonidos, dibujos, fotograf\u00edas, todos los comentarios, exposiciones, aplicaciones inform\u00e1ticas, bases de datos y c\u00f3digo del mismo, sin que esta enumeraci\u00f3n tenga car\u00e1cter limitativo- se encuentran protegidos por las leyes de propiedad intelectual. El derecho de autor y de explotaci\u00f3n econ\u00f3mica de este Sitio Web corresponde en exclusiva a TAC. Respecto a los contenidos incluidos en el Sitio Web, los derechos de autor y de explotaci\u00f3n econ\u00f3mica son propiedad de TAC, o en su caso, de terceras personas o entidades, y en ambos casos se encuentran protegidos por las leyes vigentes de propiedad intelectual.<\/p>\n<p>Las marcas, nombres comerciales o signos distintivos que aparecen en el Sitio Web son propiedad de TAC o, en su caso, de terceras entidades, y se encuentran protegidos por las leyes vigentes de propiedad industrial.<\/p>\n<p>La prestaci\u00f3n de los servicios y publicaci\u00f3n de los contenidos a trav\u00e9s del Sitio Web no implicar\u00e1 en ning\u00fan caso la cesi\u00f3n, renuncia o transmisi\u00f3n, total o parcial, de la titularidad de los correspondientes derechos de propiedad intelectual e industrial.<\/p>\n<p>Ninguna parte de este Sitio Web puede ser reproducido, distribuido, transmitido, copiado, comunicado p\u00fablicamente, transformado, en todo o en parte mediante ning\u00fan sistema o m\u00e9todo manual, electr\u00f3nico o mec\u00e1nico (incluyendo el fotocopiado, grabaci\u00f3n o cualquier sistema de recuperaci\u00f3n y almacenamiento de informaci\u00f3n) a trav\u00e9s de cualquier soporte actualmente conocido o que se invente en el futuro, sin autorizaci\u00f3n escrita de TAC.<\/p>\n<p>&nbsp;<\/p>\n<h3 align=\"justify\"><b>Sobre tallerandaluzdecocina.com<\/b><\/h3>\n<p>La prestaci\u00f3n del servicio del Sitio Web tiene una duraci\u00f3n indefinida. TAC, no obstante, est\u00e1 autorizada para dar por terminada o suspender la prestaci\u00f3n del servicio del Sitio Web y\/o de cualquiera de los servicios en cualquier momento. Cuando ello sea razonablemente posible, TAC comunicar\u00e1 previamente la terminaci\u00f3n o suspensi\u00f3n de la prestaci\u00f3n del servicio de Sitio Web.<\/p>\n<p>&nbsp;<\/p>\n<h3 align=\"justify\">Legislaci\u00f3n Aplicable y Jurisdicci\u00f3n<\/h3>\n<p>Las presentes condiciones generales se regir\u00e1n por la legislaci\u00f3n espa\u00f1ola. Las partes, con expresa renuncia a su propio fuero, se someten, a su elecci\u00f3n, para la resoluci\u00f3n de los conflictos y con renuncia a cualquier otro fuero, a los juzgados y tribunales del domicilio del usuario.[\/vc_column_text][\/vc_column_inner][\/vc_row_inner][\/vc_column][\/vc_row][vc_row css=\u00bb.vc_custom_1570430812480{padding-top: 80px !important;padding-bottom: 30px !important;}\u00bb][vc_column]<div id=\"brand-products\" class=\"tmpmela_logocontent\"><div id=\"5_brand_carousel\" class=\"brand-carousel tm-logo-content\"><div class=\"item brand_main\"><div class=\"product-block\"><a href=\"#\" target=\"\"><img decoding=\"async\" src=\"https:\/\/tallerandaluzdecocina.com\/espanol\/wp-content\/uploads\/2022\/02\/01.-Cocinas-ArTnova.png\" alt=\"Logo Image\"\/><\/a><\/div><\/div><div class=\"item brand_main\"><div class=\"product-block\"><a href=\"#\" target=\"\"><img decoding=\"async\" src=\"https:\/\/tallerandaluzdecocina.com\/espanol\/wp-content\/uploads\/2022\/02\/03.-Teka.png\" alt=\"Logo Image\"\/><\/a><\/div><\/div><div class=\"item brand_main\"><div class=\"product-block\"><a href=\"#\" target=\"\"><img decoding=\"async\" src=\"https:\/\/tallerandaluzdecocina.com\/espanol\/wp-content\/uploads\/2022\/02\/02.-Dekton-by-Cosentino.jpg\" alt=\"Logo Image\"\/><\/a><\/div><\/div><div class=\"item brand_main\"><div class=\"product-block\"><a href=\"#\" target=\"\"><img decoding=\"async\" src=\"https:\/\/tallerandaluzdecocina.com\/espanol\/wp-content\/uploads\/2022\/02\/04.-Carbonell.jpg\" alt=\"Logo Image\"\/><\/a><\/div><\/div><div class=\"item brand_main\"><div class=\"product-block\"><a href=\"#\" target=\"\"><img decoding=\"async\" src=\"https:\/\/tallerandaluzdecocina.com\/espanol\/wp-content\/uploads\/2022\/03\/05.-Brabantia.png\" alt=\"Logo Image\"\/><\/a><\/div><\/div><\/div><\/div>[\/vc_column][\/vc_row]<\/p>\n","protected":false},"excerpt":{"rendered":"<p>[vc_row el_class=\u00bbcustom-content-main\u00bb css=\u00bb.vc_custom_1570430628723{padding-bottom: 30px !important;}\u00bb][vc_column][vc_row_inner][vc_column_inner el_class=\u00bbabout-us\u00bb css=\u00bb.vc_custom_1570436566276{margin-bottom: 30px !important;margin-left: 20px !important;}\u00bb][vc_column_text css=\u00bb.vc_custom_1645631556567{padding-bottom: 10px !important;}\u00bb] Sobre tallerandaluzdecocina.com El prestador de servicios de este sitio web es la entidad Taller Andaluz de Cocina SL, con C.I.F. B-90136359 y sede social en C\/ San Gregorio, 5, Sevilla, con direcci\u00f3n de correo electr\u00f3nico de contacto en info@tallerandaluzdecocina.com El presente aviso e informaci\u00f3n legal regula el uso del servicio del sitio web de Internet tallerandaluzdecocina.com (en adelante, el \u201cSitio Web\u201d). El titular del Sitio Web es: Taller Andaluz de Cocina, S.L. (en adelante TAC). Antes de acceder y hacer uso de este Sito Web lea las siguientes condiciones de uso, las cuales son aceptadas por quien acceda y visualice el Sitio Web. Si no acepta los siguientes t\u00e9rminos y condiciones, no acceda ni utilice este sito web ni su contenido. Estas condiciones generales se rigen por la ley espa\u00f1ola. &nbsp; Sobre tallerandaluzdecocina.com Se adquiere la condici\u00f3n de usuario mediante el acceso al Sitio Web. El usuario es consciente de que el acceso y utilizaci\u00f3n de los servicios y contenidos del Sitio Web se realiza bajo su \u00fanica y exclusiva responsabilidad. Dentro de la expresi\u00f3n \u201cSitio Web\u201d se comprenden -con car\u00e1cter delimitativo pero no limitativo- los&hellip; <a class=\"read-more-link\" href=\"https:\/\/tallerandaluzdecocina.com\/espanol\/condiciones-generales\/\">Read More<\/a><\/p>\n","protected":false},"author":1,"featured_media":0,"parent":0,"menu_order":0,"comment_status":"closed","ping_status":"closed","template":"","meta":{"_monsterinsights_skip_tracking":false,"_monsterinsights_sitenote_active":false,"_monsterinsights_sitenote_note":"","_monsterinsights_sitenote_category":0,"footnotes":""},"class_list":["post-9397","page","type-page","status-publish","hentry"],"yoast_head":"<!-- This site is optimized with the Yoast SEO plugin v26.8 - https:\/\/yoast.com\/product\/yoast-seo-wordpress\/ -->\n<title>Condiciones Generales - Taller Andaluz de Cocina<\/title>\n<meta name=\"robots\" content=\"index, follow, max-snippet:-1, max-image-preview:large, max-video-preview:-1\" \/>\n<link rel=\"canonical\" href=\"https:\/\/tallerandaluzdecocina.com\/espanol\/condiciones-generales\/\" \/>\n<meta property=\"og:locale\" content=\"es_ES\" \/>\n<meta property=\"og:type\" content=\"article\" \/>\n<meta property=\"og:title\" content=\"Condiciones Generales - Taller Andaluz de Cocina\" \/>\n<meta property=\"og:description\" content=\"[vc_row el_class=\u00bbcustom-content-main\u00bb css=\u00bb.vc_custom_1570430628723{padding-bottom: 30px !important;}\u00bb][vc_column][vc_row_inner][vc_column_inner el_class=\u00bbabout-us\u00bb css=\u00bb.vc_custom_1570436566276{margin-bottom: 30px !important;margin-left: 20px !important;}\u00bb][vc_column_text css=\u00bb.vc_custom_1645631556567{padding-bottom: 10px !important;}\u00bb] Sobre tallerandaluzdecocina.com El prestador de servicios de este sitio web es la entidad Taller Andaluz de Cocina SL, con C.I.F. B-90136359 y sede social en C\/ San Gregorio, 5, Sevilla, con direcci\u00f3n de correo electr\u00f3nico de contacto en info@tallerandaluzdecocina.com El presente aviso e informaci\u00f3n legal regula el uso del servicio del sitio web de Internet tallerandaluzdecocina.com (en adelante, el \u201cSitio Web\u201d). El titular del Sitio Web es: Taller Andaluz de Cocina, S.L. (en adelante TAC). Antes de acceder y hacer uso de este Sito Web lea las siguientes condiciones de uso, las cuales son aceptadas por quien acceda y visualice el Sitio Web. Si no acepta los siguientes t\u00e9rminos y condiciones, no acceda ni utilice este sito web ni su contenido. Estas condiciones generales se rigen por la ley espa\u00f1ola. &nbsp; Sobre tallerandaluzdecocina.com Se adquiere la condici\u00f3n de usuario mediante el acceso al Sitio Web. El usuario es consciente de que el acceso y utilizaci\u00f3n de los servicios y contenidos del Sitio Web se realiza bajo su \u00fanica y exclusiva responsabilidad. Dentro de la expresi\u00f3n \u201cSitio Web\u201d se comprenden -con car\u00e1cter delimitativo pero no limitativo- los&hellip; Read More\" \/>\n<meta property=\"og:url\" content=\"https:\/\/tallerandaluzdecocina.com\/espanol\/condiciones-generales\/\" \/>\n<meta property=\"og:site_name\" content=\"Taller Andaluz de Cocina\" \/>\n<meta property=\"article:modified_time\" content=\"2022-03-01T12:20:01+00:00\" \/>\n<meta name=\"twitter:card\" content=\"summary_large_image\" \/>\n<meta name=\"twitter:label1\" content=\"Tiempo de lectura\" \/>\n\t<meta name=\"twitter:data1\" content=\"7 minutos\" \/>\n<script type=\"application\/ld+json\" class=\"yoast-schema-graph\">{\"@context\":\"https:\/\/schema.org\",\"@graph\":[{\"@type\":\"WebPage\",\"@id\":\"https:\/\/tallerandaluzdecocina.com\/espanol\/condiciones-generales\/\",\"url\":\"https:\/\/tallerandaluzdecocina.com\/espanol\/condiciones-generales\/\",\"name\":\"Condiciones Generales - Taller Andaluz de Cocina\",\"isPartOf\":{\"@id\":\"https:\/\/tallerandaluzdecocina.com\/espanol\/#website\"},\"datePublished\":\"2022-02-23T15:45:02+00:00\",\"dateModified\":\"2022-03-01T12:20:01+00:00\",\"breadcrumb\":{\"@id\":\"https:\/\/tallerandaluzdecocina.com\/espanol\/condiciones-generales\/#breadcrumb\"},\"inLanguage\":\"es\",\"potentialAction\":[{\"@type\":\"ReadAction\",\"target\":[\"https:\/\/tallerandaluzdecocina.com\/espanol\/condiciones-generales\/\"]}]},{\"@type\":\"BreadcrumbList\",\"@id\":\"https:\/\/tallerandaluzdecocina.com\/espanol\/condiciones-generales\/#breadcrumb\",\"itemListElement\":[{\"@type\":\"ListItem\",\"position\":1,\"name\":\"Home\",\"item\":\"https:\/\/tallerandaluzdecocina.com\/espanol\/\"},{\"@type\":\"ListItem\",\"position\":2,\"name\":\"Condiciones Generales\"}]},{\"@type\":\"WebSite\",\"@id\":\"https:\/\/tallerandaluzdecocina.com\/espanol\/#website\",\"url\":\"https:\/\/tallerandaluzdecocina.com\/espanol\/\",\"name\":\"Taller Andaluz de Cocina\",\"description\":\"Talleres de cocina de muy diversas nacionalidades\",\"potentialAction\":[{\"@type\":\"SearchAction\",\"target\":{\"@type\":\"EntryPoint\",\"urlTemplate\":\"https:\/\/tallerandaluzdecocina.com\/espanol\/?s={search_term_string}\"},\"query-input\":{\"@type\":\"PropertyValueSpecification\",\"valueRequired\":true,\"valueName\":\"search_term_string\"}}],\"inLanguage\":\"es\"}]}<\/script>\n<!-- \/ Yoast SEO plugin. -->","yoast_head_json":{"title":"Condiciones Generales - Taller Andaluz de Cocina","robots":{"index":"index","follow":"follow","max-snippet":"max-snippet:-1","max-image-preview":"max-image-preview:large","max-video-preview":"max-video-preview:-1"},"canonical":"https:\/\/tallerandaluzdecocina.com\/espanol\/condiciones-generales\/","og_locale":"es_ES","og_type":"article","og_title":"Condiciones Generales - Taller Andaluz de Cocina","og_description":"[vc_row el_class=\u00bbcustom-content-main\u00bb css=\u00bb.vc_custom_1570430628723{padding-bottom: 30px !important;}\u00bb][vc_column][vc_row_inner][vc_column_inner el_class=\u00bbabout-us\u00bb css=\u00bb.vc_custom_1570436566276{margin-bottom: 30px !important;margin-left: 20px !important;}\u00bb][vc_column_text css=\u00bb.vc_custom_1645631556567{padding-bottom: 10px !important;}\u00bb] Sobre tallerandaluzdecocina.com El prestador de servicios de este sitio web es la entidad Taller Andaluz de Cocina SL, con C.I.F. B-90136359 y sede social en C\/ San Gregorio, 5, Sevilla, con direcci\u00f3n de correo electr\u00f3nico de contacto en info@tallerandaluzdecocina.com El presente aviso e informaci\u00f3n legal regula el uso del servicio del sitio web de Internet tallerandaluzdecocina.com (en adelante, el \u201cSitio Web\u201d). El titular del Sitio Web es: Taller Andaluz de Cocina, S.L. (en adelante TAC). Antes de acceder y hacer uso de este Sito Web lea las siguientes condiciones de uso, las cuales son aceptadas por quien acceda y visualice el Sitio Web. Si no acepta los siguientes t\u00e9rminos y condiciones, no acceda ni utilice este sito web ni su contenido. Estas condiciones generales se rigen por la ley espa\u00f1ola. &nbsp; Sobre tallerandaluzdecocina.com Se adquiere la condici\u00f3n de usuario mediante el acceso al Sitio Web. El usuario es consciente de que el acceso y utilizaci\u00f3n de los servicios y contenidos del Sitio Web se realiza bajo su \u00fanica y exclusiva responsabilidad. Dentro de la expresi\u00f3n \u201cSitio Web\u201d se comprenden -con car\u00e1cter delimitativo pero no limitativo- los&hellip; Read More","og_url":"https:\/\/tallerandaluzdecocina.com\/espanol\/condiciones-generales\/","og_site_name":"Taller Andaluz de Cocina","article_modified_time":"2022-03-01T12:20:01+00:00","twitter_card":"summary_large_image","twitter_misc":{"Tiempo de lectura":"7 minutos"},"schema":{"@context":"https:\/\/schema.org","@graph":[{"@type":"WebPage","@id":"https:\/\/tallerandaluzdecocina.com\/espanol\/condiciones-generales\/","url":"https:\/\/tallerandaluzdecocina.com\/espanol\/condiciones-generales\/","name":"Condiciones Generales - Taller Andaluz de Cocina","isPartOf":{"@id":"https:\/\/tallerandaluzdecocina.com\/espanol\/#website"},"datePublished":"2022-02-23T15:45:02+00:00","dateModified":"2022-03-01T12:20:01+00:00","breadcrumb":{"@id":"https:\/\/tallerandaluzdecocina.com\/espanol\/condiciones-generales\/#breadcrumb"},"inLanguage":"es","potentialAction":[{"@type":"ReadAction","target":["https:\/\/tallerandaluzdecocina.com\/espanol\/condiciones-generales\/"]}]},{"@type":"BreadcrumbList","@id":"https:\/\/tallerandaluzdecocina.com\/espanol\/condiciones-generales\/#breadcrumb","itemListElement":[{"@type":"ListItem","position":1,"name":"Home","item":"https:\/\/tallerandaluzdecocina.com\/espanol\/"},{"@type":"ListItem","position":2,"name":"Condiciones Generales"}]},{"@type":"WebSite","@id":"https:\/\/tallerandaluzdecocina.com\/espanol\/#website","url":"https:\/\/tallerandaluzdecocina.com\/espanol\/","name":"Taller Andaluz de Cocina","description":"Talleres de cocina de muy diversas nacionalidades","potentialAction":[{"@type":"SearchAction","target":{"@type":"EntryPoint","urlTemplate":"https:\/\/tallerandaluzdecocina.com\/espanol\/?s={search_term_string}"},"query-input":{"@type":"PropertyValueSpecification","valueRequired":true,"valueName":"search_term_string"}}],"inLanguage":"es"}]}},"jetpack_sharing_enabled":false,"_links":{"self":[{"href":"https:\/\/tallerandaluzdecocina.com\/espanol\/wp-json\/wp\/v2\/pages\/9397","targetHints":{"allow":["GET"]}}],"collection":[{"href":"https:\/\/tallerandaluzdecocina.com\/espanol\/wp-json\/wp\/v2\/pages"}],"about":[{"href":"https:\/\/tallerandaluzdecocina.com\/espanol\/wp-json\/wp\/v2\/types\/page"}],"author":[{"embeddable":true,"href":"https:\/\/tallerandaluzdecocina.com\/espanol\/wp-json\/wp\/v2\/users\/1"}],"replies":[{"embeddable":true,"href":"https:\/\/tallerandaluzdecocina.com\/espanol\/wp-json\/wp\/v2\/comments?post=9397"}],"version-history":[{"count":3,"href":"https:\/\/tallerandaluzdecocina.com\/espanol\/wp-json\/wp\/v2\/pages\/9397\/revisions"}],"predecessor-version":[{"id":9433,"href":"https:\/\/tallerandaluzdecocina.com\/espanol\/wp-json\/wp\/v2\/pages\/9397\/revisions\/9433"}],"wp:attachment":[{"href":"https:\/\/tallerandaluzdecocina.com\/espanol\/wp-json\/wp\/v2\/media?parent=9397"}],"curies":[{"name":"wp","href":"https:\/\/api.w.org\/{rel}","templated":true}]}}