{"id":9374,"date":"2022-02-22T17:07:11","date_gmt":"2022-02-22T17:07:11","guid":{"rendered":"https:\/\/web.tallerandaluzdecocina.com\/espanol\/nuestra-empresa-copy\/"},"modified":"2025-11-18T18:53:44","modified_gmt":"2025-11-18T18:53:44","slug":"nuestras-cocinas","status":"publish","type":"page","link":"https:\/\/tallerandaluzdecocina.com\/espanol\/nuestras-cocinas\/","title":{"rendered":"Nuestras Cocinas"},"content":{"rendered":"<p>[vc_row el_class=\u00bbcustom-content-main\u00bb css=\u00bb.vc_custom_1570430628723{padding-bottom: 30px !important;}\u00bb][vc_column][vc_row_inner][vc_column_inner width=\u00bb1\/2&#8243; css=\u00bb.vc_custom_1570436560714{margin-bottom: 30px !important;}\u00bb][vc_gallery interval=\u00bb3&#8243; images=\u00bb9586,9589,9598,10377&#8243; img_size=\u00bblarge\u00bb onclick=\u00bb\u00bb title=\u00bbCOCINAS MERCADO: Cocina 1&#8243;][vc_gallery interval=\u00bb3&#8243; images=\u00bb9595,9594,10378,10377,9598&#8243; img_size=\u00bblarge\u00bb onclick=\u00bb\u00bb title=\u00bbCOCINAS MERCADO: Cocina 2&#8243;][vc_gallery interval=\u00bb3&#8243; images=\u00bb9657,9658,10360,10467&#8243; img_size=\u00bb890&#215;670&#8243; onclick=\u00bb\u00bb title=\u00bbCOCINA CHAPINA: Cocina 3&#8243;][vc_gallery interval=\u00bb3&#8243; images=\u00bb10380,10381,10383,10469&#8243; img_size=\u00bb890&#215;670&#8243; onclick=\u00bb\u00bb title=\u00bbCOCINA CASTILLA: Cocina 4&#8243;][\/vc_column_inner][vc_column_inner el_class=\u00bbabout-us\u00bb width=\u00bb1\/2&#8243; css=\u00bb.vc_custom_1570436566276{margin-bottom: 30px !important;margin-left: 20px !important;}\u00bb]<div class=\"shortcode-title left \"><h3 class=\"normal-title\" >Nuestras Cocinas<\/h3><\/div>[vc_column_text css=\u00bb.vc_custom_1757331152840{padding-bottom: 10px !important;}\u00bb]<span style=\"font-weight: 400;\">Taller Andaluz de Cocina (TAC) dispone de 4 cocinas completamente equipadas y repartidas en 3 localizaciones diferentes, todas ellas ubicadas en el barrio de Triana y a poca distancia una de otra, donde se pueden desarrollar un amplio n\u00famero de actividades adaptadas a las necesidades y los gustos de nuestros clientes. Principalmente hacemos <\/span><b>Talleres de Cocina <\/b><span style=\"font-weight: 400;\">presenciales, pero tambi\u00e9n <\/span><b>actividades de Incentivo o Team Building, Cooking Parties, Catas y Degustaciones, Presentaciones de Productos y Show Cookings. <\/b><span style=\"font-weight: 400;\">Tambi\u00e9n ofrecemos la posibilidad de <\/span><b>alquilar el espacio <\/b><span style=\"font-weight: 400;\">para un evento privado.<\/span><\/p>\n<h3><b>COCINAS MERCADO<\/b><\/h3>\n<p><span style=\"font-weight: 400;\">Dentro del Mercado de Triana disponemos de dos cocinas independientes, ubicadas una al lado de la otra y separadas por una puerta.\u00a0<\/span><\/p>\n<p><span style=\"font-weight: 400;\">La primera de ellas tiene capacidad para hasta 16 personas. Se trata de un espacio amplio y abierto al Mercado, que lo hacen perfecto para cualquier tipo de evento y actividad gastron\u00f3mica como\u00a0 showcookings, presentaciones de productos y eventos ante medios de comunicaci\u00f3n y p\u00fablico en general.\u00a0<\/span><\/p>\n<p><span style=\"font-weight: 400;\">La cocina cuenta con una gran isla en el centro, equipada con fogones y con suficiente espacio para desarrollar el cocinado. Su disposici\u00f3n abierta consigue una perfecta inmersi\u00f3n en el entorno del Mercado de Triana, lo que har\u00e1 la experiencia a\u00fan m\u00e1s especial.\u00a0<\/span><\/p>\n<p><span style=\"font-weight: 400;\">Nuestra segunda cocina en el Mercado de Triana tiene capacidad para 12 personas. Tambi\u00e9n cuenta con una isla central equipada para cocinar en ella, as\u00ed como con todas las facilidades que permitir\u00e1n un cocinado c\u00f3modo y agradable.\u00a0<\/span><\/p>\n<p><span style=\"font-weight: 400;\">Esta cocina est\u00e1 cerrada por una cristalera, que le confiere un clima m\u00e1s int\u00edmo y la hace perfecta para eventos privados.\u00a0\u00a0<\/span><\/p>\n<p><span style=\"font-weight: 400;\">A pesar de las capacidades indicadas, el hecho de que seamos comerciantes del Mercado de Triana nos permite la utilizaci\u00f3n de diferentes espacios comunes del mercado donde desarrollar alguna de nuestras actividades. Esto nos permite hacer actividades para grupos m\u00e1s grandes, dividi\u00e9ndolos y ofreciendo paralelamente actividades de cocina y de visita guiada al mercado con diferentes degustaciones, donde al final podemos juntar al grupo a comer todos juntos.<\/span><\/p>\n<p><span style=\"font-weight: 400;\">Adem\u00e1s, es importante destacar que al ser comerciantes del Mercado de Triana, disponemos de licencia municipal para la realizaci\u00f3n de clases de cocina y visitas guiadas al mercado<\/span>.<\/p>\n<p>&nbsp;<\/p>\n<h3><b>COCINA CHAPINA<\/b><\/h3>\n<p><span style=\"font-weight: 400;\">Este espacio tiene capacidad para hasta 24 personas. Se trata de una cocina de grandes dimensiones de aspecto moderno. Tiene una imponente isla central, con cuatro espacios de cocinado entre fogones e inducciones.\u00a0<\/span><\/p>\n<p><span style=\"font-weight: 400;\">Est\u00e1 situada entre la Plaza de Chapina y el Paseo de La O, junto al r\u00edo Guadalquivir. Un entorno privilegiado, muy tranquilo e \u00edntimo y con maravillosas vistas al r\u00edo. Su tama\u00f1o y localizaci\u00f3n permiten que sea un espacio muy polivalente, con capacidad para organizar eventos privados de todo tipo.\u00a0<\/span><\/p>\n<p>&nbsp;<\/p>\n<h3><b>COCINA CASTILLA<\/b><\/h3>\n<p><span style=\"font-weight: 400;\">Este espacio tiene capacidad para hasta 24 personas. Se trata de una cocina de grandes dimensiones de aspecto moderno. Tiene una imponente isla central, con dos espacios de cocinado de 5 fuegos cada uno.\u00a0<\/span><\/p>\n<p><span style=\"font-weight: 400;\">Est\u00e1 situada en la C\/ Castilla 101 esquina con el callej\u00f3n Magallanes, en una ubicaci\u00f3n muy tranquila. Su tama\u00f1o y localizaci\u00f3n permiten que sea un espacio muy polivalente, con capacidad para organizar eventos privados de todo tipo.\u00a0<\/span>[\/vc_column_text][\/vc_column_inner][\/vc_row_inner][vc_row_inner][vc_column_inner width=\u00bb1\/3&#8243; css=\u00bb.vc_custom_1570436560714{margin-bottom: 30px !important;}\u00bb]<div class=\"shortcode-title center \"><h3 class=\"normal-title\" >Mercado de Triana<\/h3><\/div>[vc_gmaps link=\u00bb#E-8_JTNDaWZyYW1lJTIwc3JjJTNEJTIyaHR0cHMlM0ElMkYlMkZ3d3cuZ29vZ2xlLmNvbSUyRm1hcHMlMkZlbWJlZCUzRnBiJTNEJTIxMW0xOCUyMTFtMTIlMjExbTMlMjExZDU4MTQuMTYyMTAwNjYzODUyNSUyMTJkLTYuMDA2NDU0MjgxMDc5OTc3JTIxM2QzNy4zODUyMzM5NDg2MTYzJTIxMm0zJTIxMWYwJTIxMmYwJTIxM2YwJTIxM20yJTIxMWkxMDI0JTIxMmk3NjglMjE0ZjEzLjElMjEzbTMlMjExbTIlMjExczB4ZDEyNmMxMzU2NDBkY2E5JTI1M0EweGVjMGY4NTg5ZjliYzE0MmMlMjEyc1RhbGxlciUyNTIwQW5kYWx1eiUyNTIwZGUlMjUyMENvY2luYSUyMTVlMCUyMTNtMiUyMTFzZXMlMjEyc2VzJTIxNHYxNjQ3MjQ0Njg4MjA1JTIxNW0yJTIxMXNlcyUyMTJzZXMlMjIlMjB3aWR0aCUzRCUyMjYwMCUyMiUyMGhlaWdodCUzRCUyMjQ1MCUyMiUyMGZyYW1lYm9yZGVyJTNEJTIyMCUyMiUyMHN0eWxlJTNEJTIyYm9yZGVyJTNBMCUyMiUyMGFsbG93ZnVsbHNjcmVlbiUzRSUzQyUyRmlmcmFtZSUzRQ==\u00bb][\/vc_column_inner][vc_column_inner el_class=\u00bbabout-us\u00bb width=\u00bb1\/3&#8243; css=\u00bb.vc_custom_1761896153612{margin-right: 20px !important;margin-bottom: 30px !important;margin-left: 20px !important;}\u00bb]<div class=\"shortcode-title center \"><h3 class=\"normal-title\" >Cocina Chapina<\/h3><\/div>[vc_gmaps link=\u00bb#E-8_JTNDaWZyYW1lJTIwc3JjJTNEJTIyaHR0cHMlM0ElMkYlMkZ3d3cuZ29vZ2xlLmNvbSUyRm1hcHMlMkZlbWJlZCUzRnBiJTNEJTIxMW0xOCUyMTFtMTIlMjExbTMlMjExZDMxNzAuMDQxODE1MDAxMjg5JTIxMmQtNi4wMDkyMTI2ODQzNTI3OTclMjEzZDM3LjM4ODg0MzM3OTgzMTU4JTIxMm0zJTIxMWYwJTIxMmYwJTIxM2YwJTIxM20yJTIxMWkxMDI0JTIxMmk3NjglMjE0ZjEzLjElMjEzbTMlMjExbTIlMjExczB4ZDEyNmRhZGJjOGY4MTc5JTI1M0EweGNmOWJmZWQ0Yzc0NmUwMTAlMjEyc1RhbGxlciUyNTIwQW5kYWx1eiUyNTIwZGUlMjUyMENvY2luYSUyNTIwLSUyNTIwQ09DSU5BJTI1MjAyJTI1M0ElMjUyMENIQVBJTkElMjE1ZTAlMjEzbTIlMjExc2VzJTIxMnNlcyUyMTR2MTY0NzI0NDc4NjQ5OSUyMTVtMiUyMTFzZXMlMjEyc2VzJTIyJTIwd2lkdGglM0QlMjI2MDAlMjIlMjBoZWlnaHQlM0QlMjI0NTAlMjIlMjBmcmFtZWJvcmRlciUzRCUyMjAlMjIlMjBzdHlsZSUzRCUyMmJvcmRlciUzQTAlMjIlMjBhbGxvd2Z1bGxzY3JlZW4lM0UlM0MlMkZpZnJhbWUlM0UlMEElMEE=\u00bb][\/vc_column_inner][vc_column_inner width=\u00bb1\/3&#8243; css=\u00bb.vc_custom_1761897000443{margin-left: 20px !important;padding-left: 20px !important;}\u00bb]<div class=\"shortcode-title center \"><h3 class=\"normal-title\" >Cocina Castilla<\/h3><\/div>[vc_gmaps link=\u00bb#E-8_JTNDaWZyYW1lJTIwc3JjJTNEJTIyaHR0cHMlM0ElMkYlMkZ3d3cuZ29vZ2xlLmNvbSUyRm1hcHMlMkZlbWJlZCUzRnBiJTNEJTIxMW0xOCUyMTFtMTIlMjExbTMlMjExZDMxNzAuMDY1MTI5NDY5NDMzJTIxMmQtNi4wMDcyNTcwMDAwMDAwMDElMjEzZDM3LjM4ODI5MiUyMTJtMyUyMTFmMCUyMTJmMCUyMTNmMCUyMTNtMiUyMTFpMTAyNCUyMTJpNzY4JTIxNGYxMy4xJTIxM20zJTIxMW0yJTIxMXMweGQxMjZkZDlkYmQ0NmIyYiUyNTNBMHg4ZDVkY2MyNTA2ZDU2ZDI5JTIxMnNUYWxsZXIlMjUyMEFuZGFsdXolMjUyMGRlJTI1MjBDb2NpbmElMjUyMC0lMjUyMENPQ0lOQSUyNTIwQ0FTVElMTEElMjUyMDEwMSUyMTVlMCUyMTNtMiUyMTFzZXMlMjEyc2VzJTIxNHYxNzMzMDg1NDkzMjgxJTIxNW0yJTIxMXNlcyUyMTJzZXMlMjIlMjB3aWR0aCUzRCUyMjYwMCUyMiUyMGhlaWdodCUzRCUyMjQ1MCUyMiUyMHN0eWxlJTNEJTIyYm9yZGVyJTNBMCUzQiUyMiUyMGFsbG93ZnVsbHNjcmVlbiUzRCUyMiUyMiUyMGxvYWRpbmclM0QlMjJsYXp5JTIyJTIwcmVmZXJyZXJwb2xpY3klM0QlMjJuby1yZWZlcnJlci13aGVuLWRvd25ncmFkZSUyMiUzRSUzQyUyRmlmcmFtZSUzRSUwQQ==\u00bb][\/vc_column_inner][\/vc_row_inner][\/vc_column][\/vc_row]<\/p>\n","protected":false},"excerpt":{"rendered":"<p>[vc_row el_class=\u00bbcustom-content-main\u00bb css=\u00bb.vc_custom_1570430628723{padding-bottom: 30px !important;}\u00bb][vc_column][vc_row_inner][vc_column_inner width=\u00bb1\/2&#8243; css=\u00bb.vc_custom_1570436560714{margin-bottom: 30px !important;}\u00bb][vc_gallery interval=\u00bb3&#8243; images=\u00bb9586,9589,9598,10377&#8243; img_size=\u00bblarge\u00bb onclick=\u00bb\u00bb title=\u00bbCOCINAS MERCADO: Cocina 1&#8243;][vc_gallery interval=\u00bb3&#8243; images=\u00bb9595,9594,10378,10377,9598&#8243; img_size=\u00bblarge\u00bb onclick=\u00bb\u00bb title=\u00bbCOCINAS MERCADO: Cocina 2&#8243;][vc_gallery interval=\u00bb3&#8243; images=\u00bb9657,9658,10360,10467&#8243; img_size=\u00bb890&#215;670&#8243; onclick=\u00bb\u00bb title=\u00bbCOCINA CHAPINA: Cocina 3&#8243;][vc_gallery interval=\u00bb3&#8243; images=\u00bb10380,10381,10383,10469&#8243; img_size=\u00bb890&#215;670&#8243; onclick=\u00bb\u00bb title=\u00bbCOCINA CASTILLA: Cocina 4&#8243;][\/vc_column_inner][vc_column_inner el_class=\u00bbabout-us\u00bb width=\u00bb1\/2&#8243; css=\u00bb.vc_custom_1570436566276{margin-bottom: 30px !important;margin-left: 20px !important;}\u00bb][vc_column_text css=\u00bb.vc_custom_1757331152840{padding-bottom: 10px !important;}\u00bb]Taller Andaluz de Cocina (TAC) dispone de 4 cocinas completamente equipadas y repartidas en 3 localizaciones diferentes, todas ellas ubicadas en el barrio de Triana y a poca distancia una de otra, donde se pueden desarrollar un amplio n\u00famero de actividades adaptadas a las necesidades y los gustos de nuestros clientes. Principalmente hacemos Talleres de Cocina presenciales, pero tambi\u00e9n actividades de Incentivo o Team Building, Cooking Parties, Catas y Degustaciones, Presentaciones de Productos y Show Cookings. Tambi\u00e9n ofrecemos la posibilidad de alquilar el espacio para un evento privado. COCINAS MERCADO Dentro del Mercado de Triana disponemos de dos cocinas independientes, ubicadas una al lado de la otra y separadas por una puerta.\u00a0 La primera de ellas tiene capacidad para hasta 16 personas. Se trata de un espacio amplio y abierto al Mercado, que lo hacen perfecto para cualquier tipo de evento y actividad gastron\u00f3mica como\u00a0 showcookings, presentaciones de productos y&hellip; <a class=\"read-more-link\" href=\"https:\/\/tallerandaluzdecocina.com\/espanol\/nuestras-cocinas\/\">Read More<\/a><\/p>\n","protected":false},"author":1,"featured_media":0,"parent":0,"menu_order":0,"comment_status":"closed","ping_status":"closed","template":"","meta":{"_monsterinsights_skip_tracking":false,"_monsterinsights_sitenote_active":false,"_monsterinsights_sitenote_note":"","_monsterinsights_sitenote_category":0,"footnotes":""},"class_list":["post-9374","page","type-page","status-publish","hentry"],"yoast_head":"<!-- This site is optimized with the Yoast SEO plugin v26.8 - https:\/\/yoast.com\/product\/yoast-seo-wordpress\/ -->\n<title>Nuestras Cocinas - Taller Andaluz de Cocina<\/title>\n<meta name=\"robots\" content=\"index, follow, max-snippet:-1, max-image-preview:large, max-video-preview:-1\" \/>\n<link rel=\"canonical\" href=\"https:\/\/tallerandaluzdecocina.com\/espanol\/nuestras-cocinas\/\" \/>\n<meta property=\"og:locale\" content=\"es_ES\" \/>\n<meta property=\"og:type\" content=\"article\" \/>\n<meta property=\"og:title\" content=\"Nuestras Cocinas - Taller Andaluz de Cocina\" \/>\n<meta property=\"og:description\" content=\"[vc_row el_class=\u00bbcustom-content-main\u00bb css=\u00bb.vc_custom_1570430628723{padding-bottom: 30px !important;}\u00bb][vc_column][vc_row_inner][vc_column_inner width=\u00bb1\/2&#8243; css=\u00bb.vc_custom_1570436560714{margin-bottom: 30px !important;}\u00bb][vc_gallery interval=\u00bb3&#8243; images=\u00bb9586,9589,9598,10377&#8243; img_size=\u00bblarge\u00bb onclick=\u00bb\u00bb title=\u00bbCOCINAS MERCADO: Cocina 1&#8243;][vc_gallery interval=\u00bb3&#8243; images=\u00bb9595,9594,10378,10377,9598&#8243; img_size=\u00bblarge\u00bb onclick=\u00bb\u00bb title=\u00bbCOCINAS MERCADO: Cocina 2&#8243;][vc_gallery interval=\u00bb3&#8243; images=\u00bb9657,9658,10360,10467&#8243; img_size=\u00bb890&#215;670&#8243; onclick=\u00bb\u00bb title=\u00bbCOCINA CHAPINA: Cocina 3&#8243;][vc_gallery interval=\u00bb3&#8243; images=\u00bb10380,10381,10383,10469&#8243; img_size=\u00bb890&#215;670&#8243; onclick=\u00bb\u00bb title=\u00bbCOCINA CASTILLA: Cocina 4&#8243;][\/vc_column_inner][vc_column_inner el_class=\u00bbabout-us\u00bb width=\u00bb1\/2&#8243; css=\u00bb.vc_custom_1570436566276{margin-bottom: 30px !important;margin-left: 20px !important;}\u00bb][vc_column_text css=\u00bb.vc_custom_1757331152840{padding-bottom: 10px !important;}\u00bb]Taller Andaluz de Cocina (TAC) dispone de 4 cocinas completamente equipadas y repartidas en 3 localizaciones diferentes, todas ellas ubicadas en el barrio de Triana y a poca distancia una de otra, donde se pueden desarrollar un amplio n\u00famero de actividades adaptadas a las necesidades y los gustos de nuestros clientes. Principalmente hacemos Talleres de Cocina presenciales, pero tambi\u00e9n actividades de Incentivo o Team Building, Cooking Parties, Catas y Degustaciones, Presentaciones de Productos y Show Cookings. Tambi\u00e9n ofrecemos la posibilidad de alquilar el espacio para un evento privado. COCINAS MERCADO Dentro del Mercado de Triana disponemos de dos cocinas independientes, ubicadas una al lado de la otra y separadas por una puerta.\u00a0 La primera de ellas tiene capacidad para hasta 16 personas. Se trata de un espacio amplio y abierto al Mercado, que lo hacen perfecto para cualquier tipo de evento y actividad gastron\u00f3mica como\u00a0 showcookings, presentaciones de productos y&hellip; Read More\" \/>\n<meta property=\"og:url\" content=\"https:\/\/tallerandaluzdecocina.com\/espanol\/nuestras-cocinas\/\" \/>\n<meta property=\"og:site_name\" content=\"Taller Andaluz de Cocina\" \/>\n<meta property=\"article:modified_time\" content=\"2025-11-18T18:53:44+00:00\" \/>\n<meta name=\"twitter:card\" content=\"summary_large_image\" \/>\n<meta name=\"twitter:label1\" content=\"Tiempo de lectura\" \/>\n\t<meta name=\"twitter:data1\" content=\"7 minutos\" \/>\n<script type=\"application\/ld+json\" class=\"yoast-schema-graph\">{\"@context\":\"https:\/\/schema.org\",\"@graph\":[{\"@type\":\"WebPage\",\"@id\":\"https:\/\/tallerandaluzdecocina.com\/espanol\/nuestras-cocinas\/\",\"url\":\"https:\/\/tallerandaluzdecocina.com\/espanol\/nuestras-cocinas\/\",\"name\":\"Nuestras Cocinas - Taller Andaluz de Cocina\",\"isPartOf\":{\"@id\":\"https:\/\/tallerandaluzdecocina.com\/espanol\/#website\"},\"datePublished\":\"2022-02-22T17:07:11+00:00\",\"dateModified\":\"2025-11-18T18:53:44+00:00\",\"breadcrumb\":{\"@id\":\"https:\/\/tallerandaluzdecocina.com\/espanol\/nuestras-cocinas\/#breadcrumb\"},\"inLanguage\":\"es\",\"potentialAction\":[{\"@type\":\"ReadAction\",\"target\":[\"https:\/\/tallerandaluzdecocina.com\/espanol\/nuestras-cocinas\/\"]}]},{\"@type\":\"BreadcrumbList\",\"@id\":\"https:\/\/tallerandaluzdecocina.com\/espanol\/nuestras-cocinas\/#breadcrumb\",\"itemListElement\":[{\"@type\":\"ListItem\",\"position\":1,\"name\":\"Home\",\"item\":\"https:\/\/tallerandaluzdecocina.com\/espanol\/\"},{\"@type\":\"ListItem\",\"position\":2,\"name\":\"Nuestras Cocinas\"}]},{\"@type\":\"WebSite\",\"@id\":\"https:\/\/tallerandaluzdecocina.com\/espanol\/#website\",\"url\":\"https:\/\/tallerandaluzdecocina.com\/espanol\/\",\"name\":\"Taller Andaluz de Cocina\",\"description\":\"Talleres de cocina de muy diversas nacionalidades\",\"potentialAction\":[{\"@type\":\"SearchAction\",\"target\":{\"@type\":\"EntryPoint\",\"urlTemplate\":\"https:\/\/tallerandaluzdecocina.com\/espanol\/?s={search_term_string}\"},\"query-input\":{\"@type\":\"PropertyValueSpecification\",\"valueRequired\":true,\"valueName\":\"search_term_string\"}}],\"inLanguage\":\"es\"}]}<\/script>\n<!-- \/ Yoast SEO plugin. -->","yoast_head_json":{"title":"Nuestras Cocinas - Taller Andaluz de Cocina","robots":{"index":"index","follow":"follow","max-snippet":"max-snippet:-1","max-image-preview":"max-image-preview:large","max-video-preview":"max-video-preview:-1"},"canonical":"https:\/\/tallerandaluzdecocina.com\/espanol\/nuestras-cocinas\/","og_locale":"es_ES","og_type":"article","og_title":"Nuestras Cocinas - Taller Andaluz de Cocina","og_description":"[vc_row el_class=\u00bbcustom-content-main\u00bb css=\u00bb.vc_custom_1570430628723{padding-bottom: 30px !important;}\u00bb][vc_column][vc_row_inner][vc_column_inner width=\u00bb1\/2&#8243; css=\u00bb.vc_custom_1570436560714{margin-bottom: 30px !important;}\u00bb][vc_gallery interval=\u00bb3&#8243; images=\u00bb9586,9589,9598,10377&#8243; img_size=\u00bblarge\u00bb onclick=\u00bb\u00bb title=\u00bbCOCINAS MERCADO: Cocina 1&#8243;][vc_gallery interval=\u00bb3&#8243; images=\u00bb9595,9594,10378,10377,9598&#8243; img_size=\u00bblarge\u00bb onclick=\u00bb\u00bb title=\u00bbCOCINAS MERCADO: Cocina 2&#8243;][vc_gallery interval=\u00bb3&#8243; images=\u00bb9657,9658,10360,10467&#8243; img_size=\u00bb890&#215;670&#8243; onclick=\u00bb\u00bb title=\u00bbCOCINA CHAPINA: Cocina 3&#8243;][vc_gallery interval=\u00bb3&#8243; images=\u00bb10380,10381,10383,10469&#8243; img_size=\u00bb890&#215;670&#8243; onclick=\u00bb\u00bb title=\u00bbCOCINA CASTILLA: Cocina 4&#8243;][\/vc_column_inner][vc_column_inner el_class=\u00bbabout-us\u00bb width=\u00bb1\/2&#8243; css=\u00bb.vc_custom_1570436566276{margin-bottom: 30px !important;margin-left: 20px !important;}\u00bb][vc_column_text css=\u00bb.vc_custom_1757331152840{padding-bottom: 10px !important;}\u00bb]Taller Andaluz de Cocina (TAC) dispone de 4 cocinas completamente equipadas y repartidas en 3 localizaciones diferentes, todas ellas ubicadas en el barrio de Triana y a poca distancia una de otra, donde se pueden desarrollar un amplio n\u00famero de actividades adaptadas a las necesidades y los gustos de nuestros clientes. Principalmente hacemos Talleres de Cocina presenciales, pero tambi\u00e9n actividades de Incentivo o Team Building, Cooking Parties, Catas y Degustaciones, Presentaciones de Productos y Show Cookings. Tambi\u00e9n ofrecemos la posibilidad de alquilar el espacio para un evento privado. COCINAS MERCADO Dentro del Mercado de Triana disponemos de dos cocinas independientes, ubicadas una al lado de la otra y separadas por una puerta.\u00a0 La primera de ellas tiene capacidad para hasta 16 personas. Se trata de un espacio amplio y abierto al Mercado, que lo hacen perfecto para cualquier tipo de evento y actividad gastron\u00f3mica como\u00a0 showcookings, presentaciones de productos y&hellip; Read More","og_url":"https:\/\/tallerandaluzdecocina.com\/espanol\/nuestras-cocinas\/","og_site_name":"Taller Andaluz de Cocina","article_modified_time":"2025-11-18T18:53:44+00:00","twitter_card":"summary_large_image","twitter_misc":{"Tiempo de lectura":"7 minutos"},"schema":{"@context":"https:\/\/schema.org","@graph":[{"@type":"WebPage","@id":"https:\/\/tallerandaluzdecocina.com\/espanol\/nuestras-cocinas\/","url":"https:\/\/tallerandaluzdecocina.com\/espanol\/nuestras-cocinas\/","name":"Nuestras Cocinas - Taller Andaluz de Cocina","isPartOf":{"@id":"https:\/\/tallerandaluzdecocina.com\/espanol\/#website"},"datePublished":"2022-02-22T17:07:11+00:00","dateModified":"2025-11-18T18:53:44+00:00","breadcrumb":{"@id":"https:\/\/tallerandaluzdecocina.com\/espanol\/nuestras-cocinas\/#breadcrumb"},"inLanguage":"es","potentialAction":[{"@type":"ReadAction","target":["https:\/\/tallerandaluzdecocina.com\/espanol\/nuestras-cocinas\/"]}]},{"@type":"BreadcrumbList","@id":"https:\/\/tallerandaluzdecocina.com\/espanol\/nuestras-cocinas\/#breadcrumb","itemListElement":[{"@type":"ListItem","position":1,"name":"Home","item":"https:\/\/tallerandaluzdecocina.com\/espanol\/"},{"@type":"ListItem","position":2,"name":"Nuestras Cocinas"}]},{"@type":"WebSite","@id":"https:\/\/tallerandaluzdecocina.com\/espanol\/#website","url":"https:\/\/tallerandaluzdecocina.com\/espanol\/","name":"Taller Andaluz de Cocina","description":"Talleres de cocina de muy diversas nacionalidades","potentialAction":[{"@type":"SearchAction","target":{"@type":"EntryPoint","urlTemplate":"https:\/\/tallerandaluzdecocina.com\/espanol\/?s={search_term_string}"},"query-input":{"@type":"PropertyValueSpecification","valueRequired":true,"valueName":"search_term_string"}}],"inLanguage":"es"}]}},"jetpack_sharing_enabled":false,"_links":{"self":[{"href":"https:\/\/tallerandaluzdecocina.com\/espanol\/wp-json\/wp\/v2\/pages\/9374","targetHints":{"allow":["GET"]}}],"collection":[{"href":"https:\/\/tallerandaluzdecocina.com\/espanol\/wp-json\/wp\/v2\/pages"}],"about":[{"href":"https:\/\/tallerandaluzdecocina.com\/espanol\/wp-json\/wp\/v2\/types\/page"}],"author":[{"embeddable":true,"href":"https:\/\/tallerandaluzdecocina.com\/espanol\/wp-json\/wp\/v2\/users\/1"}],"replies":[{"embeddable":true,"href":"https:\/\/tallerandaluzdecocina.com\/espanol\/wp-json\/wp\/v2\/comments?post=9374"}],"version-history":[{"count":29,"href":"https:\/\/tallerandaluzdecocina.com\/espanol\/wp-json\/wp\/v2\/pages\/9374\/revisions"}],"predecessor-version":[{"id":11461,"href":"https:\/\/tallerandaluzdecocina.com\/espanol\/wp-json\/wp\/v2\/pages\/9374\/revisions\/11461"}],"wp:attachment":[{"href":"https:\/\/tallerandaluzdecocina.com\/espanol\/wp-json\/wp\/v2\/media?parent=9374"}],"curies":[{"name":"wp","href":"https:\/\/api.w.org\/{rel}","templated":true}]}}