{"id":9369,"date":"2022-02-22T16:59:12","date_gmt":"2022-02-22T16:59:12","guid":{"rendered":"https:\/\/web.tallerandaluzdecocina.com\/espanol\/nuestra-empresa-copy\/"},"modified":"2025-11-18T18:46:55","modified_gmt":"2025-11-18T18:46:55","slug":"ubicacion-triana","status":"publish","type":"page","link":"https:\/\/tallerandaluzdecocina.com\/espanol\/ubicacion-triana\/","title":{"rendered":"Ubicaci\u00f3n: Barrio de Triana"},"content":{"rendered":"<p>[vc_row el_class=\u00bbcustom-content-main\u00bb css=\u00bb.vc_custom_1570430628723{padding-bottom: 30px !important;}\u00bb][vc_column][vc_row_inner][vc_column_inner width=\u00bb1\/2&#8243; css=\u00bb.vc_custom_1570436560714{margin-bottom: 30px !important;}\u00bb][vc_gallery interval=\u00bb3&#8243; images=\u00bb9705,9707,9708,9709,10375&#8243; img_size=\u00bb800&#215;600&#8243; onclick=\u00bb\u00bb][\/vc_column_inner][vc_column_inner el_class=\u00bbabout-us\u00bb width=\u00bb1\/2&#8243; css=\u00bb.vc_custom_1570436566276{margin-bottom: 30px !important;margin-left: 20px !important;}\u00bb]<div class=\"shortcode-title left \"><h3 class=\"normal-title\" >Ubicaci\u00f3n<\/h3><\/div>[vc_column_text css=\u00bb.vc_custom_1733084906319{padding-bottom: 10px !important;}\u00bb]<span style=\"font-weight: 400;\">Taller Andaluz de Cocina (TAC) dispone de 4 cocinas completamente equipadas y repartidas en 3 localizaciones diferentes, todas ellas ubicadas en el barrio de Triana y a poca distancia una de otra. Se trata de 4 espacios \u00fanicos, en el que la gastronom\u00eda, la ense\u00f1anza y el ocio se entremezclan dando lugar a una experiencia culinaria irrepetible.<\/span><\/p>\n<p><span style=\"font-weight: 400;\">El <\/span><b>barrio de Triana<\/b><span style=\"font-weight: 400;\"> en Sevilla es un lugar lleno de encanto y tradici\u00f3n, conocido por su rica historia, vibrante cultura y ambiente animado. Situado a la orilla del r\u00edo Guadalquivir, Triana es famoso por ser la cuna del flamenco, donde los visitantes pueden disfrutar de espect\u00e1culos aut\u00e9nticos en tabernas y pe\u00f1as locales. Sus calles empedradas y coloridas azoteas ofrecen un paseo encantador, mientras que la cer\u00e1mica trianera, con su inconfundible estilo, a\u00f1ade un toque art\u00edstico al barrio. Adem\u00e1s, Triana cuenta con una variada oferta gastron\u00f3mica, desde tapas tradicionales hasta innovadoras experiencias culinarias, convirti\u00e9ndolo en un destino ideal para los amantes de la buena comida. La convivencia de historia, arte y vida cotidiana hace de Triana un rinc\u00f3n imprescindible para quienes desean sumergirse en la esencia de Sevilla.<\/span><\/p>\n<p><span style=\"font-weight: 400;\">No es menos destacable el valor hist\u00f3rico del enclave en el que nos situamos. El <\/span><b>mercado de Triana<\/b><span style=\"font-weight: 400;\"> est\u00e1 ubicado en la plaza del Altozano junto al Puente de Triana, en cuyos bajos se encuentran los restos del Castillo de San Jorge, sede del antiguo tribunal inquisitorial. Este castillo fue sede de la Inquisici\u00f3n desde 1481, si bien su construcci\u00f3n inicial es de \u00e9poca \u00e1rabe. Afectado por el continuo abandono y sucesivas crecidas del Guadalquivir, en 1823 se instal\u00f3 en su solar el mercado, popularmente conocido como Plaza de Abastos. Con motivo de la Exposici\u00f3n Universal de Sevilla en 1992 y con el objetivo de modernizar el citado mercado, se demoli\u00f3, saliendo a la luz los restos del castillo y de un cementerio almohade.<\/span><\/p>\n<p><span style=\"font-weight: 400;\">El Mercado de Triana es un verdadero tesoro gastron\u00f3mico y cultural que destaca por su vibrante ambiente y rica oferta de productos locales. En este mercado, los visitantes pueden disfrutar de una amplia variedad de alimentos frescos, desde pescados y mariscos de las cercanas costas, hasta frutos y hortalizas de temporada que llegan directamente de las huertas andaluzas. Adem\u00e1s, el mercado alberga numerosos puestos de tapas y bodegas donde se puede degustar la aut\u00e9ntica cocina sevillana, acompa\u00f1ada de un buen vino de la regi\u00f3n. Su arquitectura moderna, combinada con elementos tradicionales, crea un espacio acogedor que invita a los locales y turistas a compartir experiencias culinarias. As\u00ed, el Mercado de Triana no solo es un lugar para comprar, sino tambi\u00e9n un punto de encuentro social que celebra la cultura y la gastronom\u00eda de Sevilla.<\/span>[\/vc_column_text][\/vc_column_inner][\/vc_row_inner][\/vc_column][\/vc_row]<\/p>\n","protected":false},"excerpt":{"rendered":"<p>[vc_row el_class=\u00bbcustom-content-main\u00bb css=\u00bb.vc_custom_1570430628723{padding-bottom: 30px !important;}\u00bb][vc_column][vc_row_inner][vc_column_inner width=\u00bb1\/2&#8243; css=\u00bb.vc_custom_1570436560714{margin-bottom: 30px !important;}\u00bb][vc_gallery interval=\u00bb3&#8243; images=\u00bb9705,9707,9708,9709,10375&#8243; img_size=\u00bb800&#215;600&#8243; onclick=\u00bb\u00bb][\/vc_column_inner][vc_column_inner el_class=\u00bbabout-us\u00bb width=\u00bb1\/2&#8243; css=\u00bb.vc_custom_1570436566276{margin-bottom: 30px !important;margin-left: 20px !important;}\u00bb][vc_column_text css=\u00bb.vc_custom_1733084906319{padding-bottom: 10px !important;}\u00bb]Taller Andaluz de Cocina (TAC) dispone de 4 cocinas completamente equipadas y repartidas en 3 localizaciones diferentes, todas ellas ubicadas en el barrio de Triana y a poca distancia una de otra. Se trata de 4 espacios \u00fanicos, en el que la gastronom\u00eda, la ense\u00f1anza y el ocio se entremezclan dando lugar a una experiencia culinaria irrepetible. El barrio de Triana en Sevilla es un lugar lleno de encanto y tradici\u00f3n, conocido por su rica historia, vibrante cultura y ambiente animado. Situado a la orilla del r\u00edo Guadalquivir, Triana es famoso por ser la cuna del flamenco, donde los visitantes pueden disfrutar de espect\u00e1culos aut\u00e9nticos en tabernas y pe\u00f1as locales. Sus calles empedradas y coloridas azoteas ofrecen un paseo encantador, mientras que la cer\u00e1mica trianera, con su inconfundible estilo, a\u00f1ade un toque art\u00edstico al barrio. Adem\u00e1s, Triana cuenta con una variada oferta gastron\u00f3mica, desde tapas tradicionales hasta innovadoras experiencias culinarias, convirti\u00e9ndolo en un destino ideal para los amantes de la buena comida. La convivencia de historia, arte y vida cotidiana hace de Triana un rinc\u00f3n imprescindible para quienes&hellip; <a class=\"read-more-link\" href=\"https:\/\/tallerandaluzdecocina.com\/espanol\/ubicacion-triana\/\">Read More<\/a><\/p>\n","protected":false},"author":1,"featured_media":0,"parent":0,"menu_order":0,"comment_status":"closed","ping_status":"closed","template":"","meta":{"_monsterinsights_skip_tracking":false,"_monsterinsights_sitenote_active":false,"_monsterinsights_sitenote_note":"","_monsterinsights_sitenote_category":0,"footnotes":""},"class_list":["post-9369","page","type-page","status-publish","hentry"],"yoast_head":"<!-- This site is optimized with the Yoast SEO plugin v26.8 - https:\/\/yoast.com\/product\/yoast-seo-wordpress\/ -->\n<title>Ubicaci\u00f3n: Barrio de Triana - Taller Andaluz de Cocina<\/title>\n<meta name=\"robots\" content=\"index, follow, max-snippet:-1, max-image-preview:large, max-video-preview:-1\" \/>\n<link rel=\"canonical\" href=\"https:\/\/tallerandaluzdecocina.com\/espanol\/ubicacion-triana\/\" \/>\n<meta property=\"og:locale\" content=\"es_ES\" \/>\n<meta property=\"og:type\" content=\"article\" \/>\n<meta property=\"og:title\" content=\"Ubicaci\u00f3n: Barrio de Triana - Taller Andaluz de Cocina\" \/>\n<meta property=\"og:description\" content=\"[vc_row el_class=\u00bbcustom-content-main\u00bb css=\u00bb.vc_custom_1570430628723{padding-bottom: 30px !important;}\u00bb][vc_column][vc_row_inner][vc_column_inner width=\u00bb1\/2&#8243; css=\u00bb.vc_custom_1570436560714{margin-bottom: 30px !important;}\u00bb][vc_gallery interval=\u00bb3&#8243; images=\u00bb9705,9707,9708,9709,10375&#8243; img_size=\u00bb800&#215;600&#8243; onclick=\u00bb\u00bb][\/vc_column_inner][vc_column_inner el_class=\u00bbabout-us\u00bb width=\u00bb1\/2&#8243; css=\u00bb.vc_custom_1570436566276{margin-bottom: 30px !important;margin-left: 20px !important;}\u00bb][vc_column_text css=\u00bb.vc_custom_1733084906319{padding-bottom: 10px !important;}\u00bb]Taller Andaluz de Cocina (TAC) dispone de 4 cocinas completamente equipadas y repartidas en 3 localizaciones diferentes, todas ellas ubicadas en el barrio de Triana y a poca distancia una de otra. Se trata de 4 espacios \u00fanicos, en el que la gastronom\u00eda, la ense\u00f1anza y el ocio se entremezclan dando lugar a una experiencia culinaria irrepetible. El barrio de Triana en Sevilla es un lugar lleno de encanto y tradici\u00f3n, conocido por su rica historia, vibrante cultura y ambiente animado. Situado a la orilla del r\u00edo Guadalquivir, Triana es famoso por ser la cuna del flamenco, donde los visitantes pueden disfrutar de espect\u00e1culos aut\u00e9nticos en tabernas y pe\u00f1as locales. Sus calles empedradas y coloridas azoteas ofrecen un paseo encantador, mientras que la cer\u00e1mica trianera, con su inconfundible estilo, a\u00f1ade un toque art\u00edstico al barrio. Adem\u00e1s, Triana cuenta con una variada oferta gastron\u00f3mica, desde tapas tradicionales hasta innovadoras experiencias culinarias, convirti\u00e9ndolo en un destino ideal para los amantes de la buena comida. La convivencia de historia, arte y vida cotidiana hace de Triana un rinc\u00f3n imprescindible para quienes&hellip; Read More\" \/>\n<meta property=\"og:url\" content=\"https:\/\/tallerandaluzdecocina.com\/espanol\/ubicacion-triana\/\" \/>\n<meta property=\"og:site_name\" content=\"Taller Andaluz de Cocina\" \/>\n<meta property=\"article:modified_time\" content=\"2025-11-18T18:46:55+00:00\" \/>\n<meta name=\"twitter:card\" content=\"summary_large_image\" \/>\n<meta name=\"twitter:label1\" content=\"Tiempo de lectura\" \/>\n\t<meta name=\"twitter:data1\" content=\"3 minutos\" \/>\n<script type=\"application\/ld+json\" class=\"yoast-schema-graph\">{\"@context\":\"https:\/\/schema.org\",\"@graph\":[{\"@type\":\"WebPage\",\"@id\":\"https:\/\/tallerandaluzdecocina.com\/espanol\/ubicacion-triana\/\",\"url\":\"https:\/\/tallerandaluzdecocina.com\/espanol\/ubicacion-triana\/\",\"name\":\"Ubicaci\u00f3n: Barrio de Triana - Taller Andaluz de Cocina\",\"isPartOf\":{\"@id\":\"https:\/\/tallerandaluzdecocina.com\/espanol\/#website\"},\"datePublished\":\"2022-02-22T16:59:12+00:00\",\"dateModified\":\"2025-11-18T18:46:55+00:00\",\"breadcrumb\":{\"@id\":\"https:\/\/tallerandaluzdecocina.com\/espanol\/ubicacion-triana\/#breadcrumb\"},\"inLanguage\":\"es\",\"potentialAction\":[{\"@type\":\"ReadAction\",\"target\":[\"https:\/\/tallerandaluzdecocina.com\/espanol\/ubicacion-triana\/\"]}]},{\"@type\":\"BreadcrumbList\",\"@id\":\"https:\/\/tallerandaluzdecocina.com\/espanol\/ubicacion-triana\/#breadcrumb\",\"itemListElement\":[{\"@type\":\"ListItem\",\"position\":1,\"name\":\"Home\",\"item\":\"https:\/\/tallerandaluzdecocina.com\/espanol\/\"},{\"@type\":\"ListItem\",\"position\":2,\"name\":\"Ubicaci\u00f3n: Barrio de Triana\"}]},{\"@type\":\"WebSite\",\"@id\":\"https:\/\/tallerandaluzdecocina.com\/espanol\/#website\",\"url\":\"https:\/\/tallerandaluzdecocina.com\/espanol\/\",\"name\":\"Taller Andaluz de Cocina\",\"description\":\"Talleres de cocina de muy diversas nacionalidades\",\"potentialAction\":[{\"@type\":\"SearchAction\",\"target\":{\"@type\":\"EntryPoint\",\"urlTemplate\":\"https:\/\/tallerandaluzdecocina.com\/espanol\/?s={search_term_string}\"},\"query-input\":{\"@type\":\"PropertyValueSpecification\",\"valueRequired\":true,\"valueName\":\"search_term_string\"}}],\"inLanguage\":\"es\"}]}<\/script>\n<!-- \/ Yoast SEO plugin. -->","yoast_head_json":{"title":"Ubicaci\u00f3n: Barrio de Triana - Taller Andaluz de Cocina","robots":{"index":"index","follow":"follow","max-snippet":"max-snippet:-1","max-image-preview":"max-image-preview:large","max-video-preview":"max-video-preview:-1"},"canonical":"https:\/\/tallerandaluzdecocina.com\/espanol\/ubicacion-triana\/","og_locale":"es_ES","og_type":"article","og_title":"Ubicaci\u00f3n: Barrio de Triana - Taller Andaluz de Cocina","og_description":"[vc_row el_class=\u00bbcustom-content-main\u00bb css=\u00bb.vc_custom_1570430628723{padding-bottom: 30px !important;}\u00bb][vc_column][vc_row_inner][vc_column_inner width=\u00bb1\/2&#8243; css=\u00bb.vc_custom_1570436560714{margin-bottom: 30px !important;}\u00bb][vc_gallery interval=\u00bb3&#8243; images=\u00bb9705,9707,9708,9709,10375&#8243; img_size=\u00bb800&#215;600&#8243; onclick=\u00bb\u00bb][\/vc_column_inner][vc_column_inner el_class=\u00bbabout-us\u00bb width=\u00bb1\/2&#8243; css=\u00bb.vc_custom_1570436566276{margin-bottom: 30px !important;margin-left: 20px !important;}\u00bb][vc_column_text css=\u00bb.vc_custom_1733084906319{padding-bottom: 10px !important;}\u00bb]Taller Andaluz de Cocina (TAC) dispone de 4 cocinas completamente equipadas y repartidas en 3 localizaciones diferentes, todas ellas ubicadas en el barrio de Triana y a poca distancia una de otra. Se trata de 4 espacios \u00fanicos, en el que la gastronom\u00eda, la ense\u00f1anza y el ocio se entremezclan dando lugar a una experiencia culinaria irrepetible. El barrio de Triana en Sevilla es un lugar lleno de encanto y tradici\u00f3n, conocido por su rica historia, vibrante cultura y ambiente animado. Situado a la orilla del r\u00edo Guadalquivir, Triana es famoso por ser la cuna del flamenco, donde los visitantes pueden disfrutar de espect\u00e1culos aut\u00e9nticos en tabernas y pe\u00f1as locales. Sus calles empedradas y coloridas azoteas ofrecen un paseo encantador, mientras que la cer\u00e1mica trianera, con su inconfundible estilo, a\u00f1ade un toque art\u00edstico al barrio. Adem\u00e1s, Triana cuenta con una variada oferta gastron\u00f3mica, desde tapas tradicionales hasta innovadoras experiencias culinarias, convirti\u00e9ndolo en un destino ideal para los amantes de la buena comida. La convivencia de historia, arte y vida cotidiana hace de Triana un rinc\u00f3n imprescindible para quienes&hellip; Read More","og_url":"https:\/\/tallerandaluzdecocina.com\/espanol\/ubicacion-triana\/","og_site_name":"Taller Andaluz de Cocina","article_modified_time":"2025-11-18T18:46:55+00:00","twitter_card":"summary_large_image","twitter_misc":{"Tiempo de lectura":"3 minutos"},"schema":{"@context":"https:\/\/schema.org","@graph":[{"@type":"WebPage","@id":"https:\/\/tallerandaluzdecocina.com\/espanol\/ubicacion-triana\/","url":"https:\/\/tallerandaluzdecocina.com\/espanol\/ubicacion-triana\/","name":"Ubicaci\u00f3n: Barrio de Triana - Taller Andaluz de Cocina","isPartOf":{"@id":"https:\/\/tallerandaluzdecocina.com\/espanol\/#website"},"datePublished":"2022-02-22T16:59:12+00:00","dateModified":"2025-11-18T18:46:55+00:00","breadcrumb":{"@id":"https:\/\/tallerandaluzdecocina.com\/espanol\/ubicacion-triana\/#breadcrumb"},"inLanguage":"es","potentialAction":[{"@type":"ReadAction","target":["https:\/\/tallerandaluzdecocina.com\/espanol\/ubicacion-triana\/"]}]},{"@type":"BreadcrumbList","@id":"https:\/\/tallerandaluzdecocina.com\/espanol\/ubicacion-triana\/#breadcrumb","itemListElement":[{"@type":"ListItem","position":1,"name":"Home","item":"https:\/\/tallerandaluzdecocina.com\/espanol\/"},{"@type":"ListItem","position":2,"name":"Ubicaci\u00f3n: Barrio de Triana"}]},{"@type":"WebSite","@id":"https:\/\/tallerandaluzdecocina.com\/espanol\/#website","url":"https:\/\/tallerandaluzdecocina.com\/espanol\/","name":"Taller Andaluz de Cocina","description":"Talleres de cocina de muy diversas nacionalidades","potentialAction":[{"@type":"SearchAction","target":{"@type":"EntryPoint","urlTemplate":"https:\/\/tallerandaluzdecocina.com\/espanol\/?s={search_term_string}"},"query-input":{"@type":"PropertyValueSpecification","valueRequired":true,"valueName":"search_term_string"}}],"inLanguage":"es"}]}},"jetpack_sharing_enabled":false,"_links":{"self":[{"href":"https:\/\/tallerandaluzdecocina.com\/espanol\/wp-json\/wp\/v2\/pages\/9369","targetHints":{"allow":["GET"]}}],"collection":[{"href":"https:\/\/tallerandaluzdecocina.com\/espanol\/wp-json\/wp\/v2\/pages"}],"about":[{"href":"https:\/\/tallerandaluzdecocina.com\/espanol\/wp-json\/wp\/v2\/types\/page"}],"author":[{"embeddable":true,"href":"https:\/\/tallerandaluzdecocina.com\/espanol\/wp-json\/wp\/v2\/users\/1"}],"replies":[{"embeddable":true,"href":"https:\/\/tallerandaluzdecocina.com\/espanol\/wp-json\/wp\/v2\/comments?post=9369"}],"version-history":[{"count":13,"href":"https:\/\/tallerandaluzdecocina.com\/espanol\/wp-json\/wp\/v2\/pages\/9369\/revisions"}],"predecessor-version":[{"id":11005,"href":"https:\/\/tallerandaluzdecocina.com\/espanol\/wp-json\/wp\/v2\/pages\/9369\/revisions\/11005"}],"wp:attachment":[{"href":"https:\/\/tallerandaluzdecocina.com\/espanol\/wp-json\/wp\/v2\/media?parent=9369"}],"curies":[{"name":"wp","href":"https:\/\/api.w.org\/{rel}","templated":true}]}}