{"id":9366,"date":"2022-02-22T16:52:25","date_gmt":"2022-02-22T16:52:25","guid":{"rendered":"https:\/\/web.tallerandaluzdecocina.com\/espanol\/about-us-copy-copy\/"},"modified":"2025-11-18T18:45:42","modified_gmt":"2025-11-18T18:45:42","slug":"nuestra-empresa","status":"publish","type":"page","link":"https:\/\/tallerandaluzdecocina.com\/espanol\/nuestra-empresa\/","title":{"rendered":"Nuestra Empresa"},"content":{"rendered":"<p>[vc_row el_class=\u00bbcustom-content-main\u00bb css=\u00bb.vc_custom_1570430628723{padding-bottom: 30px !important;}\u00bb][vc_column][vc_row_inner][vc_column_inner width=\u00bb1\/2&#8243; css=\u00bb.vc_custom_1570436560714{margin-bottom: 30px !important;}\u00bb][vc_gallery interval=\u00bb3&#8243; images=\u00bb9663,9664,9665,9666,9667&#8243; img_size=\u00bb895&#215;671&#8243; onclick=\u00bb\u00bb][\/vc_column_inner][vc_column_inner el_class=\u00bbabout-us\u00bb width=\u00bb1\/2&#8243; css=\u00bb.vc_custom_1570436566276{margin-bottom: 30px !important;margin-left: 20px !important;}\u00bb]<div class=\"shortcode-title left \"><h3 class=\"normal-title\" >Nuestra Empresa<\/h3><\/div>[vc_column_text css=\u00bb.vc_custom_1733084648364{padding-bottom: 10px !important;}\u00bb]<span style=\"font-weight: 400;\">Taller Andaluz de Cocina (TAC) naci\u00f3 en 2014 con el objetivo de dar a conocer la excepcional gastronom\u00eda andalu<\/span><span style=\"font-weight: 400;\">za y espa\u00f1ola a<\/span><span style=\"font-weight: 400;\"> personas de todo el mundo, y la gastronom\u00eda internacional y tem\u00e1tica de todo tipo al p\u00fablico local.<\/span><\/p>\n<p><span style=\"font-weight: 400;\">Para ello, elegimos una ubicaci\u00f3n \u00fanica e inmejorable, el Mercado de Triana en Sevilla, tesoro gastron\u00f3mico y cultural de la ciudad que destaca por su vibrante ambiente y rica oferta de productos locales y de temporada. Estamos ubicados dentro de este mercado, por lo que somos \u201cplaceros\u201d, sentimos el orgullo de ser parte del mismo y formar parte de su historia. Adem\u00e1s, esto hace que seamos una de las pocas escuelas de cocina del mundo ubicadas dentro de un mercado tradicional de abastos.<\/span><\/p>\n<p><span style=\"font-weight: 400;\">Desde entonces hemos tenido la posibilidad de crecer y ya disponemos de <\/span><b>4 cocinas<\/b><span style=\"font-weight: 400;\"> completamente equipadas y repartidas en <\/span><b>3 localizaciones<\/b><span style=\"font-weight: 400;\"> diferentes, todas ellas ubicadas en el <\/span><b>barrio de Triana<\/b><span style=\"font-weight: 400;\"> y a poca distancia una de otra. Se trata de 4 espacios \u00fanicos, en el que la gastronom\u00eda, la ense\u00f1anza y el ocio se entremezclan dando lugar a una experiencia culinaria irrepetible.\u00a0<\/span><\/p>\n<p><span style=\"font-weight: 400;\">En Taller Andaluz de Cocina (TAC) impartimos <\/span><b>clases de cocina participativas<\/b><span style=\"font-weight: 400;\">, adaptadas a <\/span><b>todos los niveles<\/b><span style=\"font-weight: 400;\">, de <\/span><b>varias horas de duraci\u00f3n<\/b><span style=\"font-weight: 400;\"> y de muy <\/span><b>diversas tem\u00e1ticas<\/b><span style=\"font-weight: 400;\"> dirigidas a <\/span><b>p\u00fablico local y extranjero<\/b><span style=\"font-weight: 400;\">. Los profesores son cocineros profesionales, con amplia experiencia en cocina y en formaci\u00f3n, que te har\u00e1n pasar un rato inolvidable de aprendizaje y ocio en un ambiente relajado. Adem\u00e1s, la experiencia <\/span><b>incluye el almuerzo o la cena<\/b><span style=\"font-weight: 400;\">, ya que al finalizar la clase se come lo que se ha elaborado acompa\u00f1ado de varias bebidas. Finalmente, el participante podr\u00e1 poner en pr\u00e1ctica lo aprendido en casa, ya que <\/span><b>entregamos las recetas<\/b><span style=\"font-weight: 400;\"> de lo cocinado.<\/span><\/p>\n<p><span style=\"font-weight: 400;\">Disponemos de una amplia programaci\u00f3n de <\/span><b>clases abiertas<\/b><span style=\"font-weight: 400;\"> a las que te puedes apuntar de forma individual o en grupo. Adem\u00e1s, organizamos <\/span><b>eventos privados <\/b><span style=\"font-weight: 400;\">a medida para amigos o empresas, que pueden ser clases participativas o eventos competitivos m\u00e1s orientados al team building. Finalmente, tambi\u00e9n organizamos otro tipo de eventos relacionados con el mundo de la gastronom\u00eda y la alimentaci\u00f3n, como catas y degustaciones, presentaciones de productos, etc.<\/span>[\/vc_column_text][\/vc_column_inner][\/vc_row_inner][\/vc_column][\/vc_row]<\/p>\n","protected":false},"excerpt":{"rendered":"<p>[vc_row el_class=\u00bbcustom-content-main\u00bb css=\u00bb.vc_custom_1570430628723{padding-bottom: 30px !important;}\u00bb][vc_column][vc_row_inner][vc_column_inner width=\u00bb1\/2&#8243; css=\u00bb.vc_custom_1570436560714{margin-bottom: 30px !important;}\u00bb][vc_gallery interval=\u00bb3&#8243; images=\u00bb9663,9664,9665,9666,9667&#8243; img_size=\u00bb895&#215;671&#8243; onclick=\u00bb\u00bb][\/vc_column_inner][vc_column_inner el_class=\u00bbabout-us\u00bb width=\u00bb1\/2&#8243; css=\u00bb.vc_custom_1570436566276{margin-bottom: 30px !important;margin-left: 20px !important;}\u00bb][vc_column_text css=\u00bb.vc_custom_1733084648364{padding-bottom: 10px !important;}\u00bb]Taller Andaluz de Cocina (TAC) naci\u00f3 en 2014 con el objetivo de dar a conocer la excepcional gastronom\u00eda andaluza y espa\u00f1ola a personas de todo el mundo, y la gastronom\u00eda internacional y tem\u00e1tica de todo tipo al p\u00fablico local. Para ello, elegimos una ubicaci\u00f3n \u00fanica e inmejorable, el Mercado de Triana en Sevilla, tesoro gastron\u00f3mico y cultural de la ciudad que destaca por su vibrante ambiente y rica oferta de productos locales y de temporada. Estamos ubicados dentro de este mercado, por lo que somos \u201cplaceros\u201d, sentimos el orgullo de ser parte del mismo y formar parte de su historia. Adem\u00e1s, esto hace que seamos una de las pocas escuelas de cocina del mundo ubicadas dentro de un mercado tradicional de abastos. Desde entonces hemos tenido la posibilidad de crecer y ya disponemos de 4 cocinas completamente equipadas y repartidas en 3 localizaciones diferentes, todas ellas ubicadas en el barrio de Triana y a poca distancia una de otra. Se trata de 4 espacios \u00fanicos, en el que la gastronom\u00eda, la ense\u00f1anza y el ocio se entremezclan dando&hellip; <a class=\"read-more-link\" href=\"https:\/\/tallerandaluzdecocina.com\/espanol\/nuestra-empresa\/\">Read More<\/a><\/p>\n","protected":false},"author":1,"featured_media":0,"parent":0,"menu_order":0,"comment_status":"closed","ping_status":"closed","template":"","meta":{"_monsterinsights_skip_tracking":false,"_monsterinsights_sitenote_active":false,"_monsterinsights_sitenote_note":"","_monsterinsights_sitenote_category":0,"footnotes":""},"class_list":["post-9366","page","type-page","status-publish","hentry"],"yoast_head":"<!-- This site is optimized with the Yoast SEO plugin v26.8 - https:\/\/yoast.com\/product\/yoast-seo-wordpress\/ -->\n<title>Nuestra Empresa - Taller Andaluz de Cocina<\/title>\n<meta name=\"robots\" content=\"index, follow, max-snippet:-1, max-image-preview:large, max-video-preview:-1\" \/>\n<link rel=\"canonical\" href=\"https:\/\/tallerandaluzdecocina.com\/espanol\/nuestra-empresa\/\" \/>\n<meta property=\"og:locale\" content=\"es_ES\" \/>\n<meta property=\"og:type\" content=\"article\" \/>\n<meta property=\"og:title\" content=\"Nuestra Empresa - Taller Andaluz de Cocina\" \/>\n<meta property=\"og:description\" content=\"[vc_row el_class=\u00bbcustom-content-main\u00bb css=\u00bb.vc_custom_1570430628723{padding-bottom: 30px !important;}\u00bb][vc_column][vc_row_inner][vc_column_inner width=\u00bb1\/2&#8243; css=\u00bb.vc_custom_1570436560714{margin-bottom: 30px !important;}\u00bb][vc_gallery interval=\u00bb3&#8243; images=\u00bb9663,9664,9665,9666,9667&#8243; img_size=\u00bb895&#215;671&#8243; onclick=\u00bb\u00bb][\/vc_column_inner][vc_column_inner el_class=\u00bbabout-us\u00bb width=\u00bb1\/2&#8243; css=\u00bb.vc_custom_1570436566276{margin-bottom: 30px !important;margin-left: 20px !important;}\u00bb][vc_column_text css=\u00bb.vc_custom_1733084648364{padding-bottom: 10px !important;}\u00bb]Taller Andaluz de Cocina (TAC) naci\u00f3 en 2014 con el objetivo de dar a conocer la excepcional gastronom\u00eda andaluza y espa\u00f1ola a personas de todo el mundo, y la gastronom\u00eda internacional y tem\u00e1tica de todo tipo al p\u00fablico local. Para ello, elegimos una ubicaci\u00f3n \u00fanica e inmejorable, el Mercado de Triana en Sevilla, tesoro gastron\u00f3mico y cultural de la ciudad que destaca por su vibrante ambiente y rica oferta de productos locales y de temporada. Estamos ubicados dentro de este mercado, por lo que somos \u201cplaceros\u201d, sentimos el orgullo de ser parte del mismo y formar parte de su historia. Adem\u00e1s, esto hace que seamos una de las pocas escuelas de cocina del mundo ubicadas dentro de un mercado tradicional de abastos. Desde entonces hemos tenido la posibilidad de crecer y ya disponemos de 4 cocinas completamente equipadas y repartidas en 3 localizaciones diferentes, todas ellas ubicadas en el barrio de Triana y a poca distancia una de otra. Se trata de 4 espacios \u00fanicos, en el que la gastronom\u00eda, la ense\u00f1anza y el ocio se entremezclan dando&hellip; Read More\" \/>\n<meta property=\"og:url\" content=\"https:\/\/tallerandaluzdecocina.com\/espanol\/nuestra-empresa\/\" \/>\n<meta property=\"og:site_name\" content=\"Taller Andaluz de Cocina\" \/>\n<meta property=\"article:modified_time\" content=\"2025-11-18T18:45:42+00:00\" \/>\n<meta name=\"twitter:card\" content=\"summary_large_image\" \/>\n<meta name=\"twitter:label1\" content=\"Tiempo de lectura\" \/>\n\t<meta name=\"twitter:data1\" content=\"2 minutos\" \/>\n<script type=\"application\/ld+json\" class=\"yoast-schema-graph\">{\"@context\":\"https:\/\/schema.org\",\"@graph\":[{\"@type\":\"WebPage\",\"@id\":\"https:\/\/tallerandaluzdecocina.com\/espanol\/nuestra-empresa\/\",\"url\":\"https:\/\/tallerandaluzdecocina.com\/espanol\/nuestra-empresa\/\",\"name\":\"Nuestra Empresa - Taller Andaluz de Cocina\",\"isPartOf\":{\"@id\":\"https:\/\/tallerandaluzdecocina.com\/espanol\/#website\"},\"datePublished\":\"2022-02-22T16:52:25+00:00\",\"dateModified\":\"2025-11-18T18:45:42+00:00\",\"breadcrumb\":{\"@id\":\"https:\/\/tallerandaluzdecocina.com\/espanol\/nuestra-empresa\/#breadcrumb\"},\"inLanguage\":\"es\",\"potentialAction\":[{\"@type\":\"ReadAction\",\"target\":[\"https:\/\/tallerandaluzdecocina.com\/espanol\/nuestra-empresa\/\"]}]},{\"@type\":\"BreadcrumbList\",\"@id\":\"https:\/\/tallerandaluzdecocina.com\/espanol\/nuestra-empresa\/#breadcrumb\",\"itemListElement\":[{\"@type\":\"ListItem\",\"position\":1,\"name\":\"Home\",\"item\":\"https:\/\/tallerandaluzdecocina.com\/espanol\/\"},{\"@type\":\"ListItem\",\"position\":2,\"name\":\"Nuestra Empresa\"}]},{\"@type\":\"WebSite\",\"@id\":\"https:\/\/tallerandaluzdecocina.com\/espanol\/#website\",\"url\":\"https:\/\/tallerandaluzdecocina.com\/espanol\/\",\"name\":\"Taller Andaluz de Cocina\",\"description\":\"Talleres de cocina de muy diversas nacionalidades\",\"potentialAction\":[{\"@type\":\"SearchAction\",\"target\":{\"@type\":\"EntryPoint\",\"urlTemplate\":\"https:\/\/tallerandaluzdecocina.com\/espanol\/?s={search_term_string}\"},\"query-input\":{\"@type\":\"PropertyValueSpecification\",\"valueRequired\":true,\"valueName\":\"search_term_string\"}}],\"inLanguage\":\"es\"}]}<\/script>\n<!-- \/ Yoast SEO plugin. -->","yoast_head_json":{"title":"Nuestra Empresa - Taller Andaluz de Cocina","robots":{"index":"index","follow":"follow","max-snippet":"max-snippet:-1","max-image-preview":"max-image-preview:large","max-video-preview":"max-video-preview:-1"},"canonical":"https:\/\/tallerandaluzdecocina.com\/espanol\/nuestra-empresa\/","og_locale":"es_ES","og_type":"article","og_title":"Nuestra Empresa - Taller Andaluz de Cocina","og_description":"[vc_row el_class=\u00bbcustom-content-main\u00bb css=\u00bb.vc_custom_1570430628723{padding-bottom: 30px !important;}\u00bb][vc_column][vc_row_inner][vc_column_inner width=\u00bb1\/2&#8243; css=\u00bb.vc_custom_1570436560714{margin-bottom: 30px !important;}\u00bb][vc_gallery interval=\u00bb3&#8243; images=\u00bb9663,9664,9665,9666,9667&#8243; img_size=\u00bb895&#215;671&#8243; onclick=\u00bb\u00bb][\/vc_column_inner][vc_column_inner el_class=\u00bbabout-us\u00bb width=\u00bb1\/2&#8243; css=\u00bb.vc_custom_1570436566276{margin-bottom: 30px !important;margin-left: 20px !important;}\u00bb][vc_column_text css=\u00bb.vc_custom_1733084648364{padding-bottom: 10px !important;}\u00bb]Taller Andaluz de Cocina (TAC) naci\u00f3 en 2014 con el objetivo de dar a conocer la excepcional gastronom\u00eda andaluza y espa\u00f1ola a personas de todo el mundo, y la gastronom\u00eda internacional y tem\u00e1tica de todo tipo al p\u00fablico local. Para ello, elegimos una ubicaci\u00f3n \u00fanica e inmejorable, el Mercado de Triana en Sevilla, tesoro gastron\u00f3mico y cultural de la ciudad que destaca por su vibrante ambiente y rica oferta de productos locales y de temporada. Estamos ubicados dentro de este mercado, por lo que somos \u201cplaceros\u201d, sentimos el orgullo de ser parte del mismo y formar parte de su historia. Adem\u00e1s, esto hace que seamos una de las pocas escuelas de cocina del mundo ubicadas dentro de un mercado tradicional de abastos. Desde entonces hemos tenido la posibilidad de crecer y ya disponemos de 4 cocinas completamente equipadas y repartidas en 3 localizaciones diferentes, todas ellas ubicadas en el barrio de Triana y a poca distancia una de otra. Se trata de 4 espacios \u00fanicos, en el que la gastronom\u00eda, la ense\u00f1anza y el ocio se entremezclan dando&hellip; Read More","og_url":"https:\/\/tallerandaluzdecocina.com\/espanol\/nuestra-empresa\/","og_site_name":"Taller Andaluz de Cocina","article_modified_time":"2025-11-18T18:45:42+00:00","twitter_card":"summary_large_image","twitter_misc":{"Tiempo de lectura":"2 minutos"},"schema":{"@context":"https:\/\/schema.org","@graph":[{"@type":"WebPage","@id":"https:\/\/tallerandaluzdecocina.com\/espanol\/nuestra-empresa\/","url":"https:\/\/tallerandaluzdecocina.com\/espanol\/nuestra-empresa\/","name":"Nuestra Empresa - Taller Andaluz de Cocina","isPartOf":{"@id":"https:\/\/tallerandaluzdecocina.com\/espanol\/#website"},"datePublished":"2022-02-22T16:52:25+00:00","dateModified":"2025-11-18T18:45:42+00:00","breadcrumb":{"@id":"https:\/\/tallerandaluzdecocina.com\/espanol\/nuestra-empresa\/#breadcrumb"},"inLanguage":"es","potentialAction":[{"@type":"ReadAction","target":["https:\/\/tallerandaluzdecocina.com\/espanol\/nuestra-empresa\/"]}]},{"@type":"BreadcrumbList","@id":"https:\/\/tallerandaluzdecocina.com\/espanol\/nuestra-empresa\/#breadcrumb","itemListElement":[{"@type":"ListItem","position":1,"name":"Home","item":"https:\/\/tallerandaluzdecocina.com\/espanol\/"},{"@type":"ListItem","position":2,"name":"Nuestra Empresa"}]},{"@type":"WebSite","@id":"https:\/\/tallerandaluzdecocina.com\/espanol\/#website","url":"https:\/\/tallerandaluzdecocina.com\/espanol\/","name":"Taller Andaluz de Cocina","description":"Talleres de cocina de muy diversas nacionalidades","potentialAction":[{"@type":"SearchAction","target":{"@type":"EntryPoint","urlTemplate":"https:\/\/tallerandaluzdecocina.com\/espanol\/?s={search_term_string}"},"query-input":{"@type":"PropertyValueSpecification","valueRequired":true,"valueName":"search_term_string"}}],"inLanguage":"es"}]}},"jetpack_sharing_enabled":false,"_links":{"self":[{"href":"https:\/\/tallerandaluzdecocina.com\/espanol\/wp-json\/wp\/v2\/pages\/9366","targetHints":{"allow":["GET"]}}],"collection":[{"href":"https:\/\/tallerandaluzdecocina.com\/espanol\/wp-json\/wp\/v2\/pages"}],"about":[{"href":"https:\/\/tallerandaluzdecocina.com\/espanol\/wp-json\/wp\/v2\/types\/page"}],"author":[{"embeddable":true,"href":"https:\/\/tallerandaluzdecocina.com\/espanol\/wp-json\/wp\/v2\/users\/1"}],"replies":[{"embeddable":true,"href":"https:\/\/tallerandaluzdecocina.com\/espanol\/wp-json\/wp\/v2\/comments?post=9366"}],"version-history":[{"count":13,"href":"https:\/\/tallerandaluzdecocina.com\/espanol\/wp-json\/wp\/v2\/pages\/9366\/revisions"}],"predecessor-version":[{"id":11004,"href":"https:\/\/tallerandaluzdecocina.com\/espanol\/wp-json\/wp\/v2\/pages\/9366\/revisions\/11004"}],"wp:attachment":[{"href":"https:\/\/tallerandaluzdecocina.com\/espanol\/wp-json\/wp\/v2\/media?parent=9366"}],"curies":[{"name":"wp","href":"https:\/\/api.w.org\/{rel}","templated":true}]}}