{"id":9319,"date":"2022-02-15T17:20:39","date_gmt":"2022-02-15T17:20:39","guid":{"rendered":"https:\/\/web.tallerandaluzdecocina.com\/espanol\/talleres-presenciales-texto-copy\/"},"modified":"2022-03-08T17:53:25","modified_gmt":"2022-03-08T17:53:25","slug":"talleres-online-texto","status":"publish","type":"page","link":"https:\/\/tallerandaluzdecocina.com\/espanol\/talleres-online-texto\/","title":{"rendered":"Talleres Online"},"content":{"rendered":"<p>[vc_row][vc_column width=\u00bb1\/4&#8243; css=\u00bb.vc_custom_1638969550062{padding-top: 100px !important;}\u00bb][vc_wp_custommenu title=\u00bbTALLERES ONLINE\u00bb nav_menu=\u00bb102&#8243;][vc_wp_custommenu title=\u00bbB\u00daSQUEDA DE TALLERES\u00bb nav_menu=\u00bb100&#8243;][\/vc_column][vc_column width=\u00bb3\/4&#8243;][vc_column_text]<\/p>\n<h2 id=\"funcionan-talleres\" style=\"padding-top: 100px;\">\u00bfC\u00f3mo funcionan los Talleres Online?<\/h2>\n<p>En este momento no tenemos clases online abiertas programadas en el calendario de nuestra web, pero s\u00ed podemos organizar un Taller de cocina ONLINE para t\u00ed y tus amigos, familia o compa\u00f1eros de trabajo.<\/p>\n<p>Elige el Taller que m\u00e1s te guste de nuestra variada oferta y cont\u00e1ctanos proponiendo una fecha, bien por tel\u00e9fono en el 672 16 26 21 o email en info@tallerandaluzdecocina.com.<\/p>\n<p>Los Talleres de Cocina ONLINE los impartimos por ZOOM, para lo que los participantes deben disponer de un Ordenador Port\u00e1til, Tablet o M\u00f3vil y una conexi\u00f3n a Internet adecuada. Con al menos 24 horas de antelaci\u00f3n al comienzo de la Clase de Cocina te enviaremos la lista de utensilios e ingredientes de que debes disponer en casa y que debes tener preparada, para poder realizar las recetas junto a nuestro Chef.<\/p>\n<p align=\"justify\">Si quieres hacer un Taller de cocina online con Taller Andaluz de Cocina (TAC), tan solo tienes que buscar en nuestra web el taller que m\u00e1s te guste, elegir una fecha y hora en que est\u00e9 programado y que te venga bien, comprobar que haya disponibilidad de plazas, y formalizar la reserva siguiendo las instrucciones.<\/p>\n<p align=\"justify\">La b\u00fasqueda la puedes hacer directamente en la web, bien por taller en la <strong>secci\u00f3n Talleres<\/strong>, o bien por fecha en la <strong>secci\u00f3n Calendario<\/strong>. Si tienes cualquier duda o problema a la hora de hacer la reserva puedes contactar con nosotros por tel\u00e9fono en el <strong>672 16 26 21<\/strong> o email en <strong>info@tallerandaluzdecocina.com<\/strong>.<\/p>\n<p align=\"justify\">Una vez hayas formalizado la reserva, podr\u00e1s hacer cualquier modificaci\u00f3n o cancelarla con al menos 48h de antelaci\u00f3n al inicio del taller. Con posterioridad se perder\u00eda el importe de la misma.<\/p>\n<p align=\"left\"><u>Recuerda que debes avisarnos con antelaci\u00f3n si alguna de las personas que realiza el taller tiene alguna alergia o restricci\u00f3n alimentaria.<\/u><\/p>\n<p align=\"justify\">Los talleres pueden ser cancelados si no se llega a un n\u00famero m\u00ednimo de participantes. Te avisar\u00edamos con m\u00e1s de 48 horas de antelaci\u00f3n.<\/p>\n<p align=\"justify\">Cuando reserves el taller de cocina en la fecha y hora establecida, recibir\u00e1s por email un documento con la lista de ingredientes y utensilios que debes tener listo en el momento del comienzo de la clase, as\u00ed como cualquier indicaci\u00f3n adicional relacionada con la cocina, y la informaci\u00f3n relativa a la conexi\u00f3n.<\/p>\n<p align=\"justify\">El cocinero comenzar\u00e1 la clase explicando qu\u00e9 se va a cocinar, la din\u00e1mica de la clase y cualquier otra informaci\u00f3n necesaria.<\/p>\n<h2 id=\"practicos\" style=\"padding-top: 100px;\">Talleres pr\u00e1cticos y adaptados a todos los niveles<\/h2>\n<p align=\"left\">Los Talleres online de Taller Andaluz de Cocina (TAC) son pr\u00e1cticos y adaptados a todos los niveles. Est\u00e1n dirigidos a un <strong>p\u00fablico adulto<\/strong>, (\u00a1excepto los talleres para ni\u00f1os o para familias, claro!) y son impartidos por <strong>cocineros profesionales<\/strong>.<\/p>\n<p align=\"left\">La mayor parte de nuestros talleres online consisten en la elaboraci\u00f3n de 2 recetas, y la duraci\u00f3n estimada es de unas dos horas.<\/p>\n<h2 id=\"pdf\" style=\"padding-top: 100px;\">Env\u00edo de Recetas en formato PDF<\/h2>\n<p align=\"left\">Al finalizar la clase, mandamos las recetas por email en formato pdf, para que no las pierdas y puedas practicar en casa.<\/p>\n<h2 id=\"regalo\" style=\"padding-top: 100px;\">Tengo un Bono Regalo<\/h2>\n<p align=\"left\">Si te han regalado un Bono Regalo para una clase Online de Taller Andaluz de Cocina (TAC) y quieres canjearlo, tan solo tienes que buscar en nuestra web el taller Online que m\u00e1s te guste, elegir una fecha y hora en que est\u00e9 programado y que te venga bien, comprobar que haya disponibilidad de plazas, y formalizar la reserva siguiendo las instrucciones, e <strong>indicando el n\u00famero de referencia que aparece en el bono.<\/strong><\/p>\n<p align=\"left\">La b\u00fasqueda la puedes hacer directamente en la web, bien por taller en la <strong>secci\u00f3n Talleres<\/strong>, o bien por fecha en la <strong>secci\u00f3n Calendario<\/strong>. Si tienes cualquier duda o problema a la hora de hacer la reserva puedes contactar con nosotros por tel\u00e9fono en el <strong>672 16 26 21<\/strong> o email en <strong>info@tallerandaluzdecocina.com.<\/strong><\/p>\n<p align=\"left\">Una vez hayas formalizado la <strong>reserva<\/strong>, podr\u00e1s hacer cualquier modificaci\u00f3n o cancelarla con al menos 48h de antelaci\u00f3n al inicio del taller. Con posterioridad se perder\u00eda la validez del bono regalo.<\/p>\n<p align=\"left\"><u>Recuerda que debes avisarnos con antelaci\u00f3n si alguna de las personas que realiza el taller tiene alguna alergia o restricci\u00f3n alimentaria.<\/u><\/p>\n<h2 id=\"faq\" style=\"padding-top: 100px;\">\u00bfTienes dudas?<\/h2>\n<p align=\"left\">Si tienes alguna duda puedes contactar directamente con nosotros por tel\u00e9fono en el <strong>672 16 26 21<\/strong> o email en <strong>info@tallerandaluzdecocina.com<\/strong>.<\/p>\n<p>[\/vc_column_text][\/vc_column][\/vc_row]<\/p>\n","protected":false},"excerpt":{"rendered":"<p>[vc_row][vc_column width=\u00bb1\/4&#8243; css=\u00bb.vc_custom_1638969550062{padding-top: 100px !important;}\u00bb][vc_wp_custommenu title=\u00bbTALLERES ONLINE\u00bb nav_menu=\u00bb102&#8243;][vc_wp_custommenu title=\u00bbB\u00daSQUEDA DE TALLERES\u00bb nav_menu=\u00bb100&#8243;][\/vc_column][vc_column width=\u00bb3\/4&#8243;][vc_column_text] \u00bfC\u00f3mo funcionan los Talleres Online? En este momento no tenemos clases online abiertas programadas en el calendario de nuestra web, pero s\u00ed podemos organizar un Taller de cocina ONLINE para t\u00ed y tus amigos, familia o compa\u00f1eros de trabajo. Elige el Taller que m\u00e1s te guste de nuestra variada oferta y cont\u00e1ctanos proponiendo una fecha, bien por tel\u00e9fono en el 672 16 26 21 o email en info@tallerandaluzdecocina.com. Los Talleres de Cocina ONLINE los impartimos por ZOOM, para lo que los participantes deben disponer de un Ordenador Port\u00e1til, Tablet o M\u00f3vil y una conexi\u00f3n a Internet adecuada. Con al menos 24 horas de antelaci\u00f3n al comienzo de la Clase de Cocina te enviaremos la lista de utensilios e ingredientes de que debes disponer en casa y que debes tener preparada, para poder realizar las recetas junto a nuestro Chef. Si quieres hacer un Taller de cocina online con Taller Andaluz de Cocina (TAC), tan solo tienes que buscar en nuestra web el taller que m\u00e1s te guste, elegir una fecha y hora en que est\u00e9 programado y que te venga bien, comprobar que haya disponibilidad de plazas,&hellip; <a class=\"read-more-link\" href=\"https:\/\/tallerandaluzdecocina.com\/espanol\/talleres-online-texto\/\">Read More<\/a><\/p>\n","protected":false},"author":1,"featured_media":0,"parent":0,"menu_order":0,"comment_status":"closed","ping_status":"closed","template":"","meta":{"_monsterinsights_skip_tracking":false,"_monsterinsights_sitenote_active":false,"_monsterinsights_sitenote_note":"","_monsterinsights_sitenote_category":0,"footnotes":""},"class_list":["post-9319","page","type-page","status-publish","hentry"],"yoast_head":"<!-- This site is optimized with the Yoast SEO plugin v26.8 - https:\/\/yoast.com\/product\/yoast-seo-wordpress\/ -->\n<title>Talleres Online - Taller Andaluz de Cocina<\/title>\n<meta name=\"robots\" content=\"index, follow, max-snippet:-1, max-image-preview:large, max-video-preview:-1\" \/>\n<link rel=\"canonical\" href=\"https:\/\/tallerandaluzdecocina.com\/espanol\/talleres-online-texto\/\" \/>\n<meta property=\"og:locale\" content=\"es_ES\" \/>\n<meta property=\"og:type\" content=\"article\" \/>\n<meta property=\"og:title\" content=\"Talleres Online - Taller Andaluz de Cocina\" \/>\n<meta property=\"og:description\" content=\"[vc_row][vc_column width=\u00bb1\/4&#8243; css=\u00bb.vc_custom_1638969550062{padding-top: 100px !important;}\u00bb][vc_wp_custommenu title=\u00bbTALLERES ONLINE\u00bb nav_menu=\u00bb102&#8243;][vc_wp_custommenu title=\u00bbB\u00daSQUEDA DE TALLERES\u00bb nav_menu=\u00bb100&#8243;][\/vc_column][vc_column width=\u00bb3\/4&#8243;][vc_column_text] \u00bfC\u00f3mo funcionan los Talleres Online? En este momento no tenemos clases online abiertas programadas en el calendario de nuestra web, pero s\u00ed podemos organizar un Taller de cocina ONLINE para t\u00ed y tus amigos, familia o compa\u00f1eros de trabajo. Elige el Taller que m\u00e1s te guste de nuestra variada oferta y cont\u00e1ctanos proponiendo una fecha, bien por tel\u00e9fono en el 672 16 26 21 o email en info@tallerandaluzdecocina.com. Los Talleres de Cocina ONLINE los impartimos por ZOOM, para lo que los participantes deben disponer de un Ordenador Port\u00e1til, Tablet o M\u00f3vil y una conexi\u00f3n a Internet adecuada. Con al menos 24 horas de antelaci\u00f3n al comienzo de la Clase de Cocina te enviaremos la lista de utensilios e ingredientes de que debes disponer en casa y que debes tener preparada, para poder realizar las recetas junto a nuestro Chef. Si quieres hacer un Taller de cocina online con Taller Andaluz de Cocina (TAC), tan solo tienes que buscar en nuestra web el taller que m\u00e1s te guste, elegir una fecha y hora en que est\u00e9 programado y que te venga bien, comprobar que haya disponibilidad de plazas,&hellip; Read More\" \/>\n<meta property=\"og:url\" content=\"https:\/\/tallerandaluzdecocina.com\/espanol\/talleres-online-texto\/\" \/>\n<meta property=\"og:site_name\" content=\"Taller Andaluz de Cocina\" \/>\n<meta property=\"article:modified_time\" content=\"2022-03-08T17:53:25+00:00\" \/>\n<meta name=\"twitter:card\" content=\"summary_large_image\" \/>\n<meta name=\"twitter:label1\" content=\"Tiempo de lectura\" \/>\n\t<meta name=\"twitter:data1\" content=\"4 minutos\" \/>\n<script type=\"application\/ld+json\" class=\"yoast-schema-graph\">{\"@context\":\"https:\/\/schema.org\",\"@graph\":[{\"@type\":\"WebPage\",\"@id\":\"https:\/\/tallerandaluzdecocina.com\/espanol\/talleres-online-texto\/\",\"url\":\"https:\/\/tallerandaluzdecocina.com\/espanol\/talleres-online-texto\/\",\"name\":\"Talleres Online - Taller Andaluz de Cocina\",\"isPartOf\":{\"@id\":\"https:\/\/tallerandaluzdecocina.com\/espanol\/#website\"},\"datePublished\":\"2022-02-15T17:20:39+00:00\",\"dateModified\":\"2022-03-08T17:53:25+00:00\",\"breadcrumb\":{\"@id\":\"https:\/\/tallerandaluzdecocina.com\/espanol\/talleres-online-texto\/#breadcrumb\"},\"inLanguage\":\"es\",\"potentialAction\":[{\"@type\":\"ReadAction\",\"target\":[\"https:\/\/tallerandaluzdecocina.com\/espanol\/talleres-online-texto\/\"]}]},{\"@type\":\"BreadcrumbList\",\"@id\":\"https:\/\/tallerandaluzdecocina.com\/espanol\/talleres-online-texto\/#breadcrumb\",\"itemListElement\":[{\"@type\":\"ListItem\",\"position\":1,\"name\":\"Home\",\"item\":\"https:\/\/tallerandaluzdecocina.com\/espanol\/\"},{\"@type\":\"ListItem\",\"position\":2,\"name\":\"Talleres Online\"}]},{\"@type\":\"WebSite\",\"@id\":\"https:\/\/tallerandaluzdecocina.com\/espanol\/#website\",\"url\":\"https:\/\/tallerandaluzdecocina.com\/espanol\/\",\"name\":\"Taller Andaluz de Cocina\",\"description\":\"Talleres de cocina de muy diversas nacionalidades\",\"potentialAction\":[{\"@type\":\"SearchAction\",\"target\":{\"@type\":\"EntryPoint\",\"urlTemplate\":\"https:\/\/tallerandaluzdecocina.com\/espanol\/?s={search_term_string}\"},\"query-input\":{\"@type\":\"PropertyValueSpecification\",\"valueRequired\":true,\"valueName\":\"search_term_string\"}}],\"inLanguage\":\"es\"}]}<\/script>\n<!-- \/ Yoast SEO plugin. -->","yoast_head_json":{"title":"Talleres Online - Taller Andaluz de Cocina","robots":{"index":"index","follow":"follow","max-snippet":"max-snippet:-1","max-image-preview":"max-image-preview:large","max-video-preview":"max-video-preview:-1"},"canonical":"https:\/\/tallerandaluzdecocina.com\/espanol\/talleres-online-texto\/","og_locale":"es_ES","og_type":"article","og_title":"Talleres Online - Taller Andaluz de Cocina","og_description":"[vc_row][vc_column width=\u00bb1\/4&#8243; css=\u00bb.vc_custom_1638969550062{padding-top: 100px !important;}\u00bb][vc_wp_custommenu title=\u00bbTALLERES ONLINE\u00bb nav_menu=\u00bb102&#8243;][vc_wp_custommenu title=\u00bbB\u00daSQUEDA DE TALLERES\u00bb nav_menu=\u00bb100&#8243;][\/vc_column][vc_column width=\u00bb3\/4&#8243;][vc_column_text] \u00bfC\u00f3mo funcionan los Talleres Online? En este momento no tenemos clases online abiertas programadas en el calendario de nuestra web, pero s\u00ed podemos organizar un Taller de cocina ONLINE para t\u00ed y tus amigos, familia o compa\u00f1eros de trabajo. Elige el Taller que m\u00e1s te guste de nuestra variada oferta y cont\u00e1ctanos proponiendo una fecha, bien por tel\u00e9fono en el 672 16 26 21 o email en info@tallerandaluzdecocina.com. Los Talleres de Cocina ONLINE los impartimos por ZOOM, para lo que los participantes deben disponer de un Ordenador Port\u00e1til, Tablet o M\u00f3vil y una conexi\u00f3n a Internet adecuada. Con al menos 24 horas de antelaci\u00f3n al comienzo de la Clase de Cocina te enviaremos la lista de utensilios e ingredientes de que debes disponer en casa y que debes tener preparada, para poder realizar las recetas junto a nuestro Chef. Si quieres hacer un Taller de cocina online con Taller Andaluz de Cocina (TAC), tan solo tienes que buscar en nuestra web el taller que m\u00e1s te guste, elegir una fecha y hora en que est\u00e9 programado y que te venga bien, comprobar que haya disponibilidad de plazas,&hellip; Read More","og_url":"https:\/\/tallerandaluzdecocina.com\/espanol\/talleres-online-texto\/","og_site_name":"Taller Andaluz de Cocina","article_modified_time":"2022-03-08T17:53:25+00:00","twitter_card":"summary_large_image","twitter_misc":{"Tiempo de lectura":"4 minutos"},"schema":{"@context":"https:\/\/schema.org","@graph":[{"@type":"WebPage","@id":"https:\/\/tallerandaluzdecocina.com\/espanol\/talleres-online-texto\/","url":"https:\/\/tallerandaluzdecocina.com\/espanol\/talleres-online-texto\/","name":"Talleres Online - Taller Andaluz de Cocina","isPartOf":{"@id":"https:\/\/tallerandaluzdecocina.com\/espanol\/#website"},"datePublished":"2022-02-15T17:20:39+00:00","dateModified":"2022-03-08T17:53:25+00:00","breadcrumb":{"@id":"https:\/\/tallerandaluzdecocina.com\/espanol\/talleres-online-texto\/#breadcrumb"},"inLanguage":"es","potentialAction":[{"@type":"ReadAction","target":["https:\/\/tallerandaluzdecocina.com\/espanol\/talleres-online-texto\/"]}]},{"@type":"BreadcrumbList","@id":"https:\/\/tallerandaluzdecocina.com\/espanol\/talleres-online-texto\/#breadcrumb","itemListElement":[{"@type":"ListItem","position":1,"name":"Home","item":"https:\/\/tallerandaluzdecocina.com\/espanol\/"},{"@type":"ListItem","position":2,"name":"Talleres Online"}]},{"@type":"WebSite","@id":"https:\/\/tallerandaluzdecocina.com\/espanol\/#website","url":"https:\/\/tallerandaluzdecocina.com\/espanol\/","name":"Taller Andaluz de Cocina","description":"Talleres de cocina de muy diversas nacionalidades","potentialAction":[{"@type":"SearchAction","target":{"@type":"EntryPoint","urlTemplate":"https:\/\/tallerandaluzdecocina.com\/espanol\/?s={search_term_string}"},"query-input":{"@type":"PropertyValueSpecification","valueRequired":true,"valueName":"search_term_string"}}],"inLanguage":"es"}]}},"jetpack_sharing_enabled":true,"_links":{"self":[{"href":"https:\/\/tallerandaluzdecocina.com\/espanol\/wp-json\/wp\/v2\/pages\/9319","targetHints":{"allow":["GET"]}}],"collection":[{"href":"https:\/\/tallerandaluzdecocina.com\/espanol\/wp-json\/wp\/v2\/pages"}],"about":[{"href":"https:\/\/tallerandaluzdecocina.com\/espanol\/wp-json\/wp\/v2\/types\/page"}],"author":[{"embeddable":true,"href":"https:\/\/tallerandaluzdecocina.com\/espanol\/wp-json\/wp\/v2\/users\/1"}],"replies":[{"embeddable":true,"href":"https:\/\/tallerandaluzdecocina.com\/espanol\/wp-json\/wp\/v2\/comments?post=9319"}],"version-history":[{"count":6,"href":"https:\/\/tallerandaluzdecocina.com\/espanol\/wp-json\/wp\/v2\/pages\/9319\/revisions"}],"predecessor-version":[{"id":9497,"href":"https:\/\/tallerandaluzdecocina.com\/espanol\/wp-json\/wp\/v2\/pages\/9319\/revisions\/9497"}],"wp:attachment":[{"href":"https:\/\/tallerandaluzdecocina.com\/espanol\/wp-json\/wp\/v2\/media?parent=9319"}],"curies":[{"name":"wp","href":"https:\/\/api.w.org\/{rel}","templated":true}]}}