{"id":9302,"date":"2022-02-15T16:45:17","date_gmt":"2022-02-15T16:45:17","guid":{"rendered":"https:\/\/web.tallerandaluzdecocina.com\/espanol\/talleres-presenciales-texto-copy\/"},"modified":"2025-09-30T12:20:14","modified_gmt":"2025-09-30T12:20:14","slug":"eventos-privados","status":"publish","type":"page","link":"https:\/\/tallerandaluzdecocina.com\/espanol\/eventos-privados\/","title":{"rendered":"Eventos Privados"},"content":{"rendered":"<p>[vc_row][vc_column width=\u00bb1\/4&#8243; css=\u00bb.vc_custom_1638969550062{padding-top: 100px !important;}\u00bb][vc_wp_custommenu title=\u00bbEVENTOS PRIVADOS\u00bb nav_menu=\u00bb101&#8243;][\/vc_column][vc_column width=\u00bb3\/4&#8243;][vc_column_text]<\/p>\n<h2 id=\"Actividades\" style=\"padding-top: 100px;\"><\/h2>\n<p align=\"justify\"><span style=\"font-weight: 400;\">Si est\u00e1s buscando una forma original de celebrar fiestas, eventos o reuniones de <\/span><b>amigos, familia o empresa<\/b><span style=\"font-weight: 400;\">, Taller Andaluz de Cocina (TAC) ofrece talleres privados de cocina a la carta. Tu grupo quedar\u00e1 sorprendido con una experiencia inolvidable que incluye la elaboraci\u00f3n de los platos junto a un cocinero profesional y la degustaci\u00f3n del men\u00fa elaborado por el grupo en un ambiente relajado.<\/span><\/p>\n<p align=\"justify\"><span style=\"font-weight: 400;\">Taller Andaluz de Cocina (TAC) dispone de 4 cocinas independientes donde se pueden realizar <\/span><b>actividades de Incentivo o Team Building, Cooking Parties, Catas y Degustaciones, Presentaciones de Productos y Show Cookings. <\/b><span style=\"font-weight: 400;\">Tambi\u00e9n ofrecemos la posibilidad de <\/span><b>alquilar el espacio <\/b><span style=\"font-weight: 400;\">para un evento privado.<\/span><\/p>\n<h2 id=\"Actividades\" style=\"padding-top: 100px;\">Actividades para Empresas (incentivos, team building, etc.)<\/h2>\n<p align=\"justify\">En Taller Andaluz de Cocina (TAC) podemos llevar a cabo cualquier tipo de actividad gastron\u00f3mica para grupos profesionales, desde talleres m\u00e1s convencionales, hasta concursos y actividades colaborativas o competitivas. Tanto en Navidad como en cualquier otra \u00e9poca del a\u00f1o, cambia la din\u00e1mica haciendo algo novedoso y actual.<\/p>\n<p><img loading=\"lazy\" decoding=\"async\" class=\"aligncenter wp-image-9717 size-large\" src=\"https:\/\/tallerandaluzdecocina.com\/espanol\/wp-content\/uploads\/2022\/03\/IMG_5355-1024x768.jpg\" alt=\"\" width=\"895\" height=\"671\" srcset=\"https:\/\/tallerandaluzdecocina.com\/espanol\/wp-content\/uploads\/2022\/03\/IMG_5355-1024x768.jpg 1024w, https:\/\/tallerandaluzdecocina.com\/espanol\/wp-content\/uploads\/2022\/03\/IMG_5355-300x225.jpg 300w, https:\/\/tallerandaluzdecocina.com\/espanol\/wp-content\/uploads\/2022\/03\/IMG_5355-768x576.jpg 768w, https:\/\/tallerandaluzdecocina.com\/espanol\/wp-content\/uploads\/2022\/03\/IMG_5355-800x600.jpg 800w, https:\/\/tallerandaluzdecocina.com\/espanol\/wp-content\/uploads\/2022\/03\/IMG_5355.jpg 1200w\" sizes=\"auto, (max-width: 895px) 100vw, 895px\" \/><\/p>\n<h2 id=\"parties\" style=\"padding-top: 100px;\">Cooking Parties<\/h2>\n<p align=\"justify\">Organiza con nosotros una celebraci\u00f3n o evento con familia y amigos, como cumplea\u00f1os (tanto para adultos como para ni\u00f1os), encuentros familiares, despedidas de solteros, cenas con amigos y cualquier actividad relacionada con la cocina y la gastronom\u00eda. Elige entre la gran variedad de talleres disponibles en nuestra web, o proponnos alguna idea que podamos desarrollar contigo y hacer un evento a medida.<\/p>\n<h2 id=\"carta\" style=\"padding-top: 100px;\">Catas y Degustaciones<\/h2>\n<p align=\"justify\">En Taller Andaluz de Cocina (TAC) podemos organizar todo tipo de eventos gastron\u00f3micos, incluyendo catas y degustaciones de vino, cocteler\u00eda, cerveza artesanal, queso, aceite, aceitunas, etc. Cu\u00e9ntanos tu idea y desarrollaremos un evento a medida.<\/p>\n<h2 id=\"Presentaciones\" style=\"padding-top: 100px;\">Presentaciones de Productos y Show Cookings<\/h2>\n<p align=\"justify\">Si tu empresa necesita presentar un nuevo producto a un equipo comercial, clientes, consumidores, medios de comunicaci\u00f3n o l\u00edderes de opini\u00f3n, en Taller Andaluz de Cocina (TAC) disponemos del espacio adecuado para ello, y la experiencia para que no te falta ning\u00fan detalle y puedas causar una buena impresi\u00f3n. Cu\u00e9ntanos tus necesidades y desarrollaremos un evento a medida para tu marca.<\/p>\n<p>&nbsp;<\/p>\n<p>&nbsp;<\/p>\n<h2 id=\"Alquiler\" style=\"padding-top: 100px;\">Alquiler del espacio<\/h2>\n<p align=\"justify\">Si lo que buscas es disponer de un espacio gastron\u00f3mico para producir un evento propio, en Taller Andaluz de Cocina (TAC) ofrecemos el servicio de alquiler del espacio.<\/p>\n<p align=\"justify\">Disponemos de 4 cocinas con diferentes capacidades, todas ellas configuradas con forma de isla y completamente equipadas con menaje, electrodom\u00e9sticos, etc.<\/p>\n<p align=\"justify\">Disponemos de packs por hora que incluyen uso del material de cocina, vajilla, cuberter\u00eda y cristaler\u00eda, y persona de apoyo de nuestro equipo que os ayudar\u00e1 durante el evento en lo que pod\u00e1is necesitar, adem\u00e1s de la recogida y limpieza general del espacio.<\/p>\n<p align=\"justify\">Ll\u00e1manos al 672 16 26 21 o escr\u00edbenos a info@tallerandaluzdecocina.com y consulta nuestras tarifas.<\/p>\n<p><a href=\"https:\/\/tallerandaluzdecocina.com\/espanol\/wp-content\/uploads\/2025\/09\/LEYENDORECETAS2-2.jpg\"><img loading=\"lazy\" decoding=\"async\" class=\"aligncenter wp-image-10446 size-full\" src=\"https:\/\/tallerandaluzdecocina.com\/espanol\/wp-content\/uploads\/2025\/09\/LEYENDORECETAS2-2.jpg\" alt=\"\" width=\"600\" height=\"800\" srcset=\"https:\/\/tallerandaluzdecocina.com\/espanol\/wp-content\/uploads\/2025\/09\/LEYENDORECETAS2-2.jpg 600w, https:\/\/tallerandaluzdecocina.com\/espanol\/wp-content\/uploads\/2025\/09\/LEYENDORECETAS2-2-225x300.jpg 225w, https:\/\/tallerandaluzdecocina.com\/espanol\/wp-content\/uploads\/2025\/09\/LEYENDORECETAS2-2-450x600.jpg 450w, https:\/\/tallerandaluzdecocina.com\/espanol\/wp-content\/uploads\/2025\/09\/LEYENDORECETAS2-2-116x154.jpg 116w\" sizes=\"auto, (max-width: 600px) 100vw, 600px\" \/><\/a><\/p>\n<h2 id=\"reserva\" style=\"padding-top: 100px;\">Condiciones de reserva<\/h2>\n<p align=\"justify\">Taller Andaluz de Cocina (TAC) dispone de 4 cocinas independientes donde se pueden realizar actividades de Incentivo o Team Building, Cooking Parties, Catas y Degustaciones, Presentaciones de Productos y Show Cookings. Tambi\u00e9n ofrecemos la posibilidad de alquilar el espacio para un evento privado.<\/p>\n<p align=\"justify\">La reserva de cualquiera de estas actividades puede hacerse contactando directamente con nosotros por tel\u00e9fono en el 672 16 26 21 o email en info@tallerandaluzdecocina.com.<\/p>\n<p align=\"justify\">Para eventos privados, pedimos el pago de una se\u00f1al del 50% con la reserva para bloquear la fecha para el grupo, y el 50% restante al menos 7 d\u00edas antes del comienzo del evento, junto a la confirmaci\u00f3n de los detalles. Aceptamos pago en efectivo, mediante transferencia, Paypal y tarjeta de cr\u00e9dito o d\u00e9bito.<\/p>\n<p align=\"justify\">Los clientes deber\u00e1n comunicar con antelaci\u00f3n si en el grupo hay alguna persona con alergias o restricciones alimentarias, para que podamos adaptar el contenido a las necesidades.<\/p>\n<h2 id=\"cancelacion\" style=\"padding-top: 100px;\">Condiciones de Cancelaci\u00f3n<\/h2>\n<p align=\"justify\">Se puede modificar o cancelar la reserva de una actividad privada hasta una semana antes de la celebraci\u00f3n de la misma, recibi\u00e9ndose la devoluci\u00f3n del importe de la se\u00f1al pagada. Si se cancela la reserva durante la semana previa al taller y hasta 48 horas antes del comienzo de la misma, se perder\u00e1 el importe de la se\u00f1al. Si se cancela la reserva con menos de 48 horas de antelaci\u00f3n, o el grupo no se presenta a la actividad, se perder\u00e1 el importe completo del evento.<\/p>\n<p align=\"justify\">Si nos vemos obligados a cancelar la actividad, te avisaremos inmediatamente y te propondremos una alternativa o te devolveremos el dinero. Nos reservamos el derecho a cancelar cualquier actividad por cualquier motivo a nuestro propio criterio, sin que esta cancelaci\u00f3n pueda acarrear ning\u00fan tipo de compensaci\u00f3n m\u00e1s all\u00e1 de la devoluci\u00f3n del importe previamente abonado por el taller cancelado.<\/p>\n<p align=\"justify\">Solo se dar\u00e1n por v\u00e1lidas los cambios y cancelaciones realizados v\u00eda email a info@tallerandaluzdecocina.com en los plazos indicados.<\/p>\n<p align=\"justify\">La realizaci\u00f3n de una reserva en Taller Andaluz de Cocina (TAC) implica la aceptaci\u00f3n de las presentes condiciones.<\/p>\n<p align=\"justify\">Estas condiciones de cancelaci\u00f3n son aplicables como norma general en las actividades privadas. No obstante, podemos acordar con el cliente unas condiciones distintas que se especificar\u00edan en el contrato o presupuesto personalizado y que son las que prevalecen.<\/p>\n<h2 id=\"faq\" style=\"padding-top: 100px;\">\u00bfTienes dudas?<\/h2>\n<p align=\"justify\">Si tienes alguna duda puedes contactar directamente con nosotros por tel\u00e9fono en el <strong>672 16 26 21<\/strong> o email en <strong>info@tallerandaluzdecocina.com<\/strong>.<\/p>\n<p>[\/vc_column_text][\/vc_column][\/vc_row]<\/p>\n","protected":false},"excerpt":{"rendered":"<p>[vc_row][vc_column width=\u00bb1\/4&#8243; css=\u00bb.vc_custom_1638969550062{padding-top: 100px !important;}\u00bb][vc_wp_custommenu title=\u00bbEVENTOS PRIVADOS\u00bb nav_menu=\u00bb101&#8243;][\/vc_column][vc_column width=\u00bb3\/4&#8243;][vc_column_text] Si est\u00e1s buscando una forma original de celebrar fiestas, eventos o reuniones de amigos, familia o empresa, Taller Andaluz de Cocina (TAC) ofrece talleres privados de cocina a la carta. Tu grupo quedar\u00e1 sorprendido con una experiencia inolvidable que incluye la elaboraci\u00f3n de los platos junto a un cocinero profesional y la degustaci\u00f3n del men\u00fa elaborado por el grupo en un ambiente relajado. Taller Andaluz de Cocina (TAC) dispone de 4 cocinas independientes donde se pueden realizar actividades de Incentivo o Team Building, Cooking Parties, Catas y Degustaciones, Presentaciones de Productos y Show Cookings. Tambi\u00e9n ofrecemos la posibilidad de alquilar el espacio para un evento privado. Actividades para Empresas (incentivos, team building, etc.) En Taller Andaluz de Cocina (TAC) podemos llevar a cabo cualquier tipo de actividad gastron\u00f3mica para grupos profesionales, desde talleres m\u00e1s convencionales, hasta concursos y actividades colaborativas o competitivas. Tanto en Navidad como en cualquier otra \u00e9poca del a\u00f1o, cambia la din\u00e1mica haciendo algo novedoso y actual. Cooking Parties Organiza con nosotros una celebraci\u00f3n o evento con familia y amigos, como cumplea\u00f1os (tanto para adultos como para ni\u00f1os), encuentros familiares, despedidas de solteros, cenas con amigos y cualquier&hellip; <a class=\"read-more-link\" href=\"https:\/\/tallerandaluzdecocina.com\/espanol\/eventos-privados\/\">Read More<\/a><\/p>\n","protected":false},"author":1,"featured_media":0,"parent":0,"menu_order":0,"comment_status":"closed","ping_status":"closed","template":"","meta":{"_monsterinsights_skip_tracking":false,"_monsterinsights_sitenote_active":false,"_monsterinsights_sitenote_note":"","_monsterinsights_sitenote_category":0,"footnotes":""},"class_list":["post-9302","page","type-page","status-publish","hentry"],"yoast_head":"<!-- This site is optimized with the Yoast SEO plugin v26.8 - https:\/\/yoast.com\/product\/yoast-seo-wordpress\/ -->\n<title>Eventos Privados - Taller Andaluz de Cocina<\/title>\n<meta name=\"robots\" content=\"index, follow, max-snippet:-1, max-image-preview:large, max-video-preview:-1\" \/>\n<link rel=\"canonical\" href=\"https:\/\/tallerandaluzdecocina.com\/espanol\/eventos-privados\/\" \/>\n<meta property=\"og:locale\" content=\"es_ES\" \/>\n<meta property=\"og:type\" content=\"article\" \/>\n<meta property=\"og:title\" content=\"Eventos Privados - Taller Andaluz de Cocina\" \/>\n<meta property=\"og:description\" content=\"[vc_row][vc_column width=\u00bb1\/4&#8243; css=\u00bb.vc_custom_1638969550062{padding-top: 100px !important;}\u00bb][vc_wp_custommenu title=\u00bbEVENTOS PRIVADOS\u00bb nav_menu=\u00bb101&#8243;][\/vc_column][vc_column width=\u00bb3\/4&#8243;][vc_column_text] Si est\u00e1s buscando una forma original de celebrar fiestas, eventos o reuniones de amigos, familia o empresa, Taller Andaluz de Cocina (TAC) ofrece talleres privados de cocina a la carta. Tu grupo quedar\u00e1 sorprendido con una experiencia inolvidable que incluye la elaboraci\u00f3n de los platos junto a un cocinero profesional y la degustaci\u00f3n del men\u00fa elaborado por el grupo en un ambiente relajado. Taller Andaluz de Cocina (TAC) dispone de 4 cocinas independientes donde se pueden realizar actividades de Incentivo o Team Building, Cooking Parties, Catas y Degustaciones, Presentaciones de Productos y Show Cookings. Tambi\u00e9n ofrecemos la posibilidad de alquilar el espacio para un evento privado. Actividades para Empresas (incentivos, team building, etc.) En Taller Andaluz de Cocina (TAC) podemos llevar a cabo cualquier tipo de actividad gastron\u00f3mica para grupos profesionales, desde talleres m\u00e1s convencionales, hasta concursos y actividades colaborativas o competitivas. Tanto en Navidad como en cualquier otra \u00e9poca del a\u00f1o, cambia la din\u00e1mica haciendo algo novedoso y actual. Cooking Parties Organiza con nosotros una celebraci\u00f3n o evento con familia y amigos, como cumplea\u00f1os (tanto para adultos como para ni\u00f1os), encuentros familiares, despedidas de solteros, cenas con amigos y cualquier&hellip; Read More\" \/>\n<meta property=\"og:url\" content=\"https:\/\/tallerandaluzdecocina.com\/espanol\/eventos-privados\/\" \/>\n<meta property=\"og:site_name\" content=\"Taller Andaluz de Cocina\" \/>\n<meta property=\"article:modified_time\" content=\"2025-09-30T12:20:14+00:00\" \/>\n<meta property=\"og:image\" content=\"https:\/\/tallerandaluzdecocina.com\/espanol\/wp-content\/uploads\/2022\/03\/IMG_5355.jpg\" \/>\n\t<meta property=\"og:image:width\" content=\"1200\" \/>\n\t<meta property=\"og:image:height\" content=\"900\" \/>\n\t<meta property=\"og:image:type\" content=\"image\/jpeg\" \/>\n<meta name=\"twitter:card\" content=\"summary_large_image\" \/>\n<meta name=\"twitter:label1\" content=\"Tiempo de lectura\" \/>\n\t<meta name=\"twitter:data1\" content=\"5 minutos\" \/>\n<script type=\"application\/ld+json\" class=\"yoast-schema-graph\">{\"@context\":\"https:\/\/schema.org\",\"@graph\":[{\"@type\":\"WebPage\",\"@id\":\"https:\/\/tallerandaluzdecocina.com\/espanol\/eventos-privados\/\",\"url\":\"https:\/\/tallerandaluzdecocina.com\/espanol\/eventos-privados\/\",\"name\":\"Eventos Privados - Taller Andaluz de Cocina\",\"isPartOf\":{\"@id\":\"https:\/\/tallerandaluzdecocina.com\/espanol\/#website\"},\"primaryImageOfPage\":{\"@id\":\"https:\/\/tallerandaluzdecocina.com\/espanol\/eventos-privados\/#primaryimage\"},\"image\":{\"@id\":\"https:\/\/tallerandaluzdecocina.com\/espanol\/eventos-privados\/#primaryimage\"},\"thumbnailUrl\":\"https:\/\/tallerandaluzdecocina.com\/espanol\/wp-content\/uploads\/2022\/03\/IMG_5355-1024x768.jpg\",\"datePublished\":\"2022-02-15T16:45:17+00:00\",\"dateModified\":\"2025-09-30T12:20:14+00:00\",\"breadcrumb\":{\"@id\":\"https:\/\/tallerandaluzdecocina.com\/espanol\/eventos-privados\/#breadcrumb\"},\"inLanguage\":\"es\",\"potentialAction\":[{\"@type\":\"ReadAction\",\"target\":[\"https:\/\/tallerandaluzdecocina.com\/espanol\/eventos-privados\/\"]}]},{\"@type\":\"ImageObject\",\"inLanguage\":\"es\",\"@id\":\"https:\/\/tallerandaluzdecocina.com\/espanol\/eventos-privados\/#primaryimage\",\"url\":\"https:\/\/tallerandaluzdecocina.com\/espanol\/wp-content\/uploads\/2022\/03\/IMG_5355.jpg\",\"contentUrl\":\"https:\/\/tallerandaluzdecocina.com\/espanol\/wp-content\/uploads\/2022\/03\/IMG_5355.jpg\",\"width\":1200,\"height\":900},{\"@type\":\"BreadcrumbList\",\"@id\":\"https:\/\/tallerandaluzdecocina.com\/espanol\/eventos-privados\/#breadcrumb\",\"itemListElement\":[{\"@type\":\"ListItem\",\"position\":1,\"name\":\"Home\",\"item\":\"https:\/\/tallerandaluzdecocina.com\/espanol\/\"},{\"@type\":\"ListItem\",\"position\":2,\"name\":\"Eventos Privados\"}]},{\"@type\":\"WebSite\",\"@id\":\"https:\/\/tallerandaluzdecocina.com\/espanol\/#website\",\"url\":\"https:\/\/tallerandaluzdecocina.com\/espanol\/\",\"name\":\"Taller Andaluz de Cocina\",\"description\":\"Talleres de cocina de muy diversas nacionalidades\",\"potentialAction\":[{\"@type\":\"SearchAction\",\"target\":{\"@type\":\"EntryPoint\",\"urlTemplate\":\"https:\/\/tallerandaluzdecocina.com\/espanol\/?s={search_term_string}\"},\"query-input\":{\"@type\":\"PropertyValueSpecification\",\"valueRequired\":true,\"valueName\":\"search_term_string\"}}],\"inLanguage\":\"es\"}]}<\/script>\n<!-- \/ Yoast SEO plugin. -->","yoast_head_json":{"title":"Eventos Privados - Taller Andaluz de Cocina","robots":{"index":"index","follow":"follow","max-snippet":"max-snippet:-1","max-image-preview":"max-image-preview:large","max-video-preview":"max-video-preview:-1"},"canonical":"https:\/\/tallerandaluzdecocina.com\/espanol\/eventos-privados\/","og_locale":"es_ES","og_type":"article","og_title":"Eventos Privados - Taller Andaluz de Cocina","og_description":"[vc_row][vc_column width=\u00bb1\/4&#8243; css=\u00bb.vc_custom_1638969550062{padding-top: 100px !important;}\u00bb][vc_wp_custommenu title=\u00bbEVENTOS PRIVADOS\u00bb nav_menu=\u00bb101&#8243;][\/vc_column][vc_column width=\u00bb3\/4&#8243;][vc_column_text] Si est\u00e1s buscando una forma original de celebrar fiestas, eventos o reuniones de amigos, familia o empresa, Taller Andaluz de Cocina (TAC) ofrece talleres privados de cocina a la carta. Tu grupo quedar\u00e1 sorprendido con una experiencia inolvidable que incluye la elaboraci\u00f3n de los platos junto a un cocinero profesional y la degustaci\u00f3n del men\u00fa elaborado por el grupo en un ambiente relajado. Taller Andaluz de Cocina (TAC) dispone de 4 cocinas independientes donde se pueden realizar actividades de Incentivo o Team Building, Cooking Parties, Catas y Degustaciones, Presentaciones de Productos y Show Cookings. Tambi\u00e9n ofrecemos la posibilidad de alquilar el espacio para un evento privado. Actividades para Empresas (incentivos, team building, etc.) En Taller Andaluz de Cocina (TAC) podemos llevar a cabo cualquier tipo de actividad gastron\u00f3mica para grupos profesionales, desde talleres m\u00e1s convencionales, hasta concursos y actividades colaborativas o competitivas. Tanto en Navidad como en cualquier otra \u00e9poca del a\u00f1o, cambia la din\u00e1mica haciendo algo novedoso y actual. Cooking Parties Organiza con nosotros una celebraci\u00f3n o evento con familia y amigos, como cumplea\u00f1os (tanto para adultos como para ni\u00f1os), encuentros familiares, despedidas de solteros, cenas con amigos y cualquier&hellip; Read More","og_url":"https:\/\/tallerandaluzdecocina.com\/espanol\/eventos-privados\/","og_site_name":"Taller Andaluz de Cocina","article_modified_time":"2025-09-30T12:20:14+00:00","og_image":[{"width":1200,"height":900,"url":"https:\/\/tallerandaluzdecocina.com\/espanol\/wp-content\/uploads\/2022\/03\/IMG_5355.jpg","type":"image\/jpeg"}],"twitter_card":"summary_large_image","twitter_misc":{"Tiempo de lectura":"5 minutos"},"schema":{"@context":"https:\/\/schema.org","@graph":[{"@type":"WebPage","@id":"https:\/\/tallerandaluzdecocina.com\/espanol\/eventos-privados\/","url":"https:\/\/tallerandaluzdecocina.com\/espanol\/eventos-privados\/","name":"Eventos Privados - Taller Andaluz de Cocina","isPartOf":{"@id":"https:\/\/tallerandaluzdecocina.com\/espanol\/#website"},"primaryImageOfPage":{"@id":"https:\/\/tallerandaluzdecocina.com\/espanol\/eventos-privados\/#primaryimage"},"image":{"@id":"https:\/\/tallerandaluzdecocina.com\/espanol\/eventos-privados\/#primaryimage"},"thumbnailUrl":"https:\/\/tallerandaluzdecocina.com\/espanol\/wp-content\/uploads\/2022\/03\/IMG_5355-1024x768.jpg","datePublished":"2022-02-15T16:45:17+00:00","dateModified":"2025-09-30T12:20:14+00:00","breadcrumb":{"@id":"https:\/\/tallerandaluzdecocina.com\/espanol\/eventos-privados\/#breadcrumb"},"inLanguage":"es","potentialAction":[{"@type":"ReadAction","target":["https:\/\/tallerandaluzdecocina.com\/espanol\/eventos-privados\/"]}]},{"@type":"ImageObject","inLanguage":"es","@id":"https:\/\/tallerandaluzdecocina.com\/espanol\/eventos-privados\/#primaryimage","url":"https:\/\/tallerandaluzdecocina.com\/espanol\/wp-content\/uploads\/2022\/03\/IMG_5355.jpg","contentUrl":"https:\/\/tallerandaluzdecocina.com\/espanol\/wp-content\/uploads\/2022\/03\/IMG_5355.jpg","width":1200,"height":900},{"@type":"BreadcrumbList","@id":"https:\/\/tallerandaluzdecocina.com\/espanol\/eventos-privados\/#breadcrumb","itemListElement":[{"@type":"ListItem","position":1,"name":"Home","item":"https:\/\/tallerandaluzdecocina.com\/espanol\/"},{"@type":"ListItem","position":2,"name":"Eventos Privados"}]},{"@type":"WebSite","@id":"https:\/\/tallerandaluzdecocina.com\/espanol\/#website","url":"https:\/\/tallerandaluzdecocina.com\/espanol\/","name":"Taller Andaluz de Cocina","description":"Talleres de cocina de muy diversas nacionalidades","potentialAction":[{"@type":"SearchAction","target":{"@type":"EntryPoint","urlTemplate":"https:\/\/tallerandaluzdecocina.com\/espanol\/?s={search_term_string}"},"query-input":{"@type":"PropertyValueSpecification","valueRequired":true,"valueName":"search_term_string"}}],"inLanguage":"es"}]}},"jetpack_sharing_enabled":true,"_links":{"self":[{"href":"https:\/\/tallerandaluzdecocina.com\/espanol\/wp-json\/wp\/v2\/pages\/9302","targetHints":{"allow":["GET"]}}],"collection":[{"href":"https:\/\/tallerandaluzdecocina.com\/espanol\/wp-json\/wp\/v2\/pages"}],"about":[{"href":"https:\/\/tallerandaluzdecocina.com\/espanol\/wp-json\/wp\/v2\/types\/page"}],"author":[{"embeddable":true,"href":"https:\/\/tallerandaluzdecocina.com\/espanol\/wp-json\/wp\/v2\/users\/1"}],"replies":[{"embeddable":true,"href":"https:\/\/tallerandaluzdecocina.com\/espanol\/wp-json\/wp\/v2\/comments?post=9302"}],"version-history":[{"count":25,"href":"https:\/\/tallerandaluzdecocina.com\/espanol\/wp-json\/wp\/v2\/pages\/9302\/revisions"}],"predecessor-version":[{"id":10447,"href":"https:\/\/tallerandaluzdecocina.com\/espanol\/wp-json\/wp\/v2\/pages\/9302\/revisions\/10447"}],"wp:attachment":[{"href":"https:\/\/tallerandaluzdecocina.com\/espanol\/wp-json\/wp\/v2\/media?parent=9302"}],"curies":[{"name":"wp","href":"https:\/\/api.w.org\/{rel}","templated":true}]}}