{"id":9219,"date":"2021-12-08T12:38:11","date_gmt":"2021-12-08T12:38:11","guid":{"rendered":"https:\/\/web.tallerandaluzdecocina.com\/espanol\/?page_id=9219"},"modified":"2025-09-30T12:17:10","modified_gmt":"2025-09-30T12:17:10","slug":"talleres-presenciales-texto","status":"publish","type":"page","link":"https:\/\/tallerandaluzdecocina.com\/espanol\/talleres-presenciales-texto\/","title":{"rendered":"Talleres presenciales"},"content":{"rendered":"<p>[vc_row][vc_column width=\u00bb1\/4&#8243; css=\u00bb.vc_custom_1638969550062{padding-top: 100px !important;}\u00bb][vc_wp_custommenu title=\u00bbTALLERES PRESENCIALES\u00bb nav_menu=\u00bb90&#8243;][vc_wp_custommenu title=\u00bbB\u00daSQUEDA DE TALLERES\u00bb nav_menu=\u00bb100&#8243;][\/vc_column][vc_column width=\u00bb3\/4&#8243;][vc_column_text]<\/p>\n<h2 id=\"funcionan-talleres\" style=\"padding-top: 100px;\">\u00bfC\u00f3mo funcionan los talleres Presenciales?<\/h2>\n<p style=\"text-align: justify;\">Taller Andaluz de Cocina (TAC) tiene una <strong>programaci\u00f3n<\/strong> de talleres de cocina presenciales abiertos que se puede consultar en la p\u00e1gina web <a href=\"http:\/\/web.tallerandaluzdecocina.com\/espanol\">web.tallerandaluzdecocina.com\/espanol<\/a>, as\u00ed como en otras plataformas que los comercializan.<\/p>\n<p style=\"text-align: justify;\">Cada taller de cocina dispone de un apartado donde se describe el contenido y el funcionamiento, as\u00ed como fecha y hora de comienzo. Recomendamos acudir al taller 5 minutos antes del comienzo del mismo.<\/p>\n<p style=\"text-align: justify;\">Para hacer una reserva, tan solo tienes que <strong>buscar<\/strong> en nuestra web el taller que m\u00e1s te guste, elegir una fecha y hora en que est\u00e9 programado y que te venga bien, comprobar que haya disponibilidad de plazas, y formalizar la reserva siguiendo las instrucciones. Te pediremos nombre, email, tel\u00e9fono y alergias o intolerancias si las hubiera.<\/p>\n<p style=\"text-align: justify;\" align=\"left\">La b\u00fasqueda la puedes hacer directamente en la web, bien por taller en la <strong>secci\u00f3n <a href=\"https:\/\/tallerandaluzdecocina.com\/espanol\/talleres-presenciales\/\">Talleres<\/a><\/strong>, o bien por fecha en la <strong>secci\u00f3n <a href=\"https:\/\/tallerandaluzdecocina.com\/espanol\/calendario\/\">Calendario<\/a><\/strong>. Si tienes cualquier duda o problema a la hora de hacer la reserva puedes contactar con nosotros por tel\u00e9fono en el <strong>672 16 26 21<\/strong> o email en <strong>info@tallerandaluzdecocina.com<\/strong>.<\/p>\n<p style=\"text-align: justify;\">Puedes hacer el pago online mediante tarjeta de cr\u00e9dito o d\u00e9bito a trav\u00e9s de los servidores del sistema de pago seguro online, o mediante PayPal, o bien usando un Bono Regalo. Una vez formalices la reserva recibir\u00e1s un email de confirmaci\u00f3n. La reserva no se considerar\u00e1 formalmente efectuada hasta comprobar correctamente la recepci\u00f3n del pago correspondiente, o la validaci\u00f3n del Bono Regalo.<\/p>\n<p style=\"text-align: justify;\">Una vez hayas formalizado la <strong>reserva<\/strong>, podr\u00e1s hacer cualquier modificaci\u00f3n o cancelarla con al menos 48h de antelaci\u00f3n al inicio del taller. Con posterioridad se perder\u00eda el importe de la misma o la validez del Bono Regalo.<\/p>\n<p style=\"text-align: justify;\">Recuerda que debes avisarnos con antelaci\u00f3n si alguna de las personas que realiza el taller tiene alguna alergia o restricci\u00f3n alimentaria.<\/p>\n<p style=\"text-align: justify;\">En el precio del taller se incluyen los ingredientes y todos los utensilios necesarios para la elaboraci\u00f3n de las recetas (salvo en algunos talleres en concreto que te pediremos expresamente que traigas un tupper para que te puedas llevar a casa algunas de las preparaciones).<\/p>\n<h2 id=\"practicos\" style=\"padding-top: 100px;\">Talleres pr\u00e1cticos, participativos y adaptados a todos los niveles<\/h2>\n<p align=\"justify\">Los Talleres Presenciales en Taller Andaluz de Cocina (TAC) son pr\u00e1cticos, participativos y adaptados a todos los niveles.<\/p>\n<p align=\"justify\">La capacidad de la escuela es de 16 personas por cocina (contamos con cuatrococinas), pero la mayor parte de los talleres est\u00e1n limitados a 12 personas.<\/p>\n<p align=\"justify\">En los talleres dirigidos a adultos, se admiten ni\u00f1os de 14 o m\u00e1s a\u00f1os siempre que vengan acompa\u00f1ados de un adulto. No est\u00e1 permitida la participaci\u00f3n de menores de 18 a\u00f1os en los talleres de recetas con contenido alcoh\u00f3lico.<\/p>\n<p align=\"justify\">Son impartidos por <strong>cocineros profesionales<\/strong>, y est\u00e1n dise\u00f1ados para que todos los participantes colaboren en la elaboraci\u00f3n de todas las recetas. Normalmente hacemos una preparaci\u00f3n com\u00fan de cada una de las recetas, en la que todos los asistentes participan, guiados por nuestros cocineros profesionales para asegurarnos que el resultado es el mejor. En algunos talleres concretos, las preparaciones son individuales.<\/p>\n<p align=\"justify\">La mayor parte de nuestros talleres presenciales consisten en la elaboraci\u00f3n de 3 recetas, y la duraci\u00f3n estimada es de unas dos horas y cuarto o y media de tiempo de cocina, y treinta o cuarenta y cinco minutos de tiempo de comida de lo cocinado. Por lo tanto, las clases tienen una duraci\u00f3n total de unas dos horas cuarenta y cinco minutos, tres horas o tres horas y cuarto, y siempre intentamos ce\u00f1irnos a este horario.<\/p>\n<h2 id=\"Almuerzo\" style=\"padding-top: 100px;\">Almuerzo \/ Cena incluida<\/h2>\n<p align=\"justify\">La mayor parte de nuestros talleres concluyen <strong>comiendo lo que se ha cocinado<\/strong>, e incluyen en el precio hasta <strong>dos bebidas por persona<\/strong> (cerveza, vino, refresco, etc.), que se sirven durante el tiempo de la comida o la cena.<\/p>\n<h2 id=\"pdf\" style=\"padding-top: 100px;\">Env\u00edo de Recetas en formato PDF<\/h2>\n<p align=\"justify\">Al finalizar la clase, mandamos las recetas por email en formato pdf, para que no las pierdas y puedas practicar en casa.<\/p>\n<h2 id=\"regalo\" style=\"padding-top: 100px;\">Calendario<\/h2>\n<p align=\"justify\">Ver el calendario de Talleres <a href=\"https:\/\/tallerandaluzdecocina.com\/espanol\/calendario\/\">aqu\u00ed<\/a>.<\/p>\n<h2 id=\"regalo\" style=\"padding-top: 100px;\">Tengo un Bono Regalo<\/h2>\n<p align=\"justify\">Taller Andaluz de Cocina (TAC) tiene una <strong>programaci\u00f3n<\/strong> de talleres de cocina presenciales abiertos que se puede consultar en la p\u00e1gina web <a href=\"https:\/\/tallerandaluzdecocina.com\/espanol\/\">web.tallerandaluzdecocina.com\/espanol<\/a>, as\u00ed como en otras plataformas que los comercializan.<\/p>\n<p align=\"justify\">Cada taller de cocina dispone de un apartado donde se describe el contenido y el funcionamiento, as\u00ed como fecha y hora de comienzo. Recomendamos acudir al taller 5 minutos antes del comienzo del mismo.<\/p>\n<p align=\"justify\">Para canjear uno de nuestros Bonos Regalo, debes <strong>buscar<\/strong> en nuestra web el taller que m\u00e1s te guste, elegir una fecha y hora en que est\u00e9 programado y que te venga bien, comprobar que haya disponibilidad de plazas, y formalizar la reserva siguiendo las instrucciones, e indicando el <strong>n\u00famero de referencia<\/strong> que aparece en el mismo. Te pediremos nombre, email, tel\u00e9fono y alergias o intolerancia si las hubiera.<\/p>\n<p align=\"justify\">La b\u00fasqueda la puedes hacer directamente en la web, bien por taller en la <strong>secci\u00f3n <a href=\"https:\/\/tallerandaluzdecocina.com\/espanol\/talleres-presenciales\/\">Talleres<\/a><\/strong>, o bien por fecha en la <strong>secci\u00f3n <a href=\"https:\/\/tallerandaluzdecocina.com\/espanol\/calendario\/\">Calendario<\/a><\/strong>. Si tienes cualquier duda o problema a la hora de hacer la reserva puedes contactar con nosotros por tel\u00e9fono en el <strong>672 16 26 21<\/strong> o email en <strong>info@tallerandaluzdecocina.com<\/strong>.<\/p>\n<p align=\"justify\">Una vez hayas formalizado la <strong>reserva<\/strong>, podr\u00e1s hacer cualquier modificaci\u00f3n o cancelarla con al menos 48h de antelaci\u00f3n al inicio del taller. Con posterioridad se perder\u00eda la validez del Bono Regalo.<\/p>\n<p align=\"justify\">Recuerda que debes avisarnos con antelaci\u00f3n si alguna de las personas que realiza el taller tiene alguna alergia o restricci\u00f3n alimentaria.<\/p>\n<h2 id=\"cancelacion\" style=\"padding-top: 100px;\">Condiciones de Cancelaci\u00f3n<\/h2>\n<p align=\"justify\">Se puede modificar o cancelar la inscripci\u00f3n a un taller de cocina abierto hasta 48 horas antes de la celebraci\u00f3n del mismo, guard\u00e1ndose el importe o la validez del Bono Regalo para otro taller en una nueva fecha. Se permitir\u00e1 un m\u00e1ximo de tres cambios de fechas por cada reserva.<\/p>\n<p align=\"justify\">Si se cancela la reserva con menos de 48 horas de antelaci\u00f3n, o no te presentas al taller de cocina, se perder\u00eda el importe o la validez del Bono Regalo (excepto en caso de defunci\u00f3n de familiar directo o ingreso hospitalario del participante, para ello ser\u00e1 necesario acreditarlo mediante documentaci\u00f3n oficial).<\/p>\n<p align=\"justify\">En talleres de m\u00e1s de una sesi\u00f3n, si se cancela una vez iniciado, no se devolver\u00e1 ni se har\u00e1 vale por del resto de sesiones pendientes, a\u00fan avisando con m\u00e1s de 7 d\u00edas, y se perder\u00eda el importe ya pagado.<\/p>\n<p align=\"justify\">Para clases o eventos privados: si la cancelaci\u00f3n se realiza con 7 o m\u00e1s d\u00edas de antelaci\u00f3n, se reembolsar\u00e1 el 100 % del precio de la actividad; si se realiza con al menos 48 horas de antelaci\u00f3n, se reembolsar\u00e1 el 50 %; en caso de cancelaciones con menos de 48 horas de antelaci\u00f3n o en caso de no presentarse, no habr\u00e1 reembolso.<\/p>\n<p align=\"justify\">Si nos vemos obligados a cancelar la actividad porque no se alcanza el n\u00famero m\u00ednimo viable de participantes, o por cualquier otro motivo (excepto causa de fuerza mayor ajena a nuestra voluntad), te avisaremos inmediatamente y te propondremos una alternativa o te devolveremos el dinero. Nos reservamos el derecho a cancelar cualquier actividad por cualquier motivo a nuestro propio criterio, sin que esta cancelaci\u00f3n pueda acarrear ning\u00fan tipo de compensaci\u00f3n m\u00e1s all\u00e1 de la devoluci\u00f3n del importe previamente abonado por el taller cancelado.<\/p>\n<p align=\"justify\">Las reservas efectuadas con Bono Regalo tambi\u00e9n admiten cambios y cancelaciones, pero no la devoluci\u00f3n del importe del bono regalo, incluso en aquellos casos en que la cancelaci\u00f3n haya sido realizada por nuestra parte. En estos casos te daremos la opci\u00f3n de participar en otro taller de cocina.<\/p>\n<p align=\"justify\">Solo se dar\u00e1n por v\u00e1lidas los cambios y cancelaciones realizados v\u00eda email a info@tallerandaluzdecocina.com en los plazos indicados. El cliente podr\u00e1 ceder su espacio a otra persona, que asistir\u00e1 al taller en nombre de \u00e9ste, siempre y cuando se nos informe del cambio comunicandonos el nombre y apellido del nuevo participante.<\/p>\n<p align=\"justify\">La realizaci\u00f3n de una reserva en Taller Andaluz de Cocina (TAC) implica la aceptaci\u00f3n de las presentes condiciones.<\/p>\n<p align=\"justify\">Estas condiciones de cancelaci\u00f3n no son aplicables en los talleres privados contratados como teambuildings, eventos o cooking parties, que tienen unas condiciones distintas especificadas a continuaci\u00f3n.<\/p>\n<h2 id=\"faq\" style=\"padding-top: 100px;\">\u00bfTienes dudas?<\/h2>\n<p align=\"justify\">Si tienes alguna duda puedes contactar directamente con nosotros por tel\u00e9fono en el <strong>672 16 26 21<\/strong> o email en <strong>info@tallerandaluzdecocina.com<\/strong>.<\/p>\n<p>[\/vc_column_text][\/vc_column][\/vc_row]<\/p>\n","protected":false},"excerpt":{"rendered":"<p>[vc_row][vc_column width=\u00bb1\/4&#8243; css=\u00bb.vc_custom_1638969550062{padding-top: 100px !important;}\u00bb][vc_wp_custommenu title=\u00bbTALLERES PRESENCIALES\u00bb nav_menu=\u00bb90&#8243;][vc_wp_custommenu title=\u00bbB\u00daSQUEDA DE TALLERES\u00bb nav_menu=\u00bb100&#8243;][\/vc_column][vc_column width=\u00bb3\/4&#8243;][vc_column_text] \u00bfC\u00f3mo funcionan los talleres Presenciales? Taller Andaluz de Cocina (TAC) tiene una programaci\u00f3n de talleres de cocina presenciales abiertos que se puede consultar en la p\u00e1gina web web.tallerandaluzdecocina.com\/espanol, as\u00ed como en otras plataformas que los comercializan. Cada taller de cocina dispone de un apartado donde se describe el contenido y el funcionamiento, as\u00ed como fecha y hora de comienzo. Recomendamos acudir al taller 5 minutos antes del comienzo del mismo. Para hacer una reserva, tan solo tienes que buscar en nuestra web el taller que m\u00e1s te guste, elegir una fecha y hora en que est\u00e9 programado y que te venga bien, comprobar que haya disponibilidad de plazas, y formalizar la reserva siguiendo las instrucciones. Te pediremos nombre, email, tel\u00e9fono y alergias o intolerancias si las hubiera. La b\u00fasqueda la puedes hacer directamente en la web, bien por taller en la secci\u00f3n Talleres, o bien por fecha en la secci\u00f3n Calendario. Si tienes cualquier duda o problema a la hora de hacer la reserva puedes contactar con nosotros por tel\u00e9fono en el 672 16 26 21 o email en info@tallerandaluzdecocina.com. Puedes hacer el pago online mediante tarjeta&hellip; <a class=\"read-more-link\" href=\"https:\/\/tallerandaluzdecocina.com\/espanol\/talleres-presenciales-texto\/\">Read More<\/a><\/p>\n","protected":false},"author":1,"featured_media":0,"parent":0,"menu_order":0,"comment_status":"closed","ping_status":"closed","template":"","meta":{"_monsterinsights_skip_tracking":false,"_monsterinsights_sitenote_active":false,"_monsterinsights_sitenote_note":"","_monsterinsights_sitenote_category":0,"footnotes":""},"class_list":["post-9219","page","type-page","status-publish","hentry"],"yoast_head":"<!-- This site is optimized with the Yoast SEO plugin v26.8 - https:\/\/yoast.com\/product\/yoast-seo-wordpress\/ -->\n<title>Talleres presenciales - Taller Andaluz de Cocina<\/title>\n<meta name=\"robots\" content=\"index, follow, max-snippet:-1, max-image-preview:large, max-video-preview:-1\" \/>\n<link rel=\"canonical\" href=\"https:\/\/tallerandaluzdecocina.com\/espanol\/talleres-presenciales-texto\/\" \/>\n<meta property=\"og:locale\" content=\"es_ES\" \/>\n<meta property=\"og:type\" content=\"article\" \/>\n<meta property=\"og:title\" content=\"Talleres presenciales - Taller Andaluz de Cocina\" \/>\n<meta property=\"og:description\" content=\"[vc_row][vc_column width=\u00bb1\/4&#8243; css=\u00bb.vc_custom_1638969550062{padding-top: 100px !important;}\u00bb][vc_wp_custommenu title=\u00bbTALLERES PRESENCIALES\u00bb nav_menu=\u00bb90&#8243;][vc_wp_custommenu title=\u00bbB\u00daSQUEDA DE TALLERES\u00bb nav_menu=\u00bb100&#8243;][\/vc_column][vc_column width=\u00bb3\/4&#8243;][vc_column_text] \u00bfC\u00f3mo funcionan los talleres Presenciales? Taller Andaluz de Cocina (TAC) tiene una programaci\u00f3n de talleres de cocina presenciales abiertos que se puede consultar en la p\u00e1gina web web.tallerandaluzdecocina.com\/espanol, as\u00ed como en otras plataformas que los comercializan. Cada taller de cocina dispone de un apartado donde se describe el contenido y el funcionamiento, as\u00ed como fecha y hora de comienzo. Recomendamos acudir al taller 5 minutos antes del comienzo del mismo. Para hacer una reserva, tan solo tienes que buscar en nuestra web el taller que m\u00e1s te guste, elegir una fecha y hora en que est\u00e9 programado y que te venga bien, comprobar que haya disponibilidad de plazas, y formalizar la reserva siguiendo las instrucciones. Te pediremos nombre, email, tel\u00e9fono y alergias o intolerancias si las hubiera. La b\u00fasqueda la puedes hacer directamente en la web, bien por taller en la secci\u00f3n Talleres, o bien por fecha en la secci\u00f3n Calendario. Si tienes cualquier duda o problema a la hora de hacer la reserva puedes contactar con nosotros por tel\u00e9fono en el 672 16 26 21 o email en info@tallerandaluzdecocina.com. Puedes hacer el pago online mediante tarjeta&hellip; Read More\" \/>\n<meta property=\"og:url\" content=\"https:\/\/tallerandaluzdecocina.com\/espanol\/talleres-presenciales-texto\/\" \/>\n<meta property=\"og:site_name\" content=\"Taller Andaluz de Cocina\" \/>\n<meta property=\"article:modified_time\" content=\"2025-09-30T12:17:10+00:00\" \/>\n<meta name=\"twitter:card\" content=\"summary_large_image\" \/>\n<meta name=\"twitter:label1\" content=\"Tiempo de lectura\" \/>\n\t<meta name=\"twitter:data1\" content=\"7 minutos\" \/>\n<script type=\"application\/ld+json\" class=\"yoast-schema-graph\">{\"@context\":\"https:\/\/schema.org\",\"@graph\":[{\"@type\":\"WebPage\",\"@id\":\"https:\/\/tallerandaluzdecocina.com\/espanol\/talleres-presenciales-texto\/\",\"url\":\"https:\/\/tallerandaluzdecocina.com\/espanol\/talleres-presenciales-texto\/\",\"name\":\"Talleres presenciales - Taller Andaluz de Cocina\",\"isPartOf\":{\"@id\":\"https:\/\/tallerandaluzdecocina.com\/espanol\/#website\"},\"datePublished\":\"2021-12-08T12:38:11+00:00\",\"dateModified\":\"2025-09-30T12:17:10+00:00\",\"breadcrumb\":{\"@id\":\"https:\/\/tallerandaluzdecocina.com\/espanol\/talleres-presenciales-texto\/#breadcrumb\"},\"inLanguage\":\"es\",\"potentialAction\":[{\"@type\":\"ReadAction\",\"target\":[\"https:\/\/tallerandaluzdecocina.com\/espanol\/talleres-presenciales-texto\/\"]}]},{\"@type\":\"BreadcrumbList\",\"@id\":\"https:\/\/tallerandaluzdecocina.com\/espanol\/talleres-presenciales-texto\/#breadcrumb\",\"itemListElement\":[{\"@type\":\"ListItem\",\"position\":1,\"name\":\"Home\",\"item\":\"https:\/\/tallerandaluzdecocina.com\/espanol\/\"},{\"@type\":\"ListItem\",\"position\":2,\"name\":\"Talleres presenciales\"}]},{\"@type\":\"WebSite\",\"@id\":\"https:\/\/tallerandaluzdecocina.com\/espanol\/#website\",\"url\":\"https:\/\/tallerandaluzdecocina.com\/espanol\/\",\"name\":\"Taller Andaluz de Cocina\",\"description\":\"Talleres de cocina de muy diversas nacionalidades\",\"potentialAction\":[{\"@type\":\"SearchAction\",\"target\":{\"@type\":\"EntryPoint\",\"urlTemplate\":\"https:\/\/tallerandaluzdecocina.com\/espanol\/?s={search_term_string}\"},\"query-input\":{\"@type\":\"PropertyValueSpecification\",\"valueRequired\":true,\"valueName\":\"search_term_string\"}}],\"inLanguage\":\"es\"}]}<\/script>\n<!-- \/ Yoast SEO plugin. -->","yoast_head_json":{"title":"Talleres presenciales - Taller Andaluz de Cocina","robots":{"index":"index","follow":"follow","max-snippet":"max-snippet:-1","max-image-preview":"max-image-preview:large","max-video-preview":"max-video-preview:-1"},"canonical":"https:\/\/tallerandaluzdecocina.com\/espanol\/talleres-presenciales-texto\/","og_locale":"es_ES","og_type":"article","og_title":"Talleres presenciales - Taller Andaluz de Cocina","og_description":"[vc_row][vc_column width=\u00bb1\/4&#8243; css=\u00bb.vc_custom_1638969550062{padding-top: 100px !important;}\u00bb][vc_wp_custommenu title=\u00bbTALLERES PRESENCIALES\u00bb nav_menu=\u00bb90&#8243;][vc_wp_custommenu title=\u00bbB\u00daSQUEDA DE TALLERES\u00bb nav_menu=\u00bb100&#8243;][\/vc_column][vc_column width=\u00bb3\/4&#8243;][vc_column_text] \u00bfC\u00f3mo funcionan los talleres Presenciales? Taller Andaluz de Cocina (TAC) tiene una programaci\u00f3n de talleres de cocina presenciales abiertos que se puede consultar en la p\u00e1gina web web.tallerandaluzdecocina.com\/espanol, as\u00ed como en otras plataformas que los comercializan. Cada taller de cocina dispone de un apartado donde se describe el contenido y el funcionamiento, as\u00ed como fecha y hora de comienzo. Recomendamos acudir al taller 5 minutos antes del comienzo del mismo. Para hacer una reserva, tan solo tienes que buscar en nuestra web el taller que m\u00e1s te guste, elegir una fecha y hora en que est\u00e9 programado y que te venga bien, comprobar que haya disponibilidad de plazas, y formalizar la reserva siguiendo las instrucciones. Te pediremos nombre, email, tel\u00e9fono y alergias o intolerancias si las hubiera. La b\u00fasqueda la puedes hacer directamente en la web, bien por taller en la secci\u00f3n Talleres, o bien por fecha en la secci\u00f3n Calendario. Si tienes cualquier duda o problema a la hora de hacer la reserva puedes contactar con nosotros por tel\u00e9fono en el 672 16 26 21 o email en info@tallerandaluzdecocina.com. Puedes hacer el pago online mediante tarjeta&hellip; Read More","og_url":"https:\/\/tallerandaluzdecocina.com\/espanol\/talleres-presenciales-texto\/","og_site_name":"Taller Andaluz de Cocina","article_modified_time":"2025-09-30T12:17:10+00:00","twitter_card":"summary_large_image","twitter_misc":{"Tiempo de lectura":"7 minutos"},"schema":{"@context":"https:\/\/schema.org","@graph":[{"@type":"WebPage","@id":"https:\/\/tallerandaluzdecocina.com\/espanol\/talleres-presenciales-texto\/","url":"https:\/\/tallerandaluzdecocina.com\/espanol\/talleres-presenciales-texto\/","name":"Talleres presenciales - Taller Andaluz de Cocina","isPartOf":{"@id":"https:\/\/tallerandaluzdecocina.com\/espanol\/#website"},"datePublished":"2021-12-08T12:38:11+00:00","dateModified":"2025-09-30T12:17:10+00:00","breadcrumb":{"@id":"https:\/\/tallerandaluzdecocina.com\/espanol\/talleres-presenciales-texto\/#breadcrumb"},"inLanguage":"es","potentialAction":[{"@type":"ReadAction","target":["https:\/\/tallerandaluzdecocina.com\/espanol\/talleres-presenciales-texto\/"]}]},{"@type":"BreadcrumbList","@id":"https:\/\/tallerandaluzdecocina.com\/espanol\/talleres-presenciales-texto\/#breadcrumb","itemListElement":[{"@type":"ListItem","position":1,"name":"Home","item":"https:\/\/tallerandaluzdecocina.com\/espanol\/"},{"@type":"ListItem","position":2,"name":"Talleres presenciales"}]},{"@type":"WebSite","@id":"https:\/\/tallerandaluzdecocina.com\/espanol\/#website","url":"https:\/\/tallerandaluzdecocina.com\/espanol\/","name":"Taller Andaluz de Cocina","description":"Talleres de cocina de muy diversas nacionalidades","potentialAction":[{"@type":"SearchAction","target":{"@type":"EntryPoint","urlTemplate":"https:\/\/tallerandaluzdecocina.com\/espanol\/?s={search_term_string}"},"query-input":{"@type":"PropertyValueSpecification","valueRequired":true,"valueName":"search_term_string"}}],"inLanguage":"es"}]}},"jetpack_sharing_enabled":true,"_links":{"self":[{"href":"https:\/\/tallerandaluzdecocina.com\/espanol\/wp-json\/wp\/v2\/pages\/9219","targetHints":{"allow":["GET"]}}],"collection":[{"href":"https:\/\/tallerandaluzdecocina.com\/espanol\/wp-json\/wp\/v2\/pages"}],"about":[{"href":"https:\/\/tallerandaluzdecocina.com\/espanol\/wp-json\/wp\/v2\/types\/page"}],"author":[{"embeddable":true,"href":"https:\/\/tallerandaluzdecocina.com\/espanol\/wp-json\/wp\/v2\/users\/1"}],"replies":[{"embeddable":true,"href":"https:\/\/tallerandaluzdecocina.com\/espanol\/wp-json\/wp\/v2\/comments?post=9219"}],"version-history":[{"count":27,"href":"https:\/\/tallerandaluzdecocina.com\/espanol\/wp-json\/wp\/v2\/pages\/9219\/revisions"}],"predecessor-version":[{"id":10495,"href":"https:\/\/tallerandaluzdecocina.com\/espanol\/wp-json\/wp\/v2\/pages\/9219\/revisions\/10495"}],"wp:attachment":[{"href":"https:\/\/tallerandaluzdecocina.com\/espanol\/wp-json\/wp\/v2\/media?parent=9219"}],"curies":[{"name":"wp","href":"https:\/\/api.w.org\/{rel}","templated":true}]}}