{"id":9191,"date":"2021-12-08T08:02:59","date_gmt":"2021-12-08T08:02:59","guid":{"rendered":"https:\/\/web.tallerandaluzdecocina.com\/espanol\/?page_id=9191"},"modified":"2021-12-08T08:14:38","modified_gmt":"2021-12-08T08:14:38","slug":"about-us-copy","status":"publish","type":"page","link":"https:\/\/tallerandaluzdecocina.com\/espanol\/about-us-copy\/","title":{"rendered":"Bono Regalo"},"content":{"rendered":"<p>[vc_row el_class=\u00bbcustom-content-main\u00bb css=\u00bb.vc_custom_1570430628723{padding-bottom: 30px !important;}\u00bb][vc_column][vc_row_inner][vc_column_inner width=\u00bb1\/2&#8243; css=\u00bb.vc_custom_1570436560714{margin-bottom: 30px !important;}\u00bb][vc_gallery interval=\u00bb3&#8243; images=\u00bb8818,8817,8816&#8243; img_size=\u00bblarge\u00bb onclick=\u00bb\u00bb][\/vc_column_inner][vc_column_inner el_class=\u00bbabout-us\u00bb width=\u00bb1\/2&#8243; css=\u00bb.vc_custom_1570436566276{margin-bottom: 30px !important;margin-left: 20px !important;}\u00bb]<div class=\"shortcode-title left \"><h3 class=\"normal-title\" >BONO REGALO<\/h3><\/div>[vc_column_text css=\u00bb.vc_custom_1638951121382{padding-bottom: 10px !important;}\u00bb]<\/p>\n<h2>\u00bfHas pensado en ser original y regalar un Taller de Cocina?<\/h2>\n<p>Ahora puedes hacerlo adquiriendo uno de nuestros bonos regalo, para que la persona que lo reciba se apunte al taller que m\u00e1s le guste.<\/p>\n<p>Nuestros talleres son pr\u00e1cticos y adaptados a todos los niveles, ya que\u00a0cocinaremos entre todos, los platos del men\u00fa, con la gu\u00eda de nuestros chefs profesionales y podr\u00e9is repetir la experiencia en casa siempre que quer\u00e1is con el recetario que os enviaremos por e-mail.<\/p>\n<p>Una vez cocinado entre todos los participantes en el taller los platos, nos sentamos todos juntos a almorzar o cenar (dependiendo del horario del taller) y lleva incluido hasta dos bebidas (vino, cerveza o refrescos) por persona.<\/p>\n<p>Nuestros bonos regalo pueden adquirirse en formato digital, tanto para clases presenciales como clases online o formato regalo (ver foto) para talleres presenciales, que tendr\u00eda un coste adicional de 1\u20ac. Si prefieres esta opci\u00f3n, por favor, consulta con nosotros el horario del d\u00eda cuando quieras pasar a recoger el bono.[\/vc_column_text]<ul class=\"list\"><li><a href=\"\" target=\"\"><i style=\"color:#ffd61e\" class=\"fa fa-circle\"><\/i>Praesent sed ex vel mauris ele.<\/a><\/li><li><a href=\"\" target=\"\"><i style=\"color:#ffd61e\" class=\"fa fa-circle\"><\/i>Nam vel luctus nulla, eget interdum metus<\/a><\/li><li><a href=\"\" target=\"\"><i style=\"color:#ffd61e\" class=\"fa fa-circle\"><\/i>Temporibus autem<\/a><\/li><li><a href=\"\" target=\"\"><i style=\"color:#ffd61e\" class=\"fa fa-circle\"><\/i>Excepteur sint occaecat<\/a><\/li><\/ul><div class=\"button_content_inner\"><a href=\"#\" target=\"\" class=\"button button_\" style=\"background-color: ##ffd61e;\">Regalar<\/a><\/div>[\/vc_column_inner][\/vc_row_inner][\/vc_column][\/vc_row][vc_row css=\u00bb.vc_custom_1570430812480{padding-top: 80px !important;padding-bottom: 30px !important;}\u00bb][vc_column]<div id=\"brand-products\" class=\"tmpmela_logocontent\"><div id=\"6_brand_carousel\" class=\"brand-carousel tm-logo-content\"><div class=\"item brand_main\"><div class=\"product-block\"><a href=\"#\" target=\"\"><img decoding=\"async\" src=\"https:\/\/tallerandaluzdecocina.com\/espanol\/wp-content\/uploads\/2020\/01\/brand7.png\" alt=\"Logo Image\"\/><\/a><\/div><\/div><div class=\"item brand_main\"><div class=\"product-block\"><a href=\"#\" target=\"\"><img decoding=\"async\" src=\"https:\/\/tallerandaluzdecocina.com\/espanol\/wp-content\/uploads\/2020\/01\/brand6.png\" alt=\"Logo Image\"\/><\/a><\/div><\/div><div class=\"item brand_main\"><div class=\"product-block\"><a href=\"#\" target=\"\"><img decoding=\"async\" src=\"https:\/\/tallerandaluzdecocina.com\/espanol\/wp-content\/uploads\/2020\/01\/brand5.png\" alt=\"Logo Image\"\/><\/a><\/div><\/div><div class=\"item brand_main\"><div class=\"product-block\"><a href=\"#\" target=\"\"><img decoding=\"async\" src=\"https:\/\/tallerandaluzdecocina.com\/espanol\/wp-content\/uploads\/2020\/01\/brand4.png\" alt=\"Logo Image\"\/><\/a><\/div><\/div><div class=\"item brand_main\"><div class=\"product-block\"><a href=\"#\" target=\"\"><img decoding=\"async\" src=\"https:\/\/tallerandaluzdecocina.com\/espanol\/wp-content\/uploads\/2020\/01\/brand3.png\" alt=\"Logo Image\"\/><\/a><\/div><\/div><div class=\"item brand_main\"><div class=\"product-block\"><a href=\"#\" target=\"\"><img decoding=\"async\" src=\"https:\/\/tallerandaluzdecocina.com\/espanol\/wp-content\/uploads\/2020\/01\/brand2.png\" alt=\"Logo Image\"\/><\/a><\/div><\/div><div class=\"item brand_main\"><div class=\"product-block\"><a href=\"#\" target=\"\"><img decoding=\"async\" src=\"https:\/\/tallerandaluzdecocina.com\/espanol\/wp-content\/uploads\/2020\/01\/brand1.png\" alt=\"Logo Image\"\/><\/a><\/div><\/div><\/div><\/div>[\/vc_column][\/vc_row]<\/p>\n","protected":false},"excerpt":{"rendered":"<p>[vc_row el_class=\u00bbcustom-content-main\u00bb css=\u00bb.vc_custom_1570430628723{padding-bottom: 30px !important;}\u00bb][vc_column][vc_row_inner][vc_column_inner width=\u00bb1\/2&#8243; css=\u00bb.vc_custom_1570436560714{margin-bottom: 30px !important;}\u00bb][vc_gallery interval=\u00bb3&#8243; images=\u00bb8818,8817,8816&#8243; img_size=\u00bblarge\u00bb onclick=\u00bb\u00bb][\/vc_column_inner][vc_column_inner el_class=\u00bbabout-us\u00bb width=\u00bb1\/2&#8243; css=\u00bb.vc_custom_1570436566276{margin-bottom: 30px !important;margin-left: 20px !important;}\u00bb][vc_column_text css=\u00bb.vc_custom_1638951121382{padding-bottom: 10px !important;}\u00bb] \u00bfHas pensado en ser original y regalar un Taller de Cocina? Ahora puedes hacerlo adquiriendo uno de nuestros bonos regalo, para que la persona que lo reciba se apunte al taller que m\u00e1s le guste. Nuestros talleres son pr\u00e1cticos y adaptados a todos los niveles, ya que\u00a0cocinaremos entre todos, los platos del men\u00fa, con la gu\u00eda de nuestros chefs profesionales y podr\u00e9is repetir la experiencia en casa siempre que quer\u00e1is con el recetario que os enviaremos por e-mail. Una vez cocinado entre todos los participantes en el taller los platos, nos sentamos todos juntos a almorzar o cenar (dependiendo del horario del taller) y lleva incluido hasta dos bebidas (vino, cerveza o refrescos) por persona. Nuestros bonos regalo pueden adquirirse en formato digital, tanto para clases presenciales como clases online o formato regalo (ver foto) para talleres presenciales, que tendr\u00eda un coste adicional de 1\u20ac. Si prefieres esta opci\u00f3n, por favor, consulta con nosotros el horario del d\u00eda cuando quieras pasar a recoger el bono.[\/vc_column_text][\/vc_column_inner][\/vc_row_inner][\/vc_column][\/vc_row][vc_row css=\u00bb.vc_custom_1570430812480{padding-top: 80px !important;padding-bottom: 30px !important;}\u00bb][vc_column][\/vc_column][\/vc_row]<\/p>\n","protected":false},"author":1,"featured_media":0,"parent":0,"menu_order":0,"comment_status":"closed","ping_status":"closed","template":"","meta":{"_monsterinsights_skip_tracking":false,"_monsterinsights_sitenote_active":false,"_monsterinsights_sitenote_note":"","_monsterinsights_sitenote_category":0,"footnotes":""},"class_list":["post-9191","page","type-page","status-publish","hentry"],"yoast_head":"<!-- This site is optimized with the Yoast SEO plugin v26.8 - https:\/\/yoast.com\/product\/yoast-seo-wordpress\/ -->\n<title>Bono Regalo - Taller Andaluz de Cocina<\/title>\n<meta name=\"robots\" content=\"index, follow, max-snippet:-1, max-image-preview:large, max-video-preview:-1\" \/>\n<link rel=\"canonical\" href=\"https:\/\/tallerandaluzdecocina.com\/espanol\/about-us-copy\/\" \/>\n<meta property=\"og:locale\" content=\"es_ES\" \/>\n<meta property=\"og:type\" content=\"article\" \/>\n<meta property=\"og:title\" content=\"Bono Regalo - Taller Andaluz de Cocina\" \/>\n<meta property=\"og:description\" content=\"[vc_row el_class=\u00bbcustom-content-main\u00bb css=\u00bb.vc_custom_1570430628723{padding-bottom: 30px !important;}\u00bb][vc_column][vc_row_inner][vc_column_inner width=\u00bb1\/2&#8243; css=\u00bb.vc_custom_1570436560714{margin-bottom: 30px !important;}\u00bb][vc_gallery interval=\u00bb3&#8243; images=\u00bb8818,8817,8816&#8243; img_size=\u00bblarge\u00bb onclick=\u00bb\u00bb][\/vc_column_inner][vc_column_inner el_class=\u00bbabout-us\u00bb width=\u00bb1\/2&#8243; css=\u00bb.vc_custom_1570436566276{margin-bottom: 30px !important;margin-left: 20px !important;}\u00bb][vc_column_text css=\u00bb.vc_custom_1638951121382{padding-bottom: 10px !important;}\u00bb] \u00bfHas pensado en ser original y regalar un Taller de Cocina? Ahora puedes hacerlo adquiriendo uno de nuestros bonos regalo, para que la persona que lo reciba se apunte al taller que m\u00e1s le guste. Nuestros talleres son pr\u00e1cticos y adaptados a todos los niveles, ya que\u00a0cocinaremos entre todos, los platos del men\u00fa, con la gu\u00eda de nuestros chefs profesionales y podr\u00e9is repetir la experiencia en casa siempre que quer\u00e1is con el recetario que os enviaremos por e-mail. Una vez cocinado entre todos los participantes en el taller los platos, nos sentamos todos juntos a almorzar o cenar (dependiendo del horario del taller) y lleva incluido hasta dos bebidas (vino, cerveza o refrescos) por persona. Nuestros bonos regalo pueden adquirirse en formato digital, tanto para clases presenciales como clases online o formato regalo (ver foto) para talleres presenciales, que tendr\u00eda un coste adicional de 1\u20ac. Si prefieres esta opci\u00f3n, por favor, consulta con nosotros el horario del d\u00eda cuando quieras pasar a recoger el bono.[\/vc_column_text][\/vc_column_inner][\/vc_row_inner][\/vc_column][\/vc_row][vc_row css=\u00bb.vc_custom_1570430812480{padding-top: 80px !important;padding-bottom: 30px !important;}\u00bb][vc_column][\/vc_column][\/vc_row]\" \/>\n<meta property=\"og:url\" content=\"https:\/\/tallerandaluzdecocina.com\/espanol\/about-us-copy\/\" \/>\n<meta property=\"og:site_name\" content=\"Taller Andaluz de Cocina\" \/>\n<meta property=\"article:modified_time\" content=\"2021-12-08T08:14:38+00:00\" \/>\n<meta name=\"twitter:card\" content=\"summary_large_image\" \/>\n<meta name=\"twitter:label1\" content=\"Tiempo de lectura\" \/>\n\t<meta name=\"twitter:data1\" content=\"2 minutos\" \/>\n<script type=\"application\/ld+json\" class=\"yoast-schema-graph\">{\"@context\":\"https:\/\/schema.org\",\"@graph\":[{\"@type\":\"WebPage\",\"@id\":\"https:\/\/tallerandaluzdecocina.com\/espanol\/about-us-copy\/\",\"url\":\"https:\/\/tallerandaluzdecocina.com\/espanol\/about-us-copy\/\",\"name\":\"Bono Regalo - Taller Andaluz de Cocina\",\"isPartOf\":{\"@id\":\"https:\/\/tallerandaluzdecocina.com\/espanol\/#website\"},\"datePublished\":\"2021-12-08T08:02:59+00:00\",\"dateModified\":\"2021-12-08T08:14:38+00:00\",\"breadcrumb\":{\"@id\":\"https:\/\/tallerandaluzdecocina.com\/espanol\/about-us-copy\/#breadcrumb\"},\"inLanguage\":\"es\",\"potentialAction\":[{\"@type\":\"ReadAction\",\"target\":[\"https:\/\/tallerandaluzdecocina.com\/espanol\/about-us-copy\/\"]}]},{\"@type\":\"BreadcrumbList\",\"@id\":\"https:\/\/tallerandaluzdecocina.com\/espanol\/about-us-copy\/#breadcrumb\",\"itemListElement\":[{\"@type\":\"ListItem\",\"position\":1,\"name\":\"Home\",\"item\":\"https:\/\/tallerandaluzdecocina.com\/espanol\/\"},{\"@type\":\"ListItem\",\"position\":2,\"name\":\"Bono Regalo\"}]},{\"@type\":\"WebSite\",\"@id\":\"https:\/\/tallerandaluzdecocina.com\/espanol\/#website\",\"url\":\"https:\/\/tallerandaluzdecocina.com\/espanol\/\",\"name\":\"Taller Andaluz de Cocina\",\"description\":\"Talleres de cocina de muy diversas nacionalidades\",\"potentialAction\":[{\"@type\":\"SearchAction\",\"target\":{\"@type\":\"EntryPoint\",\"urlTemplate\":\"https:\/\/tallerandaluzdecocina.com\/espanol\/?s={search_term_string}\"},\"query-input\":{\"@type\":\"PropertyValueSpecification\",\"valueRequired\":true,\"valueName\":\"search_term_string\"}}],\"inLanguage\":\"es\"}]}<\/script>\n<!-- \/ Yoast SEO plugin. -->","yoast_head_json":{"title":"Bono Regalo - Taller Andaluz de Cocina","robots":{"index":"index","follow":"follow","max-snippet":"max-snippet:-1","max-image-preview":"max-image-preview:large","max-video-preview":"max-video-preview:-1"},"canonical":"https:\/\/tallerandaluzdecocina.com\/espanol\/about-us-copy\/","og_locale":"es_ES","og_type":"article","og_title":"Bono Regalo - Taller Andaluz de Cocina","og_description":"[vc_row el_class=\u00bbcustom-content-main\u00bb css=\u00bb.vc_custom_1570430628723{padding-bottom: 30px !important;}\u00bb][vc_column][vc_row_inner][vc_column_inner width=\u00bb1\/2&#8243; css=\u00bb.vc_custom_1570436560714{margin-bottom: 30px !important;}\u00bb][vc_gallery interval=\u00bb3&#8243; images=\u00bb8818,8817,8816&#8243; img_size=\u00bblarge\u00bb onclick=\u00bb\u00bb][\/vc_column_inner][vc_column_inner el_class=\u00bbabout-us\u00bb width=\u00bb1\/2&#8243; css=\u00bb.vc_custom_1570436566276{margin-bottom: 30px !important;margin-left: 20px !important;}\u00bb][vc_column_text css=\u00bb.vc_custom_1638951121382{padding-bottom: 10px !important;}\u00bb] \u00bfHas pensado en ser original y regalar un Taller de Cocina? Ahora puedes hacerlo adquiriendo uno de nuestros bonos regalo, para que la persona que lo reciba se apunte al taller que m\u00e1s le guste. Nuestros talleres son pr\u00e1cticos y adaptados a todos los niveles, ya que\u00a0cocinaremos entre todos, los platos del men\u00fa, con la gu\u00eda de nuestros chefs profesionales y podr\u00e9is repetir la experiencia en casa siempre que quer\u00e1is con el recetario que os enviaremos por e-mail. Una vez cocinado entre todos los participantes en el taller los platos, nos sentamos todos juntos a almorzar o cenar (dependiendo del horario del taller) y lleva incluido hasta dos bebidas (vino, cerveza o refrescos) por persona. Nuestros bonos regalo pueden adquirirse en formato digital, tanto para clases presenciales como clases online o formato regalo (ver foto) para talleres presenciales, que tendr\u00eda un coste adicional de 1\u20ac. Si prefieres esta opci\u00f3n, por favor, consulta con nosotros el horario del d\u00eda cuando quieras pasar a recoger el bono.[\/vc_column_text][\/vc_column_inner][\/vc_row_inner][\/vc_column][\/vc_row][vc_row css=\u00bb.vc_custom_1570430812480{padding-top: 80px !important;padding-bottom: 30px !important;}\u00bb][vc_column][\/vc_column][\/vc_row]","og_url":"https:\/\/tallerandaluzdecocina.com\/espanol\/about-us-copy\/","og_site_name":"Taller Andaluz de Cocina","article_modified_time":"2021-12-08T08:14:38+00:00","twitter_card":"summary_large_image","twitter_misc":{"Tiempo de lectura":"2 minutos"},"schema":{"@context":"https:\/\/schema.org","@graph":[{"@type":"WebPage","@id":"https:\/\/tallerandaluzdecocina.com\/espanol\/about-us-copy\/","url":"https:\/\/tallerandaluzdecocina.com\/espanol\/about-us-copy\/","name":"Bono Regalo - Taller Andaluz de Cocina","isPartOf":{"@id":"https:\/\/tallerandaluzdecocina.com\/espanol\/#website"},"datePublished":"2021-12-08T08:02:59+00:00","dateModified":"2021-12-08T08:14:38+00:00","breadcrumb":{"@id":"https:\/\/tallerandaluzdecocina.com\/espanol\/about-us-copy\/#breadcrumb"},"inLanguage":"es","potentialAction":[{"@type":"ReadAction","target":["https:\/\/tallerandaluzdecocina.com\/espanol\/about-us-copy\/"]}]},{"@type":"BreadcrumbList","@id":"https:\/\/tallerandaluzdecocina.com\/espanol\/about-us-copy\/#breadcrumb","itemListElement":[{"@type":"ListItem","position":1,"name":"Home","item":"https:\/\/tallerandaluzdecocina.com\/espanol\/"},{"@type":"ListItem","position":2,"name":"Bono Regalo"}]},{"@type":"WebSite","@id":"https:\/\/tallerandaluzdecocina.com\/espanol\/#website","url":"https:\/\/tallerandaluzdecocina.com\/espanol\/","name":"Taller Andaluz de Cocina","description":"Talleres de cocina de muy diversas nacionalidades","potentialAction":[{"@type":"SearchAction","target":{"@type":"EntryPoint","urlTemplate":"https:\/\/tallerandaluzdecocina.com\/espanol\/?s={search_term_string}"},"query-input":{"@type":"PropertyValueSpecification","valueRequired":true,"valueName":"search_term_string"}}],"inLanguage":"es"}]}},"jetpack_sharing_enabled":false,"_links":{"self":[{"href":"https:\/\/tallerandaluzdecocina.com\/espanol\/wp-json\/wp\/v2\/pages\/9191","targetHints":{"allow":["GET"]}}],"collection":[{"href":"https:\/\/tallerandaluzdecocina.com\/espanol\/wp-json\/wp\/v2\/pages"}],"about":[{"href":"https:\/\/tallerandaluzdecocina.com\/espanol\/wp-json\/wp\/v2\/types\/page"}],"author":[{"embeddable":true,"href":"https:\/\/tallerandaluzdecocina.com\/espanol\/wp-json\/wp\/v2\/users\/1"}],"replies":[{"embeddable":true,"href":"https:\/\/tallerandaluzdecocina.com\/espanol\/wp-json\/wp\/v2\/comments?post=9191"}],"version-history":[{"count":5,"href":"https:\/\/tallerandaluzdecocina.com\/espanol\/wp-json\/wp\/v2\/pages\/9191\/revisions"}],"predecessor-version":[{"id":9197,"href":"https:\/\/tallerandaluzdecocina.com\/espanol\/wp-json\/wp\/v2\/pages\/9191\/revisions\/9197"}],"wp:attachment":[{"href":"https:\/\/tallerandaluzdecocina.com\/espanol\/wp-json\/wp\/v2\/media?parent=9191"}],"curies":[{"name":"wp","href":"https:\/\/api.w.org\/{rel}","templated":true}]}}