{"id":7881,"date":"2018-08-21T12:27:32","date_gmt":"2018-08-21T12:27:32","guid":{"rendered":"https:\/\/codezeel.com\/wordpress\/WCM01\/WCM010003\/terms-conditions\/"},"modified":"2024-12-02T18:55:00","modified_gmt":"2024-12-02T18:55:00","slug":"terms-conditions","status":"publish","type":"page","link":"https:\/\/tallerandaluzdecocina.com\/espanol\/terms-conditions\/","title":{"rendered":"Terms &#038; Conditions"},"content":{"rendered":"<p>Le informamos que el responsable del tratamiento de estos datos es Taller Andaluz de Cocina SL y la finalidad del mismo es la gesti\u00f3n, estudio y resoluci\u00f3n de las consultas efectuadas. Encontr\u00e1ndonos legitimados para este tratamiento a trav\u00e9s del consentimiento que nos est\u00e1 otorgando en este acto. Usted certifica que es mayor de 14 a\u00f1os y que por lo tanto posee la capacidad legal necesaria para la prestaci\u00f3n de este consentimiento y todo ello, de conformidad con lo establecido en la Pol\u00edtica de Privacidad. Puede usted acceder, rectificar y suprimir los datos, as\u00ed como otros derechos, como se explica en la informaci\u00f3n adicional. Puede consultar la informaci\u00f3n adicional y detallada sobre Protecci\u00f3n de Datos pinchando aqu\u00ed <a href=\"https:\/\/tallerandaluzdecocina.com\/espanol\/privacy-policy-2\/\" target=\"_blank\" rel=\"noopener\">+ Info<\/a> y sobre los temimos y condiciones de la copra pinchando aqu\u00ed <a href=\"https:\/\/tallerandaluzdecocina.com\/espanol\/condiciones-cancelacion\/\" target=\"_blank\" rel=\"noopener\">+ Info<\/a><\/p>\n","protected":false},"excerpt":{"rendered":"<p>Le informamos que el responsable del tratamiento de estos datos es Taller Andaluz de Cocina SL y la finalidad del mismo es la gesti\u00f3n, estudio y resoluci\u00f3n de las consultas efectuadas. Encontr\u00e1ndonos legitimados para este tratamiento a trav\u00e9s del consentimiento que nos est\u00e1 otorgando en este acto. Usted certifica que es mayor de 14 a\u00f1os y que por lo tanto posee la capacidad legal necesaria para la prestaci\u00f3n de este consentimiento y todo ello, de conformidad con lo establecido en la Pol\u00edtica de Privacidad. Puede usted acceder, rectificar y suprimir los datos, as\u00ed como otros derechos, como se explica en la informaci\u00f3n adicional. Puede consultar la informaci\u00f3n adicional y detallada sobre Protecci\u00f3n de Datos pinchando aqu\u00ed + Info y sobre los temimos y condiciones de la copra pinchando aqu\u00ed + Info<\/p>\n","protected":false},"author":1,"featured_media":0,"parent":0,"menu_order":0,"comment_status":"closed","ping_status":"closed","template":"","meta":{"_monsterinsights_skip_tracking":false,"_monsterinsights_sitenote_active":false,"_monsterinsights_sitenote_note":"","_monsterinsights_sitenote_category":0,"footnotes":""},"class_list":["post-7881","page","type-page","status-publish","hentry"],"yoast_head":"<!-- This site is optimized with the Yoast SEO plugin v26.8 - https:\/\/yoast.com\/product\/yoast-seo-wordpress\/ -->\n<title>Terms &amp; Conditions - Taller Andaluz de Cocina<\/title>\n<meta name=\"robots\" content=\"index, follow, max-snippet:-1, max-image-preview:large, max-video-preview:-1\" \/>\n<link rel=\"canonical\" href=\"https:\/\/tallerandaluzdecocina.com\/espanol\/terms-conditions\/\" \/>\n<meta property=\"og:locale\" content=\"es_ES\" \/>\n<meta property=\"og:type\" content=\"article\" \/>\n<meta property=\"og:title\" content=\"Terms &amp; Conditions - Taller Andaluz de Cocina\" \/>\n<meta property=\"og:description\" content=\"Le informamos que el responsable del tratamiento de estos datos es Taller Andaluz de Cocina SL y la finalidad del mismo es la gesti\u00f3n, estudio y resoluci\u00f3n de las consultas efectuadas. Encontr\u00e1ndonos legitimados para este tratamiento a trav\u00e9s del consentimiento que nos est\u00e1 otorgando en este acto. Usted certifica que es mayor de 14 a\u00f1os y que por lo tanto posee la capacidad legal necesaria para la prestaci\u00f3n de este consentimiento y todo ello, de conformidad con lo establecido en la Pol\u00edtica de Privacidad. Puede usted acceder, rectificar y suprimir los datos, as\u00ed como otros derechos, como se explica en la informaci\u00f3n adicional. Puede consultar la informaci\u00f3n adicional y detallada sobre Protecci\u00f3n de Datos pinchando aqu\u00ed + Info y sobre los temimos y condiciones de la copra pinchando aqu\u00ed + Info\" \/>\n<meta property=\"og:url\" content=\"https:\/\/tallerandaluzdecocina.com\/espanol\/terms-conditions\/\" \/>\n<meta property=\"og:site_name\" content=\"Taller Andaluz de Cocina\" \/>\n<meta property=\"article:modified_time\" content=\"2024-12-02T18:55:00+00:00\" \/>\n<meta name=\"twitter:card\" content=\"summary_large_image\" \/>\n<meta name=\"twitter:label1\" content=\"Tiempo de lectura\" \/>\n\t<meta name=\"twitter:data1\" content=\"1 minuto\" \/>\n<script type=\"application\/ld+json\" class=\"yoast-schema-graph\">{\"@context\":\"https:\/\/schema.org\",\"@graph\":[{\"@type\":\"WebPage\",\"@id\":\"https:\/\/tallerandaluzdecocina.com\/espanol\/terms-conditions\/\",\"url\":\"https:\/\/tallerandaluzdecocina.com\/espanol\/terms-conditions\/\",\"name\":\"Terms & Conditions - Taller Andaluz de Cocina\",\"isPartOf\":{\"@id\":\"https:\/\/tallerandaluzdecocina.com\/espanol\/#website\"},\"datePublished\":\"2018-08-21T12:27:32+00:00\",\"dateModified\":\"2024-12-02T18:55:00+00:00\",\"breadcrumb\":{\"@id\":\"https:\/\/tallerandaluzdecocina.com\/espanol\/terms-conditions\/#breadcrumb\"},\"inLanguage\":\"es\",\"potentialAction\":[{\"@type\":\"ReadAction\",\"target\":[\"https:\/\/tallerandaluzdecocina.com\/espanol\/terms-conditions\/\"]}]},{\"@type\":\"BreadcrumbList\",\"@id\":\"https:\/\/tallerandaluzdecocina.com\/espanol\/terms-conditions\/#breadcrumb\",\"itemListElement\":[{\"@type\":\"ListItem\",\"position\":1,\"name\":\"Home\",\"item\":\"https:\/\/tallerandaluzdecocina.com\/espanol\/\"},{\"@type\":\"ListItem\",\"position\":2,\"name\":\"Terms &#038; Conditions\"}]},{\"@type\":\"WebSite\",\"@id\":\"https:\/\/tallerandaluzdecocina.com\/espanol\/#website\",\"url\":\"https:\/\/tallerandaluzdecocina.com\/espanol\/\",\"name\":\"Taller Andaluz de Cocina\",\"description\":\"Talleres de cocina de muy diversas nacionalidades\",\"potentialAction\":[{\"@type\":\"SearchAction\",\"target\":{\"@type\":\"EntryPoint\",\"urlTemplate\":\"https:\/\/tallerandaluzdecocina.com\/espanol\/?s={search_term_string}\"},\"query-input\":{\"@type\":\"PropertyValueSpecification\",\"valueRequired\":true,\"valueName\":\"search_term_string\"}}],\"inLanguage\":\"es\"}]}<\/script>\n<!-- \/ Yoast SEO plugin. -->","yoast_head_json":{"title":"Terms & Conditions - Taller Andaluz de Cocina","robots":{"index":"index","follow":"follow","max-snippet":"max-snippet:-1","max-image-preview":"max-image-preview:large","max-video-preview":"max-video-preview:-1"},"canonical":"https:\/\/tallerandaluzdecocina.com\/espanol\/terms-conditions\/","og_locale":"es_ES","og_type":"article","og_title":"Terms & Conditions - Taller Andaluz de Cocina","og_description":"Le informamos que el responsable del tratamiento de estos datos es Taller Andaluz de Cocina SL y la finalidad del mismo es la gesti\u00f3n, estudio y resoluci\u00f3n de las consultas efectuadas. Encontr\u00e1ndonos legitimados para este tratamiento a trav\u00e9s del consentimiento que nos est\u00e1 otorgando en este acto. Usted certifica que es mayor de 14 a\u00f1os y que por lo tanto posee la capacidad legal necesaria para la prestaci\u00f3n de este consentimiento y todo ello, de conformidad con lo establecido en la Pol\u00edtica de Privacidad. Puede usted acceder, rectificar y suprimir los datos, as\u00ed como otros derechos, como se explica en la informaci\u00f3n adicional. Puede consultar la informaci\u00f3n adicional y detallada sobre Protecci\u00f3n de Datos pinchando aqu\u00ed + Info y sobre los temimos y condiciones de la copra pinchando aqu\u00ed + Info","og_url":"https:\/\/tallerandaluzdecocina.com\/espanol\/terms-conditions\/","og_site_name":"Taller Andaluz de Cocina","article_modified_time":"2024-12-02T18:55:00+00:00","twitter_card":"summary_large_image","twitter_misc":{"Tiempo de lectura":"1 minuto"},"schema":{"@context":"https:\/\/schema.org","@graph":[{"@type":"WebPage","@id":"https:\/\/tallerandaluzdecocina.com\/espanol\/terms-conditions\/","url":"https:\/\/tallerandaluzdecocina.com\/espanol\/terms-conditions\/","name":"Terms & Conditions - Taller Andaluz de Cocina","isPartOf":{"@id":"https:\/\/tallerandaluzdecocina.com\/espanol\/#website"},"datePublished":"2018-08-21T12:27:32+00:00","dateModified":"2024-12-02T18:55:00+00:00","breadcrumb":{"@id":"https:\/\/tallerandaluzdecocina.com\/espanol\/terms-conditions\/#breadcrumb"},"inLanguage":"es","potentialAction":[{"@type":"ReadAction","target":["https:\/\/tallerandaluzdecocina.com\/espanol\/terms-conditions\/"]}]},{"@type":"BreadcrumbList","@id":"https:\/\/tallerandaluzdecocina.com\/espanol\/terms-conditions\/#breadcrumb","itemListElement":[{"@type":"ListItem","position":1,"name":"Home","item":"https:\/\/tallerandaluzdecocina.com\/espanol\/"},{"@type":"ListItem","position":2,"name":"Terms &#038; Conditions"}]},{"@type":"WebSite","@id":"https:\/\/tallerandaluzdecocina.com\/espanol\/#website","url":"https:\/\/tallerandaluzdecocina.com\/espanol\/","name":"Taller Andaluz de Cocina","description":"Talleres de cocina de muy diversas nacionalidades","potentialAction":[{"@type":"SearchAction","target":{"@type":"EntryPoint","urlTemplate":"https:\/\/tallerandaluzdecocina.com\/espanol\/?s={search_term_string}"},"query-input":{"@type":"PropertyValueSpecification","valueRequired":true,"valueName":"search_term_string"}}],"inLanguage":"es"}]}},"jetpack_sharing_enabled":true,"_links":{"self":[{"href":"https:\/\/tallerandaluzdecocina.com\/espanol\/wp-json\/wp\/v2\/pages\/7881","targetHints":{"allow":["GET"]}}],"collection":[{"href":"https:\/\/tallerandaluzdecocina.com\/espanol\/wp-json\/wp\/v2\/pages"}],"about":[{"href":"https:\/\/tallerandaluzdecocina.com\/espanol\/wp-json\/wp\/v2\/types\/page"}],"author":[{"embeddable":true,"href":"https:\/\/tallerandaluzdecocina.com\/espanol\/wp-json\/wp\/v2\/users\/1"}],"replies":[{"embeddable":true,"href":"https:\/\/tallerandaluzdecocina.com\/espanol\/wp-json\/wp\/v2\/comments?post=7881"}],"version-history":[{"count":2,"href":"https:\/\/tallerandaluzdecocina.com\/espanol\/wp-json\/wp\/v2\/pages\/7881\/revisions"}],"predecessor-version":[{"id":9893,"href":"https:\/\/tallerandaluzdecocina.com\/espanol\/wp-json\/wp\/v2\/pages\/7881\/revisions\/9893"}],"wp:attachment":[{"href":"https:\/\/tallerandaluzdecocina.com\/espanol\/wp-json\/wp\/v2\/media?parent=7881"}],"curies":[{"name":"wp","href":"https:\/\/api.w.org\/{rel}","templated":true}]}}