{"id":2486,"date":"2016-03-04T12:44:23","date_gmt":"2016-03-04T12:44:23","guid":{"rendered":"https:\/\/codezeel.com\/wordpress\/WCM01\/WCM010003\/product\/sed-eget-turpis\/"},"modified":"2025-12-22T09:39:40","modified_gmt":"2025-12-22T09:39:40","slug":"tour-tastings","status":"publish","type":"product","link":"https:\/\/tallerandaluzdecocina.com\/english\/producto\/tour-tastings\/","title":{"rendered":"Triana Market Tour With Tastings (2,5h.)"},"content":{"rendered":"<h3><strong>Location and Contact Information:<\/strong><\/h3>\n<p data-start=\"369\" data-end=\"465\"><strong data-start=\"369\" data-end=\"396\">TRIANA MARKET KITCHENS:<\/strong>\u00a0<a href=\"https:\/\/tallerandaluzdecocina.com\/english\/our-kitchens\/\">Triana Market. Stalls 75\u201379. Plaza del Altozano s\/n. 41010. Seville.<\/a><\/p>\n<p data-start=\"635\" data-end=\"706\"><strong data-start=\"635\" data-end=\"645\">Phone:<\/strong>\u00a0+34 672 16 26 21<br data-start=\"662\" data-end=\"665\" \/><strong data-start=\"665\" data-end=\"675\">Email:<\/strong>\u00a0<a class=\"decorated-link cursor-pointer\" rel=\"noopener\" data-start=\"676\" data-end=\"706\">info@tallerandaluzdecocina.com<\/a><\/p>\n<h3><\/h3>\n<h3><strong>How do the classes and tours work?<\/strong><\/h3>\n<p>Once you have booked an activity, you can make any changes or cancel it up to 48 hours before the start time for a full refund.<\/p>\n<p align=\"left\"><u>Remember that you must notify us in advance if any of the people participating in the activity has any food allergy or restriction.\u00a0<\/u><\/p>\n<p>The classes and tours may be canceled if a minimum number of participants is not reached. We would notify you more than 48 hours in advance and try to reschedule you. In case this is not possible, a full refund will be made.<\/p>\n<h3>Calendar<\/h3>\n<p align=\"justify\">See the tour schedule <a href=\"https:\/\/tallerandaluzdecocina.com\/english\/calendario\/\">here<\/a>.<\/p>\n<h3>Any questions?<\/h3>\n<p align=\"justify\">If you have any questions, you can consult the Help and FAQs or contact us directly by phone at 0034 672 16 26 21 or email at\u00a0<strong>info@tallerandaluzdecocina.com<\/strong>.<\/p>\n","protected":false},"excerpt":{"rendered":"<p><span style=\"font-weight: 400;\">Meet the friendly and enthusiastic guides from Taller Andaluz de Cocina, our cooking school located in one of Seville\u2019s oldest food markets. Passionate about local food and wines, we love sharing our knowledge of the region\u2019s mouth-watering produce and ingredients: the finest jam\u00f3n ib\u00e9rico de bellota, rich sherry from Jerez, delectable olives from Seville, gourmet cheeses from C\u00e1diz, fresh shellfish from Huelva, and tropical fruits from Granada and M\u00e1laga.<\/span><\/p>\n<p><span style=\"font-weight: 400;\">Immerse yourself in the vibrant market life with our insider\u2019s experience, savoring the sights and smells of this traditional market as we introduce you to vendors and their local products. With our deep knowledge of Triana Market, we\u2019re excited to offer you unique insights into the history and traditions behind the gastronomy that forms the rich tapestry of Andalusian and Spanish cuisine.<\/span><\/p>\n<p><span style=\"font-weight: 400;\">Some of the stops and over 15 tastings include:<\/span><\/p>\n<ul>\n<li style=\"font-weight: 400;\" aria-level=\"1\"><span style=\"font-weight: 400;\">Seasonal fruits from Southern Spain.<\/span><\/li>\n<li style=\"font-weight: 400;\" aria-level=\"1\"><span style=\"font-weight: 400;\">Various types of table olives from Seville.<\/span><\/li>\n<li style=\"font-weight: 400;\" aria-level=\"1\"><span style=\"font-weight: 400;\">A variety of Iberian charcuterie, including of course Jam\u00f3n Ib\u00e9rico, made from pure Black Iberian pigs.<\/span><\/li>\n<li style=\"font-weight: 400;\" aria-level=\"1\"><span style=\"font-weight: 400;\">A selection of Spanish cheeses, like Manchego, our internationally renowned cheese.<\/span><\/li>\n<li style=\"font-weight: 400;\" aria-level=\"1\"><span style=\"font-weight: 400;\">Traditional Andalusian sweets.<\/span><\/li>\n<li style=\"font-weight: 400;\" aria-level=\"1\"><span style=\"font-weight: 400;\">A range of sherry wines, from the driest Manzanilla to the sweetest Pedro Xim\u00e9nez.<\/span><\/li>\n<\/ul>\n<p><strong>Please let us know about any dietary restrictions or allergies. Unfortunately, we are unable to accommodate substitutions for vegetarians.<\/strong><\/p>\n<p><span style=\"font-weight: 400;\">Join us in this tour through ancient flavors and culinary traditions!<\/span><\/p>\n<p>Activity duration:<\/p>\n<ul>\n<li>2.5 hours<\/li>\n<\/ul>\n<p>Language:<\/p>\n<ul>\n<li><strong>English<\/strong><\/li>\n<\/ul>\n<p><a class=\"single_add_to_cart_button button alt\" href=\"https:\/\/tallerandaluzdecocina.com\/english\/calendario\/\" target=\"_blank\" rel=\"noopener\">Book here<\/a><\/p>\n","protected":false},"featured_media":10062,"template":"","meta":{"_monsterinsights_skip_tracking":false,"_monsterinsights_sitenote_active":false,"_monsterinsights_sitenote_note":"","_monsterinsights_sitenote_category":0,"_themeisle_gutenberg_block_has_review":false},"product_brand":[],"product_cat":[37],"product_tag":[],"class_list":{"0":"post-2486","1":"product","2":"type-product","3":"status-publish","4":"has-post-thumbnail","6":"product_cat-classes-and-tours","9":"first","10":"instock","11":"virtual","12":"purchasable","13":"product-type-simple"},"yoast_head":"<!-- This site is optimized with the Yoast SEO plugin v26.8 - https:\/\/yoast.com\/product\/yoast-seo-wordpress\/ -->\n<title>Triana Market Tour With Tastings (2,5h.) - Taller Andaluz de Cocina<\/title>\n<meta name=\"robots\" content=\"index, follow, max-snippet:-1, max-image-preview:large, max-video-preview:-1\" \/>\n<link rel=\"canonical\" href=\"https:\/\/tallerandaluzdecocina.com\/english\/producto\/tour-tastings\/\" \/>\n<meta property=\"og:locale\" content=\"en_US\" \/>\n<meta property=\"og:type\" content=\"article\" \/>\n<meta property=\"og:title\" content=\"Triana Market Tour With Tastings (2,5h.) - Taller Andaluz de Cocina\" \/>\n<meta property=\"og:description\" content=\"Meet the friendly and enthusiastic guides from Taller Andaluz de Cocina, our cooking school located in one of Seville\u2019s oldest food markets. Passionate about local food and wines, we love sharing our knowledge of the region\u2019s mouth-watering produce and ingredients: the finest jam\u00f3n ib\u00e9rico de bellota, rich sherry from Jerez, delectable olives from Seville, gourmet cheeses from C\u00e1diz, fresh shellfish from Huelva, and tropical fruits from Granada and M\u00e1laga.  Immerse yourself in the vibrant market life with our insider\u2019s experience, savoring the sights and smells of this traditional market as we introduce you to vendors and their local products. With our deep knowledge of Triana Market, we\u2019re excited to offer you unique insights into the history and traditions behind the gastronomy that forms the rich tapestry of Andalusian and Spanish cuisine.  Some of the stops and over 15 tastings include:   Seasonal fruits from Southern Spain.  Various types of table olives from Seville.  A variety of Iberian charcuterie, including of course Jam\u00f3n Ib\u00e9rico, made from pure Black Iberian pigs.  A selection of Spanish cheeses, like Manchego, our internationally renowned cheese.  Traditional Andalusian sweets.  A range of sherry wines, from the driest Manzanilla to the sweetest Pedro Xim\u00e9nez.  Please let us know about any dietary restrictions or allergies. Unfortunately, we are unable to accommodate substitutions for vegetarians.  Join us in this tour through ancient flavors and culinary traditions!  Activity duration:   2.5 hours  Language:   English  Book here\" \/>\n<meta property=\"og:url\" content=\"https:\/\/tallerandaluzdecocina.com\/english\/producto\/tour-tastings\/\" \/>\n<meta property=\"og:site_name\" content=\"Taller Andaluz de Cocina\" \/>\n<meta property=\"article:modified_time\" content=\"2025-12-22T09:39:40+00:00\" \/>\n<meta property=\"og:image\" content=\"https:\/\/tallerandaluzdecocina.com\/english\/wp-content\/uploads\/2016\/03\/aceitunas3-scaled-1.jpg\" \/>\n\t<meta property=\"og:image:width\" content=\"1707\" \/>\n\t<meta property=\"og:image:height\" content=\"1707\" \/>\n\t<meta property=\"og:image:type\" content=\"image\/jpeg\" \/>\n<meta name=\"twitter:card\" content=\"summary_large_image\" \/>\n<meta name=\"twitter:label1\" content=\"Est. reading time\" \/>\n\t<meta name=\"twitter:data1\" content=\"1 minute\" \/>\n<script type=\"application\/ld+json\" class=\"yoast-schema-graph\">{\"@context\":\"https:\/\/schema.org\",\"@graph\":[{\"@type\":\"WebPage\",\"@id\":\"https:\/\/tallerandaluzdecocina.com\/english\/producto\/tour-tastings\/\",\"url\":\"https:\/\/tallerandaluzdecocina.com\/english\/producto\/tour-tastings\/\",\"name\":\"Triana Market Tour With Tastings (2,5h.) - Taller Andaluz de Cocina\",\"isPartOf\":{\"@id\":\"https:\/\/tallerandaluzdecocina.com\/english\/#website\"},\"primaryImageOfPage\":{\"@id\":\"https:\/\/tallerandaluzdecocina.com\/english\/producto\/tour-tastings\/#primaryimage\"},\"image\":{\"@id\":\"https:\/\/tallerandaluzdecocina.com\/english\/producto\/tour-tastings\/#primaryimage\"},\"thumbnailUrl\":\"https:\/\/tallerandaluzdecocina.com\/english\/wp-content\/uploads\/2016\/03\/aceitunas3-scaled-1.jpg\",\"datePublished\":\"2016-03-04T12:44:23+00:00\",\"dateModified\":\"2025-12-22T09:39:40+00:00\",\"breadcrumb\":{\"@id\":\"https:\/\/tallerandaluzdecocina.com\/english\/producto\/tour-tastings\/#breadcrumb\"},\"inLanguage\":\"en-US\",\"potentialAction\":[{\"@type\":\"ReadAction\",\"target\":[\"https:\/\/tallerandaluzdecocina.com\/english\/producto\/tour-tastings\/\"]}]},{\"@type\":\"ImageObject\",\"inLanguage\":\"en-US\",\"@id\":\"https:\/\/tallerandaluzdecocina.com\/english\/producto\/tour-tastings\/#primaryimage\",\"url\":\"https:\/\/tallerandaluzdecocina.com\/english\/wp-content\/uploads\/2016\/03\/aceitunas3-scaled-1.jpg\",\"contentUrl\":\"https:\/\/tallerandaluzdecocina.com\/english\/wp-content\/uploads\/2016\/03\/aceitunas3-scaled-1.jpg\",\"width\":1707,\"height\":1707},{\"@type\":\"BreadcrumbList\",\"@id\":\"https:\/\/tallerandaluzdecocina.com\/english\/producto\/tour-tastings\/#breadcrumb\",\"itemListElement\":[{\"@type\":\"ListItem\",\"position\":1,\"name\":\"Home\",\"item\":\"https:\/\/tallerandaluzdecocina.com\/english\/\"},{\"@type\":\"ListItem\",\"position\":2,\"name\":\"Tienda\",\"item\":\"https:\/\/tallerandaluzdecocina.com\/english\/tienda\/\"},{\"@type\":\"ListItem\",\"position\":3,\"name\":\"Triana Market Tour With Tastings (2,5h.)\"}]},{\"@type\":\"WebSite\",\"@id\":\"https:\/\/tallerandaluzdecocina.com\/english\/#website\",\"url\":\"https:\/\/tallerandaluzdecocina.com\/english\/\",\"name\":\"Taller Andaluz de Cocina\",\"description\":\"Talleres de cocina de muy diversas nacionalidades\",\"potentialAction\":[{\"@type\":\"SearchAction\",\"target\":{\"@type\":\"EntryPoint\",\"urlTemplate\":\"https:\/\/tallerandaluzdecocina.com\/english\/?s={search_term_string}\"},\"query-input\":{\"@type\":\"PropertyValueSpecification\",\"valueRequired\":true,\"valueName\":\"search_term_string\"}}],\"inLanguage\":\"en-US\"}]}<\/script>\n<!-- \/ Yoast SEO plugin. -->","yoast_head_json":{"title":"Triana Market Tour With Tastings (2,5h.) - Taller Andaluz de Cocina","robots":{"index":"index","follow":"follow","max-snippet":"max-snippet:-1","max-image-preview":"max-image-preview:large","max-video-preview":"max-video-preview:-1"},"canonical":"https:\/\/tallerandaluzdecocina.com\/english\/producto\/tour-tastings\/","og_locale":"en_US","og_type":"article","og_title":"Triana Market Tour With Tastings (2,5h.) - Taller Andaluz de Cocina","og_description":"Meet the friendly and enthusiastic guides from Taller Andaluz de Cocina, our cooking school located in one of Seville\u2019s oldest food markets. Passionate about local food and wines, we love sharing our knowledge of the region\u2019s mouth-watering produce and ingredients: the finest jam\u00f3n ib\u00e9rico de bellota, rich sherry from Jerez, delectable olives from Seville, gourmet cheeses from C\u00e1diz, fresh shellfish from Huelva, and tropical fruits from Granada and M\u00e1laga.  Immerse yourself in the vibrant market life with our insider\u2019s experience, savoring the sights and smells of this traditional market as we introduce you to vendors and their local products. With our deep knowledge of Triana Market, we\u2019re excited to offer you unique insights into the history and traditions behind the gastronomy that forms the rich tapestry of Andalusian and Spanish cuisine.  Some of the stops and over 15 tastings include:   Seasonal fruits from Southern Spain.  Various types of table olives from Seville.  A variety of Iberian charcuterie, including of course Jam\u00f3n Ib\u00e9rico, made from pure Black Iberian pigs.  A selection of Spanish cheeses, like Manchego, our internationally renowned cheese.  Traditional Andalusian sweets.  A range of sherry wines, from the driest Manzanilla to the sweetest Pedro Xim\u00e9nez.  Please let us know about any dietary restrictions or allergies. Unfortunately, we are unable to accommodate substitutions for vegetarians.  Join us in this tour through ancient flavors and culinary traditions!  Activity duration:   2.5 hours  Language:   English  Book here","og_url":"https:\/\/tallerandaluzdecocina.com\/english\/producto\/tour-tastings\/","og_site_name":"Taller Andaluz de Cocina","article_modified_time":"2025-12-22T09:39:40+00:00","og_image":[{"width":1707,"height":1707,"url":"https:\/\/tallerandaluzdecocina.com\/english\/wp-content\/uploads\/2016\/03\/aceitunas3-scaled-1.jpg","type":"image\/jpeg"}],"twitter_card":"summary_large_image","twitter_misc":{"Est. reading time":"1 minute"},"schema":{"@context":"https:\/\/schema.org","@graph":[{"@type":"WebPage","@id":"https:\/\/tallerandaluzdecocina.com\/english\/producto\/tour-tastings\/","url":"https:\/\/tallerandaluzdecocina.com\/english\/producto\/tour-tastings\/","name":"Triana Market Tour With Tastings (2,5h.) - Taller Andaluz de Cocina","isPartOf":{"@id":"https:\/\/tallerandaluzdecocina.com\/english\/#website"},"primaryImageOfPage":{"@id":"https:\/\/tallerandaluzdecocina.com\/english\/producto\/tour-tastings\/#primaryimage"},"image":{"@id":"https:\/\/tallerandaluzdecocina.com\/english\/producto\/tour-tastings\/#primaryimage"},"thumbnailUrl":"https:\/\/tallerandaluzdecocina.com\/english\/wp-content\/uploads\/2016\/03\/aceitunas3-scaled-1.jpg","datePublished":"2016-03-04T12:44:23+00:00","dateModified":"2025-12-22T09:39:40+00:00","breadcrumb":{"@id":"https:\/\/tallerandaluzdecocina.com\/english\/producto\/tour-tastings\/#breadcrumb"},"inLanguage":"en-US","potentialAction":[{"@type":"ReadAction","target":["https:\/\/tallerandaluzdecocina.com\/english\/producto\/tour-tastings\/"]}]},{"@type":"ImageObject","inLanguage":"en-US","@id":"https:\/\/tallerandaluzdecocina.com\/english\/producto\/tour-tastings\/#primaryimage","url":"https:\/\/tallerandaluzdecocina.com\/english\/wp-content\/uploads\/2016\/03\/aceitunas3-scaled-1.jpg","contentUrl":"https:\/\/tallerandaluzdecocina.com\/english\/wp-content\/uploads\/2016\/03\/aceitunas3-scaled-1.jpg","width":1707,"height":1707},{"@type":"BreadcrumbList","@id":"https:\/\/tallerandaluzdecocina.com\/english\/producto\/tour-tastings\/#breadcrumb","itemListElement":[{"@type":"ListItem","position":1,"name":"Home","item":"https:\/\/tallerandaluzdecocina.com\/english\/"},{"@type":"ListItem","position":2,"name":"Tienda","item":"https:\/\/tallerandaluzdecocina.com\/english\/tienda\/"},{"@type":"ListItem","position":3,"name":"Triana Market Tour With Tastings (2,5h.)"}]},{"@type":"WebSite","@id":"https:\/\/tallerandaluzdecocina.com\/english\/#website","url":"https:\/\/tallerandaluzdecocina.com\/english\/","name":"Taller Andaluz de Cocina","description":"Talleres de cocina de muy diversas nacionalidades","potentialAction":[{"@type":"SearchAction","target":{"@type":"EntryPoint","urlTemplate":"https:\/\/tallerandaluzdecocina.com\/english\/?s={search_term_string}"},"query-input":{"@type":"PropertyValueSpecification","valueRequired":true,"valueName":"search_term_string"}}],"inLanguage":"en-US"}]}},"jetpack_sharing_enabled":true,"_links":{"self":[{"href":"https:\/\/tallerandaluzdecocina.com\/english\/wp-json\/wp\/v2\/product\/2486","targetHints":{"allow":["GET"]}}],"collection":[{"href":"https:\/\/tallerandaluzdecocina.com\/english\/wp-json\/wp\/v2\/product"}],"about":[{"href":"https:\/\/tallerandaluzdecocina.com\/english\/wp-json\/wp\/v2\/types\/product"}],"wp:featuredmedia":[{"embeddable":true,"href":"https:\/\/tallerandaluzdecocina.com\/english\/wp-json\/wp\/v2\/media\/10062"}],"wp:attachment":[{"href":"https:\/\/tallerandaluzdecocina.com\/english\/wp-json\/wp\/v2\/media?parent=2486"}],"wp:term":[{"taxonomy":"product_brand","embeddable":true,"href":"https:\/\/tallerandaluzdecocina.com\/english\/wp-json\/wp\/v2\/product_brand?post=2486"},{"taxonomy":"product_cat","embeddable":true,"href":"https:\/\/tallerandaluzdecocina.com\/english\/wp-json\/wp\/v2\/product_cat?post=2486"},{"taxonomy":"product_tag","embeddable":true,"href":"https:\/\/tallerandaluzdecocina.com\/english\/wp-json\/wp\/v2\/product_tag?post=2486"}],"curies":[{"name":"wp","href":"https:\/\/api.w.org\/{rel}","templated":true}]}}